{"id":88,"date":"2024-06-04T08:20:24","date_gmt":"2024-06-04T06:20:24","guid":{"rendered":"http:\/\/511084034.swh.strato-hosting.eu\/salzgrotte\/?page_id=88"},"modified":"2024-08-19T23:11:42","modified_gmt":"2024-08-19T21:11:42","slug":"ueber-uns","status":"publish","type":"page","link":"https:\/\/www.bocholterinhalationen.de\/salzgrotte\/ueber-uns\/","title":{"rendered":"\u00dcber uns"},"content":{"rendered":"\n<h3 class=\"wp-block-heading\"><strong>Unsere Geschichte: Wie alles begann<\/strong><\/h3>\n\n\n\n<p>Alles begann mit unserem Familienpony Blacky im Jahr 2019. Blacky litt unter chronischen Atemwegsbeschwerden und war aus tier\u00e4rztlicher Sicht bereits austherapiert. Die Empfehlung, ihn seinen Lebensabend an der Nordsee verbringen zu lassen, war f\u00fcr uns keine Option. Wir wollten Blacky nicht aufgeben und suchten nach einer L\u00f6sung, um das heilsame Meeresklima zu uns nach Bocholt ins M\u00fcnsterland zu holen. So nahm die Geschichte unseres Unternehmens, der Bocholter Inhalationen, ihren Anfang.<\/p>\n\n\n\n<p>Unser Firmeninhaber, Mike L\u00fctfrink, entwickelte den ersten Solevernebler, der erfolgreich bei Blacky eingesetzt wurde. Schnell erkannten wir das enorme Potenzial f\u00fcr Solevernebelung bei Tieren und brachten unsere Vernebler in Serie. Die ersten Sole-Anh\u00e4nger wurden vermietet, und unser Kundenstamm wuchs stetig. Dank unseres patentierten Systems konnten wir das Wohlbefinden vieler Pferde deutlich verbessern.<\/p>\n\n\n\n<p>Im Jahr 2023 stie\u00dfen wir auf die seit einiger Zeit leer stehende Salzgrotte am Ostwall in unserer Heimatstadt Bocholt im Kreis Borken. Es war f\u00fcr uns direkt klar, dass die Salzgrotte perfekt zu uns passen w\u00fcrde und wir unser Gesch\u00e4ftsfeld um die Salzgrotte mit angeschlossener Solevernebelung f\u00fcr Menschen und Kleintiere erweitern wollten. Heute umfasst unser Angebot den wohltuenden Besuch in unserer Salzgrotte, die gesundheitsf\u00f6rdernde Solevernebelung f\u00fcr Mensch und Tier, zahlreiche Sole-Produkte in unserem Shop sowie die Marken Bemer und Hypoxi. In unseren R\u00e4umlichkeiten stehen wir Ihnen gerne als kompetenter Ansprechpartner f\u00fcr Ihr Wohlbefinden zur Seite<\/p>\n","protected":false},"excerpt":{"rendered":"<p>Unsere Geschichte: Wie alles begann Alles begann mit unserem Familienpony Blacky im Jahr 2019. Blacky litt unter chronischen Atemwegsbeschwerden und war aus tier\u00e4rztlicher Sicht bereits austherapiert. Die Empfehlung, ihn seinen &hellip; <\/p>\n","protected":false},"author":1,"featured_media":320,"parent":0,"menu_order":0,"comment_status":"closed","ping_status":"closed","template":"","meta":{"footnotes":""},"class_list":["post-88","page","type-page","status-publish","has-post-thumbnail","hentry"],"yoast_head":"<!-- This site is optimized with the Yoast SEO plugin v23.9 - https:\/\/yoast.com\/wordpress\/plugins\/seo\/ -->\n<title>\u00dcber uns - Bocholter Salzgrotte<\/title>\n<meta name=\"robots\" content=\"index, follow, max-snippet:-1, max-image-preview:large, max-video-preview:-1\" \/>\n<link rel=\"canonical\" href=\"https:\/\/www.bocholterinhalationen.de\/salzgrotte\/ueber-uns\/\" \/>\n<meta property=\"og:locale\" content=\"de_DE\" \/>\n<meta property=\"og:type\" content=\"article\" \/>\n<meta property=\"og:title\" content=\"\u00dcber uns - Bocholter Salzgrotte\" \/>\n<meta property=\"og:description\" content=\"Unsere Geschichte: Wie alles begann Alles begann mit unserem Familienpony Blacky im Jahr 2019. Blacky litt unter chronischen Atemwegsbeschwerden und war aus tier\u00e4rztlicher Sicht bereits austherapiert. Die Empfehlung, ihn seinen &hellip;\" \/>\n<meta property=\"og:url\" content=\"https:\/\/www.bocholterinhalationen.de\/salzgrotte\/ueber-uns\/\" \/>\n<meta property=\"og:site_name\" content=\"Bocholter Salzgrotte\" \/>\n<meta property=\"article:publisher\" content=\"https:\/\/www.facebook.com\/bocholtersalzgrotte\" \/>\n<meta property=\"article:modified_time\" content=\"2024-08-19T21:11:42+00:00\" \/>\n<meta property=\"og:image\" content=\"https:\/\/www.bocholterinhalationen.de\/salzgrotte\/wp-content\/uploads\/2024\/08\/Bocholter_Salzgrotte_Header_Ueber_uns_1920x700px-scaled.jpg\" \/>\n\t<meta property=\"og:image:width\" content=\"2560\" \/>\n\t<meta property=\"og:image:height\" content=\"934\" \/>\n\t<meta property=\"og:image:type\" content=\"image\/jpeg\" \/>\n<meta name=\"twitter:card\" content=\"summary_large_image\" \/>\n<meta name=\"twitter:label1\" content=\"Gesch\u00e4tzte Lesezeit\" \/>\n\t<meta name=\"twitter:data1\" content=\"1\u00a0Minute\" \/>\n<script type=\"application\/ld+json\" class=\"yoast-schema-graph\">{\"@context\":\"https:\/\/schema.org\",\"@graph\":[{\"@type\":\"WebPage\",\"@id\":\"https:\/\/www.bocholterinhalationen.de\/salzgrotte\/ueber-uns\/\",\"url\":\"https:\/\/www.bocholterinhalationen.de\/salzgrotte\/ueber-uns\/\",\"name\":\"\u00dcber uns - Bocholter Salzgrotte\",\"isPartOf\":{\"@id\":\"https:\/\/www.bocholterinhalationen.de\/salzgrotte\/#website\"},\"primaryImageOfPage\":{\"@id\":\"https:\/\/www.bocholterinhalationen.de\/salzgrotte\/ueber-uns\/#primaryimage\"},\"image\":{\"@id\":\"https:\/\/www.bocholterinhalationen.de\/salzgrotte\/ueber-uns\/#primaryimage\"},\"thumbnailUrl\":\"https:\/\/www.bocholterinhalationen.de\/salzgrotte\/wp-content\/uploads\/2024\/08\/Bocholter_Salzgrotte_Header_Ueber_uns_1920x700px-scaled.jpg\",\"datePublished\":\"2024-06-04T06:20:24+00:00\",\"dateModified\":\"2024-08-19T21:11:42+00:00\",\"breadcrumb\":{\"@id\":\"https:\/\/www.bocholterinhalationen.de\/salzgrotte\/ueber-uns\/#breadcrumb\"},\"inLanguage\":\"de\",\"potentialAction\":[{\"@type\":\"ReadAction\",\"target\":[\"https:\/\/www.bocholterinhalationen.de\/salzgrotte\/ueber-uns\/\"]}]},{\"@type\":\"ImageObject\",\"inLanguage\":\"de\",\"@id\":\"https:\/\/www.bocholterinhalationen.de\/salzgrotte\/ueber-uns\/#primaryimage\",\"url\":\"https:\/\/www.bocholterinhalationen.de\/salzgrotte\/wp-content\/uploads\/2024\/08\/Bocholter_Salzgrotte_Header_Ueber_uns_1920x700px-scaled.jpg\",\"contentUrl\":\"https:\/\/www.bocholterinhalationen.de\/salzgrotte\/wp-content\/uploads\/2024\/08\/Bocholter_Salzgrotte_Header_Ueber_uns_1920x700px-scaled.jpg\",\"width\":2560,\"height\":934,\"caption\":\"Banner Bocholter Salzgrotte mit Salzbecken\"},{\"@type\":\"BreadcrumbList\",\"@id\":\"https:\/\/www.bocholterinhalationen.de\/salzgrotte\/ueber-uns\/#breadcrumb\",\"itemListElement\":[{\"@type\":\"ListItem\",\"position\":1,\"name\":\"Startseite\",\"item\":\"https:\/\/www.bocholterinhalationen.de\/salzgrotte\/\"},{\"@type\":\"ListItem\",\"position\":2,\"name\":\"\u00dcber uns\"}]},{\"@type\":\"WebSite\",\"@id\":\"https:\/\/www.bocholterinhalationen.de\/salzgrotte\/#website\",\"url\":\"https:\/\/www.bocholterinhalationen.de\/salzgrotte\/\",\"name\":\"Bocholter Salzgrotte\",\"description\":\"by Bocholter Inhalationen\",\"publisher\":{\"@id\":\"https:\/\/www.bocholterinhalationen.de\/salzgrotte\/#organization\"},\"potentialAction\":[{\"@type\":\"SearchAction\",\"target\":{\"@type\":\"EntryPoint\",\"urlTemplate\":\"https:\/\/www.bocholterinhalationen.de\/salzgrotte\/?s={search_term_string}\"},\"query-input\":{\"@type\":\"PropertyValueSpecification\",\"valueRequired\":true,\"valueName\":\"search_term_string\"}}],\"inLanguage\":\"de\"},{\"@type\":\"Organization\",\"@id\":\"https:\/\/www.bocholterinhalationen.de\/salzgrotte\/#organization\",\"name\":\"Bocholter Salzgrotte\",\"url\":\"https:\/\/www.bocholterinhalationen.de\/salzgrotte\/\",\"logo\":{\"@type\":\"ImageObject\",\"inLanguage\":\"de\",\"@id\":\"https:\/\/www.bocholterinhalationen.de\/salzgrotte\/#\/schema\/logo\/image\/\",\"url\":\"https:\/\/www.bocholterinhalationen.de\/salzgrotte\/wp-content\/uploads\/2024\/04\/cropped-Bocholter_Salzgrotte_Logo_512x512_72dpi.jpg\",\"contentUrl\":\"https:\/\/www.bocholterinhalationen.de\/salzgrotte\/wp-content\/uploads\/2024\/04\/cropped-Bocholter_Salzgrotte_Logo_512x512_72dpi.jpg\",\"width\":512,\"height\":512,\"caption\":\"Bocholter Salzgrotte\"},\"image\":{\"@id\":\"https:\/\/www.bocholterinhalationen.de\/salzgrotte\/#\/schema\/logo\/image\/\"},\"sameAs\":[\"https:\/\/www.facebook.com\/bocholtersalzgrotte\",\"https:\/\/www.instagram.com\/bocholter_salzgrotte\/\"]}]}<\/script>\n<!-- \/ Yoast SEO plugin. -->","yoast_head_json":{"title":"\u00dcber uns - Bocholter Salzgrotte","robots":{"index":"index","follow":"follow","max-snippet":"max-snippet:-1","max-image-preview":"max-image-preview:large","max-video-preview":"max-video-preview:-1"},"canonical":"https:\/\/www.bocholterinhalationen.de\/salzgrotte\/ueber-uns\/","og_locale":"de_DE","og_type":"article","og_title":"\u00dcber uns - Bocholter Salzgrotte","og_description":"Unsere Geschichte: Wie alles begann Alles begann mit unserem Familienpony Blacky im Jahr 2019. Blacky litt unter chronischen Atemwegsbeschwerden und war aus tier\u00e4rztlicher Sicht bereits austherapiert. Die Empfehlung, ihn seinen &hellip;","og_url":"https:\/\/www.bocholterinhalationen.de\/salzgrotte\/ueber-uns\/","og_site_name":"Bocholter Salzgrotte","article_publisher":"https:\/\/www.facebook.com\/bocholtersalzgrotte","article_modified_time":"2024-08-19T21:11:42+00:00","og_image":[{"width":2560,"height":934,"url":"https:\/\/www.bocholterinhalationen.de\/salzgrotte\/wp-content\/uploads\/2024\/08\/Bocholter_Salzgrotte_Header_Ueber_uns_1920x700px-scaled.jpg","type":"image\/jpeg"}],"twitter_card":"summary_large_image","twitter_misc":{"Gesch\u00e4tzte Lesezeit":"1\u00a0Minute"},"schema":{"@context":"https:\/\/schema.org","@graph":[{"@type":"WebPage","@id":"https:\/\/www.bocholterinhalationen.de\/salzgrotte\/ueber-uns\/","url":"https:\/\/www.bocholterinhalationen.de\/salzgrotte\/ueber-uns\/","name":"\u00dcber uns - Bocholter Salzgrotte","isPartOf":{"@id":"https:\/\/www.bocholterinhalationen.de\/salzgrotte\/#website"},"primaryImageOfPage":{"@id":"https:\/\/www.bocholterinhalationen.de\/salzgrotte\/ueber-uns\/#primaryimage"},"image":{"@id":"https:\/\/www.bocholterinhalationen.de\/salzgrotte\/ueber-uns\/#primaryimage"},"thumbnailUrl":"https:\/\/www.bocholterinhalationen.de\/salzgrotte\/wp-content\/uploads\/2024\/08\/Bocholter_Salzgrotte_Header_Ueber_uns_1920x700px-scaled.jpg","datePublished":"2024-06-04T06:20:24+00:00","dateModified":"2024-08-19T21:11:42+00:00","breadcrumb":{"@id":"https:\/\/www.bocholterinhalationen.de\/salzgrotte\/ueber-uns\/#breadcrumb"},"inLanguage":"de","potentialAction":[{"@type":"ReadAction","target":["https:\/\/www.bocholterinhalationen.de\/salzgrotte\/ueber-uns\/"]}]},{"@type":"ImageObject","inLanguage":"de","@id":"https:\/\/www.bocholterinhalationen.de\/salzgrotte\/ueber-uns\/#primaryimage","url":"https:\/\/www.bocholterinhalationen.de\/salzgrotte\/wp-content\/uploads\/2024\/08\/Bocholter_Salzgrotte_Header_Ueber_uns_1920x700px-scaled.jpg","contentUrl":"https:\/\/www.bocholterinhalationen.de\/salzgrotte\/wp-content\/uploads\/2024\/08\/Bocholter_Salzgrotte_Header_Ueber_uns_1920x700px-scaled.jpg","width":2560,"height":934,"caption":"Banner Bocholter Salzgrotte mit Salzbecken"},{"@type":"BreadcrumbList","@id":"https:\/\/www.bocholterinhalationen.de\/salzgrotte\/ueber-uns\/#breadcrumb","itemListElement":[{"@type":"ListItem","position":1,"name":"Startseite","item":"https:\/\/www.bocholterinhalationen.de\/salzgrotte\/"},{"@type":"ListItem","position":2,"name":"\u00dcber uns"}]},{"@type":"WebSite","@id":"https:\/\/www.bocholterinhalationen.de\/salzgrotte\/#website","url":"https:\/\/www.bocholterinhalationen.de\/salzgrotte\/","name":"Bocholter Salzgrotte","description":"by Bocholter Inhalationen","publisher":{"@id":"https:\/\/www.bocholterinhalationen.de\/salzgrotte\/#organization"},"potentialAction":[{"@type":"SearchAction","target":{"@type":"EntryPoint","urlTemplate":"https:\/\/www.bocholterinhalationen.de\/salzgrotte\/?s={search_term_string}"},"query-input":{"@type":"PropertyValueSpecification","valueRequired":true,"valueName":"search_term_string"}}],"inLanguage":"de"},{"@type":"Organization","@id":"https:\/\/www.bocholterinhalationen.de\/salzgrotte\/#organization","name":"Bocholter Salzgrotte","url":"https:\/\/www.bocholterinhalationen.de\/salzgrotte\/","logo":{"@type":"ImageObject","inLanguage":"de","@id":"https:\/\/www.bocholterinhalationen.de\/salzgrotte\/#\/schema\/logo\/image\/","url":"https:\/\/www.bocholterinhalationen.de\/salzgrotte\/wp-content\/uploads\/2024\/04\/cropped-Bocholter_Salzgrotte_Logo_512x512_72dpi.jpg","contentUrl":"https:\/\/www.bocholterinhalationen.de\/salzgrotte\/wp-content\/uploads\/2024\/04\/cropped-Bocholter_Salzgrotte_Logo_512x512_72dpi.jpg","width":512,"height":512,"caption":"Bocholter Salzgrotte"},"image":{"@id":"https:\/\/www.bocholterinhalationen.de\/salzgrotte\/#\/schema\/logo\/image\/"},"sameAs":["https:\/\/www.facebook.com\/bocholtersalzgrotte","https:\/\/www.instagram.com\/bocholter_salzgrotte\/"]}]}},"_links":{"self":[{"href":"https:\/\/www.bocholterinhalationen.de\/salzgrotte\/wp-json\/wp\/v2\/pages\/88","targetHints":{"allow":["GET"]}}],"collection":[{"href":"https:\/\/www.bocholterinhalationen.de\/salzgrotte\/wp-json\/wp\/v2\/pages"}],"about":[{"href":"https:\/\/www.bocholterinhalationen.de\/salzgrotte\/wp-json\/wp\/v2\/types\/page"}],"author":[{"embeddable":true,"href":"https:\/\/www.bocholterinhalationen.de\/salzgrotte\/wp-json\/wp\/v2\/users\/1"}],"replies":[{"embeddable":true,"href":"https:\/\/www.bocholterinhalationen.de\/salzgrotte\/wp-json\/wp\/v2\/comments?post=88"}],"version-history":[{"count":3,"href":"https:\/\/www.bocholterinhalationen.de\/salzgrotte\/wp-json\/wp\/v2\/pages\/88\/revisions"}],"predecessor-version":[{"id":321,"href":"https:\/\/www.bocholterinhalationen.de\/salzgrotte\/wp-json\/wp\/v2\/pages\/88\/revisions\/321"}],"wp:featuredmedia":[{"embeddable":true,"href":"https:\/\/www.bocholterinhalationen.de\/salzgrotte\/wp-json\/wp\/v2\/media\/320"}],"wp:attachment":[{"href":"https:\/\/www.bocholterinhalationen.de\/salzgrotte\/wp-json\/wp\/v2\/media?parent=88"}],"curies":[{"name":"wp","href":"https:\/\/api.w.org\/{rel}","templated":true}]}}