{"id":331,"date":"2024-08-19T23:24:57","date_gmt":"2024-08-19T21:24:57","guid":{"rendered":"http:\/\/511084034.swh.strato-hosting.eu\/salzgrotte\/?page_id=331"},"modified":"2025-05-19T05:41:39","modified_gmt":"2025-05-19T03:41:39","slug":"solevernebelung-fuer-kleintiere","status":"publish","type":"page","link":"https:\/\/www.bocholterinhalationen.de\/salzgrotte\/solevernebelung-fuer-kleintiere\/","title":{"rendered":"Solevernebelung f\u00fcr Kleintiere"},"content":{"rendered":"\n<figure class=\"wp-block-image size-large\"><img loading=\"lazy\" decoding=\"async\" width=\"1024\" height=\"373\" src=\"http:\/\/511084034.swh.strato-hosting.eu\/salzgrotte\/wp-content\/uploads\/2024\/08\/Bocholter_Salzgrotte_Header_Sole_Tier_1920x700px-1024x373.jpg\" alt=\"\" class=\"wp-image-278\" srcset=\"https:\/\/www.bocholterinhalationen.de\/salzgrotte\/wp-content\/uploads\/2024\/08\/Bocholter_Salzgrotte_Header_Sole_Tier_1920x700px-1024x373.jpg 1024w, https:\/\/www.bocholterinhalationen.de\/salzgrotte\/wp-content\/uploads\/2024\/08\/Bocholter_Salzgrotte_Header_Sole_Tier_1920x700px-300x109.jpg 300w, https:\/\/www.bocholterinhalationen.de\/salzgrotte\/wp-content\/uploads\/2024\/08\/Bocholter_Salzgrotte_Header_Sole_Tier_1920x700px-768x280.jpg 768w, https:\/\/www.bocholterinhalationen.de\/salzgrotte\/wp-content\/uploads\/2024\/08\/Bocholter_Salzgrotte_Header_Sole_Tier_1920x700px-1536x560.jpg 1536w, https:\/\/www.bocholterinhalationen.de\/salzgrotte\/wp-content\/uploads\/2024\/08\/Bocholter_Salzgrotte_Header_Sole_Tier_1920x700px-2048x747.jpg 2048w, https:\/\/www.bocholterinhalationen.de\/salzgrotte\/wp-content\/uploads\/2024\/08\/Bocholter_Salzgrotte_Header_Sole_Tier_1920x700px-165x60.jpg 165w, https:\/\/www.bocholterinhalationen.de\/salzgrotte\/wp-content\/uploads\/2024\/08\/Bocholter_Salzgrotte_Header_Sole_Tier_1920x700px-1920x700.jpg 1920w\" sizes=\"auto, (max-width: 1024px) 100vw, 1024px\" \/><\/figure>\n\n\n\n<h4 class=\"wp-block-heading\"><strong>Solevernebelung f\u00fcr Kleintiere<\/strong><\/h4>\n\n\n\n<p>Ihre kleinen Vierbeiner k\u00f6nnen ebenfalls von der wohltuenden Wirkung der Solevernebelung profitieren. In einer speziell eingerichteten Solekammer f\u00fcr Kleintiere, die sich getrennt von den R\u00e4umlichkeiten f\u00fcr Menschen im Au\u00dfenbereich befindet, bieten wir die Solevernebelung mit 5% starker Sole f\u00fcr Kleintiere aller Art an. Sowohl bei Atemwegs-, als auch Hautproblemen kann die Solevernebelung erfolgreich als nat\u00fcrliche Behandlungsmethode eingesetzt werden.&nbsp;<\/p>\n\n\n\n<h4 class=\"wp-block-heading\"><strong>Dauer und Zeiten<\/strong><\/h4>\n\n\n\n<p>Eine <strong>Sitzung <\/strong>dauert <strong>30 Minuten<\/strong>. Sie als Herrchen k\u00f6nnen als Begleitperson von der wohltuenden Wirkung der Solevernebelung gleich mit profitieren. <\/p>\n\n\n\n<p><strong>F\u00fcr unsere Solekammer f\u00fcr Kleintiere bitten wir immer um eine vorherige Terminvereinbarung. <\/strong><\/p>\n\n\n\n<p>Sie erreichen unsere Solekammer direkt \u00fcber unseren Parkplatz. Seien Sie bitte ein paar Minuten vor Beginn Ihrer Sitzung anwesend.<\/p>\n\n\n\n<div class=\"wp-block-columns is-layout-flex wp-container-core-columns-is-layout-9d6595d7 wp-block-columns-is-layout-flex\">\n<div class=\"wp-block-column is-layout-flow wp-block-column-is-layout-flow\">\n<div class=\"wp-block-buttons is-layout-flex wp-block-buttons-is-layout-flex\">\n<div class=\"wp-block-button has-custom-font-size has-small-font-size\"><a class=\"wp-block-button__link has-white-color has-text-color has-background has-link-color wp-element-button\" href=\"https:\/\/www.bocholterinhalationen.de\/salzgrotte\/wp-content\/uploads\/2024\/08\/Bocholter_Salzgrotte_Preisliste_Kleintiere_A4.pdf\" style=\"background-color:#7b151c\" target=\"_blank\" rel=\"noreferrer noopener\">Zur Preisliste<\/a><\/div>\n<\/div>\n<\/div>\n\n\n\n<div class=\"wp-block-column is-layout-flow wp-block-column-is-layout-flow\">\n<div class=\"wp-block-buttons is-layout-flex wp-block-buttons-is-layout-flex\">\n<div class=\"wp-block-button has-custom-font-size has-small-font-size\"><a class=\"wp-block-button__link has-white-color has-text-color has-background has-link-color wp-element-button\" href=\"http:\/\/511084034.swh.strato-hosting.eu\/salzgrotte\/kontakt\/\" style=\"background-color:#7b151c\" target=\"_blank\" rel=\"noreferrer noopener\">Jetzt Termin vereinbaren<\/a><\/div>\n<\/div>\n<\/div>\n<\/div>\n","protected":false},"excerpt":{"rendered":"<p>Solevernebelung f\u00fcr Kleintiere Ihre kleinen Vierbeiner k\u00f6nnen ebenfalls von der wohltuenden Wirkung der Solevernebelung profitieren. In einer speziell eingerichteten Solekammer f\u00fcr Kleintiere, die sich getrennt von den R\u00e4umlichkeiten f\u00fcr Menschen &hellip; <\/p>\n","protected":false},"author":1,"featured_media":278,"parent":0,"menu_order":0,"comment_status":"closed","ping_status":"closed","template":"","meta":{"footnotes":""},"class_list":["post-331","page","type-page","status-publish","has-post-thumbnail","hentry"],"yoast_head":"<!-- This site is optimized with the Yoast SEO plugin v23.9 - https:\/\/yoast.com\/wordpress\/plugins\/seo\/ -->\n<title>Solevernebelung f\u00fcr Kleintiere - Bocholter Salzgrotte<\/title>\n<meta name=\"robots\" content=\"index, follow, max-snippet:-1, max-image-preview:large, max-video-preview:-1\" \/>\n<link rel=\"canonical\" href=\"https:\/\/www.bocholterinhalationen.de\/salzgrotte\/solevernebelung-fuer-kleintiere\/\" \/>\n<meta property=\"og:locale\" content=\"de_DE\" \/>\n<meta property=\"og:type\" content=\"article\" \/>\n<meta property=\"og:title\" content=\"Solevernebelung f\u00fcr Kleintiere - Bocholter Salzgrotte\" \/>\n<meta property=\"og:description\" content=\"Solevernebelung f\u00fcr Kleintiere Ihre kleinen Vierbeiner k\u00f6nnen ebenfalls von der wohltuenden Wirkung der Solevernebelung profitieren. In einer speziell eingerichteten Solekammer f\u00fcr Kleintiere, die sich getrennt von den R\u00e4umlichkeiten f\u00fcr Menschen &hellip;\" \/>\n<meta property=\"og:url\" content=\"https:\/\/www.bocholterinhalationen.de\/salzgrotte\/solevernebelung-fuer-kleintiere\/\" \/>\n<meta property=\"og:site_name\" content=\"Bocholter Salzgrotte\" \/>\n<meta property=\"article:publisher\" content=\"https:\/\/www.facebook.com\/bocholtersalzgrotte\" \/>\n<meta property=\"article:modified_time\" content=\"2025-05-19T03:41:39+00:00\" \/>\n<meta property=\"og:image\" content=\"https:\/\/www.bocholterinhalationen.de\/salzgrotte\/wp-content\/uploads\/2024\/08\/Bocholter_Salzgrotte_Header_Sole_Tier_1920x700px-scaled.jpg\" \/>\n\t<meta property=\"og:image:width\" content=\"2560\" \/>\n\t<meta property=\"og:image:height\" content=\"934\" \/>\n\t<meta property=\"og:image:type\" content=\"image\/jpeg\" \/>\n<meta name=\"twitter:card\" content=\"summary_large_image\" \/>\n<meta name=\"twitter:label1\" content=\"Gesch\u00e4tzte Lesezeit\" \/>\n\t<meta name=\"twitter:data1\" content=\"2\u00a0Minuten\" \/>\n<script type=\"application\/ld+json\" class=\"yoast-schema-graph\">{\"@context\":\"https:\/\/schema.org\",\"@graph\":[{\"@type\":\"WebPage\",\"@id\":\"https:\/\/www.bocholterinhalationen.de\/salzgrotte\/solevernebelung-fuer-kleintiere\/\",\"url\":\"https:\/\/www.bocholterinhalationen.de\/salzgrotte\/solevernebelung-fuer-kleintiere\/\",\"name\":\"Solevernebelung f\u00fcr Kleintiere - Bocholter Salzgrotte\",\"isPartOf\":{\"@id\":\"https:\/\/www.bocholterinhalationen.de\/salzgrotte\/#website\"},\"primaryImageOfPage\":{\"@id\":\"https:\/\/www.bocholterinhalationen.de\/salzgrotte\/solevernebelung-fuer-kleintiere\/#primaryimage\"},\"image\":{\"@id\":\"https:\/\/www.bocholterinhalationen.de\/salzgrotte\/solevernebelung-fuer-kleintiere\/#primaryimage\"},\"thumbnailUrl\":\"https:\/\/www.bocholterinhalationen.de\/salzgrotte\/wp-content\/uploads\/2024\/08\/Bocholter_Salzgrotte_Header_Sole_Tier_1920x700px-scaled.jpg\",\"datePublished\":\"2024-08-19T21:24:57+00:00\",\"dateModified\":\"2025-05-19T03:41:39+00:00\",\"breadcrumb\":{\"@id\":\"https:\/\/www.bocholterinhalationen.de\/salzgrotte\/solevernebelung-fuer-kleintiere\/#breadcrumb\"},\"inLanguage\":\"de\",\"potentialAction\":[{\"@type\":\"ReadAction\",\"target\":[\"https:\/\/www.bocholterinhalationen.de\/salzgrotte\/solevernebelung-fuer-kleintiere\/\"]}]},{\"@type\":\"ImageObject\",\"inLanguage\":\"de\",\"@id\":\"https:\/\/www.bocholterinhalationen.de\/salzgrotte\/solevernebelung-fuer-kleintiere\/#primaryimage\",\"url\":\"https:\/\/www.bocholterinhalationen.de\/salzgrotte\/wp-content\/uploads\/2024\/08\/Bocholter_Salzgrotte_Header_Sole_Tier_1920x700px-scaled.jpg\",\"contentUrl\":\"https:\/\/www.bocholterinhalationen.de\/salzgrotte\/wp-content\/uploads\/2024\/08\/Bocholter_Salzgrotte_Header_Sole_Tier_1920x700px-scaled.jpg\",\"width\":2560,\"height\":934,\"caption\":\"Banner Solevernebelung Kleintiere Hund\"},{\"@type\":\"BreadcrumbList\",\"@id\":\"https:\/\/www.bocholterinhalationen.de\/salzgrotte\/solevernebelung-fuer-kleintiere\/#breadcrumb\",\"itemListElement\":[{\"@type\":\"ListItem\",\"position\":1,\"name\":\"Startseite\",\"item\":\"https:\/\/www.bocholterinhalationen.de\/salzgrotte\/\"},{\"@type\":\"ListItem\",\"position\":2,\"name\":\"Solevernebelung f\u00fcr Kleintiere\"}]},{\"@type\":\"WebSite\",\"@id\":\"https:\/\/www.bocholterinhalationen.de\/salzgrotte\/#website\",\"url\":\"https:\/\/www.bocholterinhalationen.de\/salzgrotte\/\",\"name\":\"Bocholter Salzgrotte\",\"description\":\"by Bocholter Inhalationen\",\"publisher\":{\"@id\":\"https:\/\/www.bocholterinhalationen.de\/salzgrotte\/#organization\"},\"potentialAction\":[{\"@type\":\"SearchAction\",\"target\":{\"@type\":\"EntryPoint\",\"urlTemplate\":\"https:\/\/www.bocholterinhalationen.de\/salzgrotte\/?s={search_term_string}\"},\"query-input\":{\"@type\":\"PropertyValueSpecification\",\"valueRequired\":true,\"valueName\":\"search_term_string\"}}],\"inLanguage\":\"de\"},{\"@type\":\"Organization\",\"@id\":\"https:\/\/www.bocholterinhalationen.de\/salzgrotte\/#organization\",\"name\":\"Bocholter Salzgrotte\",\"url\":\"https:\/\/www.bocholterinhalationen.de\/salzgrotte\/\",\"logo\":{\"@type\":\"ImageObject\",\"inLanguage\":\"de\",\"@id\":\"https:\/\/www.bocholterinhalationen.de\/salzgrotte\/#\/schema\/logo\/image\/\",\"url\":\"https:\/\/www.bocholterinhalationen.de\/salzgrotte\/wp-content\/uploads\/2024\/04\/cropped-Bocholter_Salzgrotte_Logo_512x512_72dpi.jpg\",\"contentUrl\":\"https:\/\/www.bocholterinhalationen.de\/salzgrotte\/wp-content\/uploads\/2024\/04\/cropped-Bocholter_Salzgrotte_Logo_512x512_72dpi.jpg\",\"width\":512,\"height\":512,\"caption\":\"Bocholter Salzgrotte\"},\"image\":{\"@id\":\"https:\/\/www.bocholterinhalationen.de\/salzgrotte\/#\/schema\/logo\/image\/\"},\"sameAs\":[\"https:\/\/www.facebook.com\/bocholtersalzgrotte\",\"https:\/\/www.instagram.com\/bocholter_salzgrotte\/\"]}]}<\/script>\n<!-- \/ Yoast SEO plugin. -->","yoast_head_json":{"title":"Solevernebelung f\u00fcr Kleintiere - Bocholter Salzgrotte","robots":{"index":"index","follow":"follow","max-snippet":"max-snippet:-1","max-image-preview":"max-image-preview:large","max-video-preview":"max-video-preview:-1"},"canonical":"https:\/\/www.bocholterinhalationen.de\/salzgrotte\/solevernebelung-fuer-kleintiere\/","og_locale":"de_DE","og_type":"article","og_title":"Solevernebelung f\u00fcr Kleintiere - Bocholter Salzgrotte","og_description":"Solevernebelung f\u00fcr Kleintiere Ihre kleinen Vierbeiner k\u00f6nnen ebenfalls von der wohltuenden Wirkung der Solevernebelung profitieren. In einer speziell eingerichteten Solekammer f\u00fcr Kleintiere, die sich getrennt von den R\u00e4umlichkeiten f\u00fcr Menschen &hellip;","og_url":"https:\/\/www.bocholterinhalationen.de\/salzgrotte\/solevernebelung-fuer-kleintiere\/","og_site_name":"Bocholter Salzgrotte","article_publisher":"https:\/\/www.facebook.com\/bocholtersalzgrotte","article_modified_time":"2025-05-19T03:41:39+00:00","og_image":[{"width":2560,"height":934,"url":"https:\/\/www.bocholterinhalationen.de\/salzgrotte\/wp-content\/uploads\/2024\/08\/Bocholter_Salzgrotte_Header_Sole_Tier_1920x700px-scaled.jpg","type":"image\/jpeg"}],"twitter_card":"summary_large_image","twitter_misc":{"Gesch\u00e4tzte Lesezeit":"2\u00a0Minuten"},"schema":{"@context":"https:\/\/schema.org","@graph":[{"@type":"WebPage","@id":"https:\/\/www.bocholterinhalationen.de\/salzgrotte\/solevernebelung-fuer-kleintiere\/","url":"https:\/\/www.bocholterinhalationen.de\/salzgrotte\/solevernebelung-fuer-kleintiere\/","name":"Solevernebelung f\u00fcr Kleintiere - Bocholter Salzgrotte","isPartOf":{"@id":"https:\/\/www.bocholterinhalationen.de\/salzgrotte\/#website"},"primaryImageOfPage":{"@id":"https:\/\/www.bocholterinhalationen.de\/salzgrotte\/solevernebelung-fuer-kleintiere\/#primaryimage"},"image":{"@id":"https:\/\/www.bocholterinhalationen.de\/salzgrotte\/solevernebelung-fuer-kleintiere\/#primaryimage"},"thumbnailUrl":"https:\/\/www.bocholterinhalationen.de\/salzgrotte\/wp-content\/uploads\/2024\/08\/Bocholter_Salzgrotte_Header_Sole_Tier_1920x700px-scaled.jpg","datePublished":"2024-08-19T21:24:57+00:00","dateModified":"2025-05-19T03:41:39+00:00","breadcrumb":{"@id":"https:\/\/www.bocholterinhalationen.de\/salzgrotte\/solevernebelung-fuer-kleintiere\/#breadcrumb"},"inLanguage":"de","potentialAction":[{"@type":"ReadAction","target":["https:\/\/www.bocholterinhalationen.de\/salzgrotte\/solevernebelung-fuer-kleintiere\/"]}]},{"@type":"ImageObject","inLanguage":"de","@id":"https:\/\/www.bocholterinhalationen.de\/salzgrotte\/solevernebelung-fuer-kleintiere\/#primaryimage","url":"https:\/\/www.bocholterinhalationen.de\/salzgrotte\/wp-content\/uploads\/2024\/08\/Bocholter_Salzgrotte_Header_Sole_Tier_1920x700px-scaled.jpg","contentUrl":"https:\/\/www.bocholterinhalationen.de\/salzgrotte\/wp-content\/uploads\/2024\/08\/Bocholter_Salzgrotte_Header_Sole_Tier_1920x700px-scaled.jpg","width":2560,"height":934,"caption":"Banner Solevernebelung Kleintiere Hund"},{"@type":"BreadcrumbList","@id":"https:\/\/www.bocholterinhalationen.de\/salzgrotte\/solevernebelung-fuer-kleintiere\/#breadcrumb","itemListElement":[{"@type":"ListItem","position":1,"name":"Startseite","item":"https:\/\/www.bocholterinhalationen.de\/salzgrotte\/"},{"@type":"ListItem","position":2,"name":"Solevernebelung f\u00fcr Kleintiere"}]},{"@type":"WebSite","@id":"https:\/\/www.bocholterinhalationen.de\/salzgrotte\/#website","url":"https:\/\/www.bocholterinhalationen.de\/salzgrotte\/","name":"Bocholter Salzgrotte","description":"by Bocholter Inhalationen","publisher":{"@id":"https:\/\/www.bocholterinhalationen.de\/salzgrotte\/#organization"},"potentialAction":[{"@type":"SearchAction","target":{"@type":"EntryPoint","urlTemplate":"https:\/\/www.bocholterinhalationen.de\/salzgrotte\/?s={search_term_string}"},"query-input":{"@type":"PropertyValueSpecification","valueRequired":true,"valueName":"search_term_string"}}],"inLanguage":"de"},{"@type":"Organization","@id":"https:\/\/www.bocholterinhalationen.de\/salzgrotte\/#organization","name":"Bocholter Salzgrotte","url":"https:\/\/www.bocholterinhalationen.de\/salzgrotte\/","logo":{"@type":"ImageObject","inLanguage":"de","@id":"https:\/\/www.bocholterinhalationen.de\/salzgrotte\/#\/schema\/logo\/image\/","url":"https:\/\/www.bocholterinhalationen.de\/salzgrotte\/wp-content\/uploads\/2024\/04\/cropped-Bocholter_Salzgrotte_Logo_512x512_72dpi.jpg","contentUrl":"https:\/\/www.bocholterinhalationen.de\/salzgrotte\/wp-content\/uploads\/2024\/04\/cropped-Bocholter_Salzgrotte_Logo_512x512_72dpi.jpg","width":512,"height":512,"caption":"Bocholter Salzgrotte"},"image":{"@id":"https:\/\/www.bocholterinhalationen.de\/salzgrotte\/#\/schema\/logo\/image\/"},"sameAs":["https:\/\/www.facebook.com\/bocholtersalzgrotte","https:\/\/www.instagram.com\/bocholter_salzgrotte\/"]}]}},"_links":{"self":[{"href":"https:\/\/www.bocholterinhalationen.de\/salzgrotte\/wp-json\/wp\/v2\/pages\/331","targetHints":{"allow":["GET"]}}],"collection":[{"href":"https:\/\/www.bocholterinhalationen.de\/salzgrotte\/wp-json\/wp\/v2\/pages"}],"about":[{"href":"https:\/\/www.bocholterinhalationen.de\/salzgrotte\/wp-json\/wp\/v2\/types\/page"}],"author":[{"embeddable":true,"href":"https:\/\/www.bocholterinhalationen.de\/salzgrotte\/wp-json\/wp\/v2\/users\/1"}],"replies":[{"embeddable":true,"href":"https:\/\/www.bocholterinhalationen.de\/salzgrotte\/wp-json\/wp\/v2\/comments?post=331"}],"version-history":[{"count":7,"href":"https:\/\/www.bocholterinhalationen.de\/salzgrotte\/wp-json\/wp\/v2\/pages\/331\/revisions"}],"predecessor-version":[{"id":398,"href":"https:\/\/www.bocholterinhalationen.de\/salzgrotte\/wp-json\/wp\/v2\/pages\/331\/revisions\/398"}],"wp:featuredmedia":[{"embeddable":true,"href":"https:\/\/www.bocholterinhalationen.de\/salzgrotte\/wp-json\/wp\/v2\/media\/278"}],"wp:attachment":[{"href":"https:\/\/www.bocholterinhalationen.de\/salzgrotte\/wp-json\/wp\/v2\/media?parent=331"}],"curies":[{"name":"wp","href":"https:\/\/api.w.org\/{rel}","templated":true}]}}