{"id":2,"date":"2024-04-08T21:02:38","date_gmt":"2024-04-08T19:02:38","guid":{"rendered":"http:\/\/511084034.swh.strato-hosting.eu\/salzgrotte\/?page_id=2"},"modified":"2024-08-26T07:22:19","modified_gmt":"2024-08-26T05:22:19","slug":"beispiel-seite","status":"publish","type":"page","link":"https:\/\/www.bocholterinhalationen.de\/salzgrotte\/","title":{"rendered":"Herzlich willkommen in der Bocholter Salzgrotte!"},"content":{"rendered":"\n<h3 class=\"wp-block-heading\">Willkommen in einem R\u00fcckzugsort der Entspannung und Erholung<\/h3>\n\n\n\n<p>Die Bocholter Salzgrotte l\u00e4dt Sie ein, in die faszinierende Welt der Salzkristalle einzutauchen und in einer wohligen Atmosph\u00e4re einen Moment der Ruhe zu genie\u00dfen. Inmitten des oft hektischen Alltags ist es eine Herausforderung, sich Zeit f\u00fcr sich selbst zu nehmen und K\u00f6rper sowie Geist zu regenerieren. Bei uns finden Sie das Angebot, sich eine wohlverdiente Auszeit zu g\u00f6nnen.<\/p>\n\n\n\n<div style=\"height:20px\" aria-hidden=\"true\" class=\"wp-block-spacer\"><\/div>\n\n\n\n<hr class=\"wp-block-separator has-text-color has-alpha-channel-opacity has-background\" style=\"background-color:#c4b49b4d;color:#c4b49b4d\"\/>\n\n\n\n<div style=\"height:20px\" aria-hidden=\"true\" class=\"wp-block-spacer\"><\/div>\n\n\n\n<div class=\"wp-block-media-text is-stacked-on-mobile is-vertically-aligned-top\" style=\"grid-template-columns:30% auto\"><figure class=\"wp-block-media-text__media\"><img loading=\"lazy\" decoding=\"async\" width=\"768\" height=\"1024\" src=\"http:\/\/511084034.swh.strato-hosting.eu\/salzgrotte\/wp-content\/uploads\/2024\/08\/Bocholter_Salzgrotte_Salzgrotte_600x800px-768x1024.jpg\" alt=\"\" class=\"wp-image-287 size-full\" srcset=\"https:\/\/www.bocholterinhalationen.de\/salzgrotte\/wp-content\/uploads\/2024\/08\/Bocholter_Salzgrotte_Salzgrotte_600x800px-768x1024.jpg 768w, https:\/\/www.bocholterinhalationen.de\/salzgrotte\/wp-content\/uploads\/2024\/08\/Bocholter_Salzgrotte_Salzgrotte_600x800px-225x300.jpg 225w, https:\/\/www.bocholterinhalationen.de\/salzgrotte\/wp-content\/uploads\/2024\/08\/Bocholter_Salzgrotte_Salzgrotte_600x800px-1152x1536.jpg 1152w, https:\/\/www.bocholterinhalationen.de\/salzgrotte\/wp-content\/uploads\/2024\/08\/Bocholter_Salzgrotte_Salzgrotte_600x800px-45x60.jpg 45w, https:\/\/www.bocholterinhalationen.de\/salzgrotte\/wp-content\/uploads\/2024\/08\/Bocholter_Salzgrotte_Salzgrotte_600x800px.jpg 1250w\" sizes=\"auto, (max-width: 768px) 100vw, 768px\" \/><\/figure><div class=\"wp-block-media-text__content\">\n<h4 class=\"wp-block-heading\"><strong>Salzgrotte: <\/strong><br><strong>Ein Ort der Entspannung<\/strong><\/h4>\n\n\n\n<p>Betreten Sie unsere gro\u00dfz\u00fcgige Salzgrotte, die mit 70 Quadratmetern Fl\u00e4che und 22 Tonnen verbautem Salz eine Oase der Entspannung bildet. Das verbaute Salz in der Grotte stammt aus der Region Punjab bei Pakistan, welche ein Ausl\u00e4ufer des Himalaya-Gebirges ist. Daher wird das Salz auch umgangssprachlich als Himalaya-Salz bezeichnet. W\u00e4hrend der 45-min\u00fctigen Sitzung k\u00f6nnen Sie sich in warme Decken h\u00fcllen und vollkommen abschalten. Das harmonische Zusammenspiel aus wohltuendem Salzklima, sanftem Licht und beruhigender Musik schenkt Ihnen eine Atmosph\u00e4re, die den Stress des Alltags verblassen l\u00e4sst.<\/p>\n\n\n\n<div class=\"wp-block-buttons is-layout-flex wp-block-buttons-is-layout-flex\">\n<div class=\"wp-block-button has-custom-font-size has-small-font-size\"><a class=\"wp-block-button__link has-white-color has-text-color has-background has-link-color wp-element-button\" href=\"http:\/\/511084034.swh.strato-hosting.eu\/salzgrotte\/salzgrotte\/\" style=\"background-color:#7b151c\" target=\"_blank\" rel=\"noreferrer noopener\">Mehr Informationen<\/a><\/div>\n<\/div>\n<\/div><\/div>\n\n\n\n<div style=\"height:20px\" aria-hidden=\"true\" class=\"wp-block-spacer\"><\/div>\n\n\n\n<hr class=\"wp-block-separator has-text-color has-alpha-channel-opacity has-background\" style=\"background-color:#c4b49b4d;color:#c4b49b4d\"\/>\n\n\n\n<div style=\"height:20px\" aria-hidden=\"true\" class=\"wp-block-spacer\"><\/div>\n\n\n\n<div class=\"wp-block-media-text is-stacked-on-mobile is-vertically-aligned-top\" style=\"grid-template-columns:30% auto\"><figure class=\"wp-block-media-text__media\"><img loading=\"lazy\" decoding=\"async\" width=\"768\" height=\"1024\" src=\"http:\/\/511084034.swh.strato-hosting.eu\/salzgrotte\/wp-content\/uploads\/2024\/08\/Bocholter_Salzgrotte_Sole-Verneblung_Mensch_600x800px-768x1024.jpg\" alt=\"\" class=\"wp-image-289 size-full\" srcset=\"https:\/\/www.bocholterinhalationen.de\/salzgrotte\/wp-content\/uploads\/2024\/08\/Bocholter_Salzgrotte_Sole-Verneblung_Mensch_600x800px-768x1024.jpg 768w, https:\/\/www.bocholterinhalationen.de\/salzgrotte\/wp-content\/uploads\/2024\/08\/Bocholter_Salzgrotte_Sole-Verneblung_Mensch_600x800px-225x300.jpg 225w, https:\/\/www.bocholterinhalationen.de\/salzgrotte\/wp-content\/uploads\/2024\/08\/Bocholter_Salzgrotte_Sole-Verneblung_Mensch_600x800px-1152x1536.jpg 1152w, https:\/\/www.bocholterinhalationen.de\/salzgrotte\/wp-content\/uploads\/2024\/08\/Bocholter_Salzgrotte_Sole-Verneblung_Mensch_600x800px-45x60.jpg 45w, https:\/\/www.bocholterinhalationen.de\/salzgrotte\/wp-content\/uploads\/2024\/08\/Bocholter_Salzgrotte_Sole-Verneblung_Mensch_600x800px.jpg 1250w\" sizes=\"auto, (max-width: 768px) 100vw, 768px\" \/><\/figure><div class=\"wp-block-media-text__content\">\n<h4 class=\"wp-block-heading\"><strong><strong>Solevernebelung: <\/strong><\/strong><br><strong><strong>Gesundheit zum Einatmen<\/strong><\/strong><\/h4>\n\n\n\n<p>Tauchen Sie ein in eine weitere Dimension der Gesundheitsf\u00f6rderung mit unserer Solevernebelung. Feinste Solepartikel werden in einem separaten Raum vernebelt und entfalten ihre wohltuende Wirkung auf Atemwege und Haut. Au\u00dferdem wird die Durchblutung gef\u00f6rdert. Die 20-min\u00fctige Sitzung bietet Menschen jeden Alters einen ganzheitlichen Ansatz f\u00fcr mehr Wohlbefinden.<\/p>\n\n\n\n<div class=\"wp-block-buttons has-custom-font-size has-small-font-size is-layout-flex wp-block-buttons-is-layout-flex\">\n<div class=\"wp-block-button\"><a class=\"wp-block-button__link has-white-color has-text-color has-background has-link-color wp-element-button\" href=\"http:\/\/511084034.swh.strato-hosting.eu\/salzgrotte\/solevernebelung-fuer-menschen\/\" style=\"background-color:#7b151c\" target=\"_blank\" rel=\"noreferrer noopener\">Mehr Informationen<\/a><\/div>\n<\/div>\n<\/div><\/div>\n\n\n\n<div style=\"height:20px\" aria-hidden=\"true\" class=\"wp-block-spacer\"><\/div>\n\n\n\n<hr class=\"wp-block-separator has-text-color has-alpha-channel-opacity has-background\" style=\"background-color:#c4b49b4d;color:#c4b49b4d\"\/>\n\n\n\n<div style=\"height:20px\" aria-hidden=\"true\" class=\"wp-block-spacer\"><\/div>\n\n\n\n<div class=\"wp-block-media-text is-stacked-on-mobile is-vertically-aligned-top\" style=\"grid-template-columns:30% auto\"><figure class=\"wp-block-media-text__media\"><img loading=\"lazy\" decoding=\"async\" width=\"768\" height=\"1024\" src=\"http:\/\/511084034.swh.strato-hosting.eu\/salzgrotte\/wp-content\/uploads\/2024\/08\/Bocholter_Salzgrotte_Sole-Verneblung_Tier_600x800px-768x1024.jpg\" alt=\"\" class=\"wp-image-290 size-full\" srcset=\"https:\/\/www.bocholterinhalationen.de\/salzgrotte\/wp-content\/uploads\/2024\/08\/Bocholter_Salzgrotte_Sole-Verneblung_Tier_600x800px-768x1024.jpg 768w, https:\/\/www.bocholterinhalationen.de\/salzgrotte\/wp-content\/uploads\/2024\/08\/Bocholter_Salzgrotte_Sole-Verneblung_Tier_600x800px-225x300.jpg 225w, https:\/\/www.bocholterinhalationen.de\/salzgrotte\/wp-content\/uploads\/2024\/08\/Bocholter_Salzgrotte_Sole-Verneblung_Tier_600x800px-1152x1536.jpg 1152w, https:\/\/www.bocholterinhalationen.de\/salzgrotte\/wp-content\/uploads\/2024\/08\/Bocholter_Salzgrotte_Sole-Verneblung_Tier_600x800px-45x60.jpg 45w, https:\/\/www.bocholterinhalationen.de\/salzgrotte\/wp-content\/uploads\/2024\/08\/Bocholter_Salzgrotte_Sole-Verneblung_Tier_600x800px.jpg 1250w\" sizes=\"auto, (max-width: 768px) 100vw, 768px\" \/><\/figure><div class=\"wp-block-media-text__content\">\n<h4 class=\"wp-block-heading\"><strong><strong>Solevernebelung f\u00fcr Kleintiere: <\/strong><\/strong><br><strong><strong>Wohlbefinden f\u00fcr Ihre Vierbeiner<\/strong><\/strong><\/h4>\n\n\n\n<p>Auch Kleintiere k\u00f6nnen von der heilsamen Wirkung der Solevernebelung profitieren. Die Solevernebelung kann dazu beitragen, Beschwerden zu lindern und das Wohlbefinden Ihres Tieres zu verbessern. In einer speziellen Kammer im Au\u00dfenbereich bieten wir die Solevernebelung f\u00fcr Kleintiere aller Art an. Die 30-min\u00fctige Sitzung erm\u00f6glicht es Ihnen, als Begleitperson die wohltuende Atmosph\u00e4re mitzuerleben und gemeinsam mit Ihrem Tier die wohltuende Wirkung der Solevernebelung zu nutzen.<\/p>\n\n\n\n<div class=\"wp-block-buttons is-layout-flex wp-block-buttons-is-layout-flex\">\n<div class=\"wp-block-button has-custom-font-size has-small-font-size\"><a class=\"wp-block-button__link has-white-color has-text-color has-background has-link-color wp-element-button\" href=\"http:\/\/511084034.swh.strato-hosting.eu\/salzgrotte\/solevernebelung-fuer-kleintiere\/\" style=\"background-color:#7b151c\">Mehr Informationen<\/a><\/div>\n<\/div>\n<\/div><\/div>\n","protected":false},"excerpt":{"rendered":"<p>Willkommen in einem R\u00fcckzugsort der Entspannung und Erholung Die Bocholter Salzgrotte l\u00e4dt Sie ein, in die faszinierende Welt der Salzkristalle einzutauchen und in einer wohligen Atmosph\u00e4re einen Moment der Ruhe &hellip; <\/p>\n","protected":false},"author":1,"featured_media":319,"parent":0,"menu_order":0,"comment_status":"closed","ping_status":"open","template":"","meta":{"footnotes":""},"class_list":["post-2","page","type-page","status-publish","has-post-thumbnail","hentry"],"yoast_head":"<!-- This site is optimized with the Yoast SEO plugin v23.9 - https:\/\/yoast.com\/wordpress\/plugins\/seo\/ -->\n<title>Herzlich willkommen in der Bocholter Salzgrotte! - Bocholter Salzgrotte<\/title>\n<meta name=\"robots\" content=\"index, follow, max-snippet:-1, max-image-preview:large, max-video-preview:-1\" \/>\n<link rel=\"canonical\" href=\"https:\/\/www.bocholterinhalationen.de\/salzgrotte\/\" \/>\n<meta property=\"og:locale\" content=\"de_DE\" \/>\n<meta property=\"og:type\" content=\"article\" \/>\n<meta property=\"og:title\" content=\"Herzlich willkommen in der Bocholter Salzgrotte! - Bocholter Salzgrotte\" \/>\n<meta property=\"og:description\" content=\"Willkommen in einem R\u00fcckzugsort der Entspannung und Erholung Die Bocholter Salzgrotte l\u00e4dt Sie ein, in die faszinierende Welt der Salzkristalle einzutauchen und in einer wohligen Atmosph\u00e4re einen Moment der Ruhe &hellip;\" \/>\n<meta property=\"og:url\" content=\"https:\/\/www.bocholterinhalationen.de\/salzgrotte\/\" \/>\n<meta property=\"og:site_name\" content=\"Bocholter Salzgrotte\" \/>\n<meta property=\"article:publisher\" content=\"https:\/\/www.facebook.com\/bocholtersalzgrotte\" \/>\n<meta property=\"article:modified_time\" content=\"2024-08-26T05:22:19+00:00\" \/>\n<meta property=\"og:image\" content=\"https:\/\/www.bocholterinhalationen.de\/salzgrotte\/wp-content\/uploads\/2024\/08\/Bocholter_Salzgrotte_Header_Startseite_1920x700px-scaled.jpg\" \/>\n\t<meta property=\"og:image:width\" content=\"2560\" \/>\n\t<meta property=\"og:image:height\" content=\"934\" \/>\n\t<meta property=\"og:image:type\" content=\"image\/jpeg\" \/>\n<meta name=\"twitter:card\" content=\"summary_large_image\" \/>\n<meta name=\"twitter:label1\" content=\"Gesch\u00e4tzte Lesezeit\" \/>\n\t<meta name=\"twitter:data1\" content=\"2\u00a0Minuten\" \/>\n<script type=\"application\/ld+json\" class=\"yoast-schema-graph\">{\"@context\":\"https:\/\/schema.org\",\"@graph\":[{\"@type\":\"WebPage\",\"@id\":\"https:\/\/www.bocholterinhalationen.de\/salzgrotte\/\",\"url\":\"https:\/\/www.bocholterinhalationen.de\/salzgrotte\/\",\"name\":\"Herzlich willkommen in der Bocholter Salzgrotte! - Bocholter Salzgrotte\",\"isPartOf\":{\"@id\":\"https:\/\/www.bocholterinhalationen.de\/salzgrotte\/#website\"},\"primaryImageOfPage\":{\"@id\":\"https:\/\/www.bocholterinhalationen.de\/salzgrotte\/#primaryimage\"},\"image\":{\"@id\":\"https:\/\/www.bocholterinhalationen.de\/salzgrotte\/#primaryimage\"},\"thumbnailUrl\":\"https:\/\/www.bocholterinhalationen.de\/salzgrotte\/wp-content\/uploads\/2024\/08\/Bocholter_Salzgrotte_Header_Startseite_1920x700px-scaled.jpg\",\"datePublished\":\"2024-04-08T19:02:38+00:00\",\"dateModified\":\"2024-08-26T05:22:19+00:00\",\"breadcrumb\":{\"@id\":\"https:\/\/www.bocholterinhalationen.de\/salzgrotte\/#breadcrumb\"},\"inLanguage\":\"de\",\"potentialAction\":[{\"@type\":\"ReadAction\",\"target\":[\"https:\/\/www.bocholterinhalationen.de\/salzgrotte\/\"]}]},{\"@type\":\"ImageObject\",\"inLanguage\":\"de\",\"@id\":\"https:\/\/www.bocholterinhalationen.de\/salzgrotte\/#primaryimage\",\"url\":\"https:\/\/www.bocholterinhalationen.de\/salzgrotte\/wp-content\/uploads\/2024\/08\/Bocholter_Salzgrotte_Header_Startseite_1920x700px-scaled.jpg\",\"contentUrl\":\"https:\/\/www.bocholterinhalationen.de\/salzgrotte\/wp-content\/uploads\/2024\/08\/Bocholter_Salzgrotte_Header_Startseite_1920x700px-scaled.jpg\",\"width\":2560,\"height\":934,\"caption\":\"Banner Bocholter Salzgrotte\"},{\"@type\":\"BreadcrumbList\",\"@id\":\"https:\/\/www.bocholterinhalationen.de\/salzgrotte\/#breadcrumb\",\"itemListElement\":[{\"@type\":\"ListItem\",\"position\":1,\"name\":\"Startseite\",\"item\":\"https:\/\/www.bocholterinhalationen.de\/salzgrotte\/\"},{\"@type\":\"ListItem\",\"position\":2,\"name\":\"Herzlich willkommen in der Bocholter Salzgrotte!\"}]},{\"@type\":\"WebSite\",\"@id\":\"https:\/\/www.bocholterinhalationen.de\/salzgrotte\/#website\",\"url\":\"https:\/\/www.bocholterinhalationen.de\/salzgrotte\/\",\"name\":\"Bocholter Salzgrotte\",\"description\":\"by Bocholter Inhalationen\",\"publisher\":{\"@id\":\"https:\/\/www.bocholterinhalationen.de\/salzgrotte\/#organization\"},\"potentialAction\":[{\"@type\":\"SearchAction\",\"target\":{\"@type\":\"EntryPoint\",\"urlTemplate\":\"https:\/\/www.bocholterinhalationen.de\/salzgrotte\/?s={search_term_string}\"},\"query-input\":{\"@type\":\"PropertyValueSpecification\",\"valueRequired\":true,\"valueName\":\"search_term_string\"}}],\"inLanguage\":\"de\"},{\"@type\":\"Organization\",\"@id\":\"https:\/\/www.bocholterinhalationen.de\/salzgrotte\/#organization\",\"name\":\"Bocholter Salzgrotte\",\"url\":\"https:\/\/www.bocholterinhalationen.de\/salzgrotte\/\",\"logo\":{\"@type\":\"ImageObject\",\"inLanguage\":\"de\",\"@id\":\"https:\/\/www.bocholterinhalationen.de\/salzgrotte\/#\/schema\/logo\/image\/\",\"url\":\"https:\/\/www.bocholterinhalationen.de\/salzgrotte\/wp-content\/uploads\/2024\/04\/cropped-Bocholter_Salzgrotte_Logo_512x512_72dpi.jpg\",\"contentUrl\":\"https:\/\/www.bocholterinhalationen.de\/salzgrotte\/wp-content\/uploads\/2024\/04\/cropped-Bocholter_Salzgrotte_Logo_512x512_72dpi.jpg\",\"width\":512,\"height\":512,\"caption\":\"Bocholter Salzgrotte\"},\"image\":{\"@id\":\"https:\/\/www.bocholterinhalationen.de\/salzgrotte\/#\/schema\/logo\/image\/\"},\"sameAs\":[\"https:\/\/www.facebook.com\/bocholtersalzgrotte\",\"https:\/\/www.instagram.com\/bocholter_salzgrotte\/\"]}]}<\/script>\n<!-- \/ Yoast SEO plugin. -->","yoast_head_json":{"title":"Herzlich willkommen in der Bocholter Salzgrotte! - Bocholter Salzgrotte","robots":{"index":"index","follow":"follow","max-snippet":"max-snippet:-1","max-image-preview":"max-image-preview:large","max-video-preview":"max-video-preview:-1"},"canonical":"https:\/\/www.bocholterinhalationen.de\/salzgrotte\/","og_locale":"de_DE","og_type":"article","og_title":"Herzlich willkommen in der Bocholter Salzgrotte! - Bocholter Salzgrotte","og_description":"Willkommen in einem R\u00fcckzugsort der Entspannung und Erholung Die Bocholter Salzgrotte l\u00e4dt Sie ein, in die faszinierende Welt der Salzkristalle einzutauchen und in einer wohligen Atmosph\u00e4re einen Moment der Ruhe &hellip;","og_url":"https:\/\/www.bocholterinhalationen.de\/salzgrotte\/","og_site_name":"Bocholter Salzgrotte","article_publisher":"https:\/\/www.facebook.com\/bocholtersalzgrotte","article_modified_time":"2024-08-26T05:22:19+00:00","og_image":[{"width":2560,"height":934,"url":"https:\/\/www.bocholterinhalationen.de\/salzgrotte\/wp-content\/uploads\/2024\/08\/Bocholter_Salzgrotte_Header_Startseite_1920x700px-scaled.jpg","type":"image\/jpeg"}],"twitter_card":"summary_large_image","twitter_misc":{"Gesch\u00e4tzte Lesezeit":"2\u00a0Minuten"},"schema":{"@context":"https:\/\/schema.org","@graph":[{"@type":"WebPage","@id":"https:\/\/www.bocholterinhalationen.de\/salzgrotte\/","url":"https:\/\/www.bocholterinhalationen.de\/salzgrotte\/","name":"Herzlich willkommen in der Bocholter Salzgrotte! - Bocholter Salzgrotte","isPartOf":{"@id":"https:\/\/www.bocholterinhalationen.de\/salzgrotte\/#website"},"primaryImageOfPage":{"@id":"https:\/\/www.bocholterinhalationen.de\/salzgrotte\/#primaryimage"},"image":{"@id":"https:\/\/www.bocholterinhalationen.de\/salzgrotte\/#primaryimage"},"thumbnailUrl":"https:\/\/www.bocholterinhalationen.de\/salzgrotte\/wp-content\/uploads\/2024\/08\/Bocholter_Salzgrotte_Header_Startseite_1920x700px-scaled.jpg","datePublished":"2024-04-08T19:02:38+00:00","dateModified":"2024-08-26T05:22:19+00:00","breadcrumb":{"@id":"https:\/\/www.bocholterinhalationen.de\/salzgrotte\/#breadcrumb"},"inLanguage":"de","potentialAction":[{"@type":"ReadAction","target":["https:\/\/www.bocholterinhalationen.de\/salzgrotte\/"]}]},{"@type":"ImageObject","inLanguage":"de","@id":"https:\/\/www.bocholterinhalationen.de\/salzgrotte\/#primaryimage","url":"https:\/\/www.bocholterinhalationen.de\/salzgrotte\/wp-content\/uploads\/2024\/08\/Bocholter_Salzgrotte_Header_Startseite_1920x700px-scaled.jpg","contentUrl":"https:\/\/www.bocholterinhalationen.de\/salzgrotte\/wp-content\/uploads\/2024\/08\/Bocholter_Salzgrotte_Header_Startseite_1920x700px-scaled.jpg","width":2560,"height":934,"caption":"Banner Bocholter Salzgrotte"},{"@type":"BreadcrumbList","@id":"https:\/\/www.bocholterinhalationen.de\/salzgrotte\/#breadcrumb","itemListElement":[{"@type":"ListItem","position":1,"name":"Startseite","item":"https:\/\/www.bocholterinhalationen.de\/salzgrotte\/"},{"@type":"ListItem","position":2,"name":"Herzlich willkommen in der Bocholter Salzgrotte!"}]},{"@type":"WebSite","@id":"https:\/\/www.bocholterinhalationen.de\/salzgrotte\/#website","url":"https:\/\/www.bocholterinhalationen.de\/salzgrotte\/","name":"Bocholter Salzgrotte","description":"by Bocholter Inhalationen","publisher":{"@id":"https:\/\/www.bocholterinhalationen.de\/salzgrotte\/#organization"},"potentialAction":[{"@type":"SearchAction","target":{"@type":"EntryPoint","urlTemplate":"https:\/\/www.bocholterinhalationen.de\/salzgrotte\/?s={search_term_string}"},"query-input":{"@type":"PropertyValueSpecification","valueRequired":true,"valueName":"search_term_string"}}],"inLanguage":"de"},{"@type":"Organization","@id":"https:\/\/www.bocholterinhalationen.de\/salzgrotte\/#organization","name":"Bocholter Salzgrotte","url":"https:\/\/www.bocholterinhalationen.de\/salzgrotte\/","logo":{"@type":"ImageObject","inLanguage":"de","@id":"https:\/\/www.bocholterinhalationen.de\/salzgrotte\/#\/schema\/logo\/image\/","url":"https:\/\/www.bocholterinhalationen.de\/salzgrotte\/wp-content\/uploads\/2024\/04\/cropped-Bocholter_Salzgrotte_Logo_512x512_72dpi.jpg","contentUrl":"https:\/\/www.bocholterinhalationen.de\/salzgrotte\/wp-content\/uploads\/2024\/04\/cropped-Bocholter_Salzgrotte_Logo_512x512_72dpi.jpg","width":512,"height":512,"caption":"Bocholter Salzgrotte"},"image":{"@id":"https:\/\/www.bocholterinhalationen.de\/salzgrotte\/#\/schema\/logo\/image\/"},"sameAs":["https:\/\/www.facebook.com\/bocholtersalzgrotte","https:\/\/www.instagram.com\/bocholter_salzgrotte\/"]}]}},"_links":{"self":[{"href":"https:\/\/www.bocholterinhalationen.de\/salzgrotte\/wp-json\/wp\/v2\/pages\/2","targetHints":{"allow":["GET"]}}],"collection":[{"href":"https:\/\/www.bocholterinhalationen.de\/salzgrotte\/wp-json\/wp\/v2\/pages"}],"about":[{"href":"https:\/\/www.bocholterinhalationen.de\/salzgrotte\/wp-json\/wp\/v2\/types\/page"}],"author":[{"embeddable":true,"href":"https:\/\/www.bocholterinhalationen.de\/salzgrotte\/wp-json\/wp\/v2\/users\/1"}],"replies":[{"embeddable":true,"href":"https:\/\/www.bocholterinhalationen.de\/salzgrotte\/wp-json\/wp\/v2\/comments?post=2"}],"version-history":[{"count":25,"href":"https:\/\/www.bocholterinhalationen.de\/salzgrotte\/wp-json\/wp\/v2\/pages\/2\/revisions"}],"predecessor-version":[{"id":349,"href":"https:\/\/www.bocholterinhalationen.de\/salzgrotte\/wp-json\/wp\/v2\/pages\/2\/revisions\/349"}],"wp:featuredmedia":[{"embeddable":true,"href":"https:\/\/www.bocholterinhalationen.de\/salzgrotte\/wp-json\/wp\/v2\/media\/319"}],"wp:attachment":[{"href":"https:\/\/www.bocholterinhalationen.de\/salzgrotte\/wp-json\/wp\/v2\/media?parent=2"}],"curies":[{"name":"wp","href":"https:\/\/api.w.org\/{rel}","templated":true}]}}