{"id":19,"date":"2024-04-16T08:49:25","date_gmt":"2024-04-16T06:49:25","guid":{"rendered":"http:\/\/511084034.swh.strato-hosting.eu\/salzgrotte\/?page_id=19"},"modified":"2025-05-18T20:40:34","modified_gmt":"2025-05-18T18:40:34","slug":"hypoxi","status":"publish","type":"page","link":"https:\/\/www.bocholterinhalationen.de\/salzgrotte\/hypoxi\/","title":{"rendered":"Hypoxi\u00ae"},"content":{"rendered":"\n<h3 class=\"wp-block-heading\"><strong>HYPOXI<strong>\u00ae<\/strong>&nbsp;\u2013 die gezielte L\u00f6sung f\u00fcr eine attraktive Figur<\/strong><\/h3>\n\n\n\n<figure class=\"wp-block-image size-large\"><img loading=\"lazy\" decoding=\"async\" width=\"1024\" height=\"373\" src=\"http:\/\/511084034.swh.strato-hosting.eu\/salzgrotte\/wp-content\/uploads\/2024\/08\/Bocholter_Salzgrotte_Hypoxi_1_1920x700px-1024x373.jpg\" alt=\"Hypoxi\" class=\"wp-image-345\" srcset=\"https:\/\/www.bocholterinhalationen.de\/salzgrotte\/wp-content\/uploads\/2024\/08\/Bocholter_Salzgrotte_Hypoxi_1_1920x700px-1024x373.jpg 1024w, https:\/\/www.bocholterinhalationen.de\/salzgrotte\/wp-content\/uploads\/2024\/08\/Bocholter_Salzgrotte_Hypoxi_1_1920x700px-300x109.jpg 300w, https:\/\/www.bocholterinhalationen.de\/salzgrotte\/wp-content\/uploads\/2024\/08\/Bocholter_Salzgrotte_Hypoxi_1_1920x700px-768x280.jpg 768w, https:\/\/www.bocholterinhalationen.de\/salzgrotte\/wp-content\/uploads\/2024\/08\/Bocholter_Salzgrotte_Hypoxi_1_1920x700px-1536x560.jpg 1536w, https:\/\/www.bocholterinhalationen.de\/salzgrotte\/wp-content\/uploads\/2024\/08\/Bocholter_Salzgrotte_Hypoxi_1_1920x700px-2048x747.jpg 2048w, https:\/\/www.bocholterinhalationen.de\/salzgrotte\/wp-content\/uploads\/2024\/08\/Bocholter_Salzgrotte_Hypoxi_1_1920x700px-1920x700.jpg 1920w\" sizes=\"auto, (max-width: 1024px) 100vw, 1024px\" \/><\/figure>\n\n\n\n<p>Die HYPOXI-Methode beruht auf drei Hauptprinzipien: Wechseldruck, moderates Bewegungstraining und ausgewogene Ern\u00e4hrung.<\/p>\n\n\n\n<p>Mit der HYPOXI-Methode werden gezielt die typischen Problemzonen, sowohl bei Frauen als auch bei M\u00e4nnern, angegangen. Dies erfolgt auf nat\u00fcrliche Weise, indem die Prinzipien des Fettstoffwechsels genutzt werden, um unerw\u00fcnschte Fettdepots an Bauch, H\u00fcfte, Po und Oberschenkeln abzubauen.<\/p>\n\n\n\n<p>Zus\u00e4tzlich wird durch das HYPOXI-Training das Bindegewebe gest\u00e4rkt und die Haut gestrafft, was zu einer deutlichen Verbesserung des Erscheinungsbilds von Cellulite f\u00fchrt.<\/p>\n\n\n\n<p>Die einzigartige Kombination aus modernen Ger\u00e4ten und individueller Betreuung macht die HYPOXI-Methode effektiv und nachhaltig. Mit HYPOXI&nbsp; k\u00f6nnen auch Sie Ihre Ziele in Bezug auf die Figur erreichen.<\/p>\n\n\n\n<h4 class=\"wp-block-heading\">1. Wechseldruck<\/h4>\n\n\n\n<p>Durch gezielten und sanften Druck auf die betroffenen K\u00f6rperpartien wird das Gewebe stimuliert und die Durchblutung intensiv angeregt. Der Wechseldruck setzt w\u00e4hrend des gesamten HYPOXI-Trainings genau dort an, wo Ihre Fettdepots sich befinden.<\/p>\n\n\n\n<h4 class=\"wp-block-heading\">2. Moderates Bewegungstraining<\/h4>\n\n\n\n<p>Ein leichtes Ergometer-Training bringt den Fettstoffwechsel in Schwung, was entscheidend ist, um \u00fcbersch\u00fcssiges Fett zu aktivieren und durch den Blutkreislauf zur Verbrennung in den Muskeln zu transportieren.<\/p>\n\n\n\n<h4 class=\"wp-block-heading\">3. Ausgewogene Ern\u00e4hrung<\/h4>\n\n\n\n<p>Bei HYPOXI&nbsp; gibt es keine strikten Hungerkuren oder einseitigen Di\u00e4ten. Wir entwickeln gemeinsam mit Ihnen einen Ern\u00e4hrungsplan, der individuell auf die Bed\u00fcrfnisse Ihres K\u00f6rpers abgestimmt ist und Sie bei der Erreichung Ihrer Ziele optimal unterst\u00fctzt, ohne den ber\u00fcchtigten Jojo-Effekt zu riskieren.<\/p>\n\n\n\n<h3 class=\"wp-block-heading\">Unsere HYPOXI-Trainingsger\u00e4te<\/h3>\n\n\n\n<p>Die HYPOXI-Trainingsger\u00e4te konzentrieren sich gezielt auf bestimmte Problemzonen am K\u00f6rper und kombinieren moderates Fettverbrennungstraining mit der Aktivierung der Durchblutung in der gew\u00fcnschten K\u00f6rperregion. Der S120 und der L250 konzentrieren sich auf die Problemzonen Beine, H\u00fcfte und Po. Zur Straffung des Bindegewebes und Verbesserung des Hautbilds wird zus\u00e4tzlich die HYPOXI-Dermologie verwendet.<\/p>\n\n\n\n<div style=\"height:20px\" aria-hidden=\"true\" class=\"wp-block-spacer\"><\/div>\n\n\n\n<hr class=\"wp-block-separator has-text-color has-alpha-channel-opacity has-background\" style=\"background-color:#c4b49b4d;color:#c4b49b4d\"\/>\n\n\n\n<div style=\"height:20px\" aria-hidden=\"true\" class=\"wp-block-spacer\"><\/div>\n\n\n\n<div class=\"wp-block-media-text is-stacked-on-mobile is-vertically-aligned-top\" style=\"grid-template-columns:30% auto\"><figure class=\"wp-block-media-text__media\"><img loading=\"lazy\" decoding=\"async\" width=\"1024\" height=\"768\" src=\"http:\/\/511084034.swh.strato-hosting.eu\/salzgrotte\/wp-content\/uploads\/2024\/06\/Hpxi-0178-1024x768.jpg\" alt=\"\" class=\"wp-image-170 size-full\" srcset=\"https:\/\/www.bocholterinhalationen.de\/salzgrotte\/wp-content\/uploads\/2024\/06\/Hpxi-0178-1024x768.jpg 1024w, https:\/\/www.bocholterinhalationen.de\/salzgrotte\/wp-content\/uploads\/2024\/06\/Hpxi-0178-300x225.jpg 300w, https:\/\/www.bocholterinhalationen.de\/salzgrotte\/wp-content\/uploads\/2024\/06\/Hpxi-0178-768x576.jpg 768w, https:\/\/www.bocholterinhalationen.de\/salzgrotte\/wp-content\/uploads\/2024\/06\/Hpxi-0178-1536x1152.jpg 1536w, https:\/\/www.bocholterinhalationen.de\/salzgrotte\/wp-content\/uploads\/2024\/06\/Hpxi-0178-80x60.jpg 80w, https:\/\/www.bocholterinhalationen.de\/salzgrotte\/wp-content\/uploads\/2024\/06\/Hpxi-0178-640x480.jpg 640w, https:\/\/www.bocholterinhalationen.de\/salzgrotte\/wp-content\/uploads\/2024\/06\/Hpxi-0178-110x83.jpg 110w, https:\/\/www.bocholterinhalationen.de\/salzgrotte\/wp-content\/uploads\/2024\/06\/Hpxi-0178.jpg 1772w\" sizes=\"auto, (max-width: 1024px) 100vw, 1024px\" \/><\/figure><div class=\"wp-block-media-text__content\">\n<h4 class=\"wp-block-heading\">HYPOXI L250<\/h4>\n\n\n\n<p>Dieses Ger\u00e4t eignet sich besonders f\u00fcr Personen mit hohem K\u00f6rpergewicht oder geringer Fitness, da das Training im Liegen erfolgt. Der st\u00e4ndige Wechsel zwischen Unter- und Normaldruck steigert die Durchblutung. Die Beine treten nach oben, sodass die Schwerkraft auf nat\u00fcrliche und gesunde Art den Abtransport des Fetts beschleunigt und eventuellen Stauungen entgegenwirkt.<\/p>\n<\/div><\/div>\n\n\n\n<div style=\"height:20px\" aria-hidden=\"true\" class=\"wp-block-spacer\"><\/div>\n\n\n\n<hr class=\"wp-block-separator has-text-color has-alpha-channel-opacity has-background\" style=\"background-color:#c4b49b4d;color:#c4b49b4d\"\/>\n\n\n\n<div style=\"height:20px\" aria-hidden=\"true\" class=\"wp-block-spacer\"><\/div>\n\n\n\n<div class=\"wp-block-media-text is-stacked-on-mobile is-vertically-aligned-top\" style=\"grid-template-columns:30% auto\"><figure class=\"wp-block-media-text__media\"><img loading=\"lazy\" decoding=\"async\" width=\"768\" height=\"1024\" src=\"http:\/\/511084034.swh.strato-hosting.eu\/salzgrotte\/wp-content\/uploads\/2024\/06\/Hpxi-0670-768x1024.jpg\" alt=\"\" class=\"wp-image-169 size-full\" srcset=\"https:\/\/www.bocholterinhalationen.de\/salzgrotte\/wp-content\/uploads\/2024\/06\/Hpxi-0670-768x1024.jpg 768w, https:\/\/www.bocholterinhalationen.de\/salzgrotte\/wp-content\/uploads\/2024\/06\/Hpxi-0670-225x300.jpg 225w, https:\/\/www.bocholterinhalationen.de\/salzgrotte\/wp-content\/uploads\/2024\/06\/Hpxi-0670-1152x1536.jpg 1152w, https:\/\/www.bocholterinhalationen.de\/salzgrotte\/wp-content\/uploads\/2024\/06\/Hpxi-0670-45x60.jpg 45w, https:\/\/www.bocholterinhalationen.de\/salzgrotte\/wp-content\/uploads\/2024\/06\/Hpxi-0670.jpg 1318w\" sizes=\"auto, (max-width: 768px) 100vw, 768px\" \/><\/figure><div class=\"wp-block-media-text__content\">\n<h4 class=\"wp-block-heading\">HYPOXI S120<\/h4>\n\n\n\n<p>Drei Prinzipien wirken zusammen, um effektiv unerw\u00fcnschte Fettpolster an Beinen und Po abzubauen: Unter- und \u00dcberdruck, kombiniert mit moderatem Training. Die Vakuumbehandlung saugt Blut in Haut und Fettgewebe und verst\u00e4rkt dadurch die N\u00e4hrstoffversorgung. In der Kompressionsphase werden Blut und K\u00f6rperfl\u00fcssigkeiten wieder abtransportiert. Durch das moderate Bewegungstraining wird das abgebaute Fett in den Muskeln verbrannt.<\/p>\n<\/div><\/div>\n\n\n\n<div style=\"height:20px\" aria-hidden=\"true\" class=\"wp-block-spacer\"><\/div>\n\n\n\n<hr class=\"wp-block-separator has-text-color has-alpha-channel-opacity has-background\" style=\"background-color:#c4b49b4d;color:#c4b49b4d\"\/>\n\n\n\n<div style=\"height:20px\" aria-hidden=\"true\" class=\"wp-block-spacer\"><\/div>\n\n\n\n<div class=\"wp-block-media-text is-stacked-on-mobile is-vertically-aligned-top\" style=\"grid-template-columns:30% auto\"><figure class=\"wp-block-media-text__media\"><img loading=\"lazy\" decoding=\"async\" width=\"1024\" height=\"768\" src=\"http:\/\/511084034.swh.strato-hosting.eu\/salzgrotte\/wp-content\/uploads\/2024\/06\/Hpxi-0975-1024x768.jpg\" alt=\"\" class=\"wp-image-168 size-full\" srcset=\"https:\/\/www.bocholterinhalationen.de\/salzgrotte\/wp-content\/uploads\/2024\/06\/Hpxi-0975-1024x768.jpg 1024w, https:\/\/www.bocholterinhalationen.de\/salzgrotte\/wp-content\/uploads\/2024\/06\/Hpxi-0975-300x225.jpg 300w, https:\/\/www.bocholterinhalationen.de\/salzgrotte\/wp-content\/uploads\/2024\/06\/Hpxi-0975-768x576.jpg 768w, https:\/\/www.bocholterinhalationen.de\/salzgrotte\/wp-content\/uploads\/2024\/06\/Hpxi-0975-1536x1152.jpg 1536w, https:\/\/www.bocholterinhalationen.de\/salzgrotte\/wp-content\/uploads\/2024\/06\/Hpxi-0975-80x60.jpg 80w, https:\/\/www.bocholterinhalationen.de\/salzgrotte\/wp-content\/uploads\/2024\/06\/Hpxi-0975-640x480.jpg 640w, https:\/\/www.bocholterinhalationen.de\/salzgrotte\/wp-content\/uploads\/2024\/06\/Hpxi-0975-110x83.jpg 110w, https:\/\/www.bocholterinhalationen.de\/salzgrotte\/wp-content\/uploads\/2024\/06\/Hpxi-0975.jpg 1772w\" sizes=\"auto, (max-width: 1024px) 100vw, 1024px\" \/><\/figure><div class=\"wp-block-media-text__content\">\n<h4 class=\"wp-block-heading\">HYPOXI-Dermologie<\/h4>\n\n\n\n<p>Die HYPOXI-Dermologie strafft die Haut durch die Aktivierungskammern des HD-PressureSuits, w\u00e4hrend Sie bequem auf der ergonomisch geformten HD Comfort-Liege entspannen. Im Wechsel zwischen \u00dcber- und Unterdruck bearbeiten 400 Kammern gleichzeitig die Problemzonen nach dem Prinzip des Schr\u00f6pfens.<\/p>\n<\/div><\/div>\n\n\n\n<div style=\"height:20px\" aria-hidden=\"true\" class=\"wp-block-spacer\"><\/div>\n\n\n\n<hr class=\"wp-block-separator has-text-color has-alpha-channel-opacity has-background\" style=\"background-color:#c4b49b4d;color:#c4b49b4d\"\/>\n\n\n\n<div style=\"height:20px\" aria-hidden=\"true\" class=\"wp-block-spacer\"><\/div>\n\n\n\n<figure class=\"wp-block-image size-large\"><img loading=\"lazy\" decoding=\"async\" width=\"1024\" height=\"373\" src=\"http:\/\/511084034.swh.strato-hosting.eu\/salzgrotte\/wp-content\/uploads\/2024\/08\/Bocholter_Salzgrotte_Header_Hypoxi_1920x700px-1024x373.jpg\" alt=\"\" class=\"wp-image-311\" srcset=\"https:\/\/www.bocholterinhalationen.de\/salzgrotte\/wp-content\/uploads\/2024\/08\/Bocholter_Salzgrotte_Header_Hypoxi_1920x700px-1024x373.jpg 1024w, https:\/\/www.bocholterinhalationen.de\/salzgrotte\/wp-content\/uploads\/2024\/08\/Bocholter_Salzgrotte_Header_Hypoxi_1920x700px-300x109.jpg 300w, https:\/\/www.bocholterinhalationen.de\/salzgrotte\/wp-content\/uploads\/2024\/08\/Bocholter_Salzgrotte_Header_Hypoxi_1920x700px-768x280.jpg 768w, https:\/\/www.bocholterinhalationen.de\/salzgrotte\/wp-content\/uploads\/2024\/08\/Bocholter_Salzgrotte_Header_Hypoxi_1920x700px-1536x560.jpg 1536w, https:\/\/www.bocholterinhalationen.de\/salzgrotte\/wp-content\/uploads\/2024\/08\/Bocholter_Salzgrotte_Header_Hypoxi_1920x700px-2048x747.jpg 2048w, https:\/\/www.bocholterinhalationen.de\/salzgrotte\/wp-content\/uploads\/2024\/08\/Bocholter_Salzgrotte_Header_Hypoxi_1920x700px-1920x700.jpg 1920w\" sizes=\"auto, (max-width: 1024px) 100vw, 1024px\" \/><\/figure>\n\n\n\n<h3 class=\"wp-block-heading\">HYPOXI Probetraining<\/h3>\n\n\n\n<p><strong>Testen Sie HYPOXI jetzt kostenlos<\/strong> und unverbindlich bei uns vor Ort in einem kostenlosen Probetraining.<\/p>\n\n\n\n<p>Das Probetraining ist <strong>kostenlos<\/strong>, v\u00f6llig unverbindlich und bietet Ihnen:<\/p>\n\n\n\n<ul class=\"wp-block-list\">\n<li>Vorstellung der HYPOXI-Methode und deren M\u00f6glichkeiten<\/li>\n\n\n\n<li>Individuelles Beratungsgespr\u00e4ch mit Figur-Analyse<\/li>\n\n\n\n<li>Eine Anwendung am geeigneten HYPOXI-Ger\u00e4t<\/li>\n<\/ul>\n\n\n\n<div class=\"wp-block-columns is-layout-flex wp-container-core-columns-is-layout-9d6595d7 wp-block-columns-is-layout-flex\">\n<div class=\"wp-block-column is-layout-flow wp-block-column-is-layout-flow\">\n<div class=\"wp-block-buttons is-layout-flex wp-block-buttons-is-layout-flex\">\n<div class=\"wp-block-button\"><a class=\"wp-block-button__link has-white-color has-text-color has-background has-link-color has-small-font-size has-custom-font-size wp-element-button\" href=\"http:\/\/511084034.swh.strato-hosting.eu\/salzgrotte\/kontakt\/\" style=\"background-color:#7b151c\" target=\"_blank\" rel=\"noreferrer noopener\">Jetzt Probetraining vereinbaren<\/a><\/div>\n<\/div>\n<\/div>\n\n\n\n<div class=\"wp-block-column is-layout-flow wp-block-column-is-layout-flow\">\n<div class=\"wp-block-buttons is-layout-flex wp-block-buttons-is-layout-flex\">\n<div class=\"wp-block-button\"><a class=\"wp-block-button__link has-white-color has-text-color has-background has-link-color has-small-font-size has-custom-font-size wp-element-button\" href=\"https:\/\/www.bocholterinhalationen.de\/salzgrotte\/wp-content\/uploads\/2024\/08\/Hypoxi_Preisliste_A4.pdf\" style=\"background-color:#7b151c\" target=\"_blank\" rel=\"noreferrer noopener\">Zur HYPOXI-Preisliste<\/a><\/div>\n<\/div>\n<\/div>\n<\/div>\n","protected":false},"excerpt":{"rendered":"<p>HYPOXI\u00ae&nbsp;\u2013 die gezielte L\u00f6sung f\u00fcr eine attraktive Figur Die HYPOXI-Methode beruht auf drei Hauptprinzipien: Wechseldruck, moderates Bewegungstraining und ausgewogene Ern\u00e4hrung. Mit der HYPOXI-Methode werden gezielt die typischen Problemzonen, sowohl bei &hellip; <\/p>\n","protected":false},"author":1,"featured_media":345,"parent":0,"menu_order":0,"comment_status":"closed","ping_status":"closed","template":"","meta":{"footnotes":""},"class_list":["post-19","page","type-page","status-publish","has-post-thumbnail","hentry"],"yoast_head":"<!-- This site is optimized with the Yoast SEO plugin v23.9 - https:\/\/yoast.com\/wordpress\/plugins\/seo\/ -->\n<title>Hypoxi\u00ae - Bocholter Salzgrotte<\/title>\n<meta name=\"robots\" content=\"index, follow, max-snippet:-1, max-image-preview:large, max-video-preview:-1\" \/>\n<link rel=\"canonical\" href=\"https:\/\/www.bocholterinhalationen.de\/salzgrotte\/hypoxi\/\" \/>\n<meta property=\"og:locale\" content=\"de_DE\" \/>\n<meta property=\"og:type\" content=\"article\" \/>\n<meta property=\"og:title\" content=\"Hypoxi\u00ae - Bocholter Salzgrotte\" \/>\n<meta property=\"og:description\" content=\"HYPOXI\u00ae&nbsp;\u2013 die gezielte L\u00f6sung f\u00fcr eine attraktive Figur Die HYPOXI-Methode beruht auf drei Hauptprinzipien: Wechseldruck, moderates Bewegungstraining und ausgewogene Ern\u00e4hrung. Mit der HYPOXI-Methode werden gezielt die typischen Problemzonen, sowohl bei &hellip;\" \/>\n<meta property=\"og:url\" content=\"https:\/\/www.bocholterinhalationen.de\/salzgrotte\/hypoxi\/\" \/>\n<meta property=\"og:site_name\" content=\"Bocholter Salzgrotte\" \/>\n<meta property=\"article:publisher\" content=\"https:\/\/www.facebook.com\/bocholtersalzgrotte\" \/>\n<meta property=\"article:modified_time\" content=\"2025-05-18T18:40:34+00:00\" \/>\n<meta property=\"og:image\" content=\"https:\/\/www.bocholterinhalationen.de\/salzgrotte\/wp-content\/uploads\/2024\/08\/Bocholter_Salzgrotte_Hypoxi_1_1920x700px-scaled.jpg\" \/>\n\t<meta property=\"og:image:width\" content=\"2560\" \/>\n\t<meta property=\"og:image:height\" content=\"934\" \/>\n\t<meta property=\"og:image:type\" content=\"image\/jpeg\" \/>\n<meta name=\"twitter:card\" content=\"summary_large_image\" \/>\n<meta name=\"twitter:label1\" content=\"Gesch\u00e4tzte Lesezeit\" \/>\n\t<meta name=\"twitter:data1\" content=\"4\u00a0Minuten\" \/>\n<script type=\"application\/ld+json\" class=\"yoast-schema-graph\">{\"@context\":\"https:\/\/schema.org\",\"@graph\":[{\"@type\":\"WebPage\",\"@id\":\"https:\/\/www.bocholterinhalationen.de\/salzgrotte\/hypoxi\/\",\"url\":\"https:\/\/www.bocholterinhalationen.de\/salzgrotte\/hypoxi\/\",\"name\":\"Hypoxi\u00ae - Bocholter Salzgrotte\",\"isPartOf\":{\"@id\":\"https:\/\/www.bocholterinhalationen.de\/salzgrotte\/#website\"},\"primaryImageOfPage\":{\"@id\":\"https:\/\/www.bocholterinhalationen.de\/salzgrotte\/hypoxi\/#primaryimage\"},\"image\":{\"@id\":\"https:\/\/www.bocholterinhalationen.de\/salzgrotte\/hypoxi\/#primaryimage\"},\"thumbnailUrl\":\"https:\/\/www.bocholterinhalationen.de\/salzgrotte\/wp-content\/uploads\/2024\/08\/Bocholter_Salzgrotte_Hypoxi_1_1920x700px-scaled.jpg\",\"datePublished\":\"2024-04-16T06:49:25+00:00\",\"dateModified\":\"2025-05-18T18:40:34+00:00\",\"breadcrumb\":{\"@id\":\"https:\/\/www.bocholterinhalationen.de\/salzgrotte\/hypoxi\/#breadcrumb\"},\"inLanguage\":\"de\",\"potentialAction\":[{\"@type\":\"ReadAction\",\"target\":[\"https:\/\/www.bocholterinhalationen.de\/salzgrotte\/hypoxi\/\"]}]},{\"@type\":\"ImageObject\",\"inLanguage\":\"de\",\"@id\":\"https:\/\/www.bocholterinhalationen.de\/salzgrotte\/hypoxi\/#primaryimage\",\"url\":\"https:\/\/www.bocholterinhalationen.de\/salzgrotte\/wp-content\/uploads\/2024\/08\/Bocholter_Salzgrotte_Hypoxi_1_1920x700px-scaled.jpg\",\"contentUrl\":\"https:\/\/www.bocholterinhalationen.de\/salzgrotte\/wp-content\/uploads\/2024\/08\/Bocholter_Salzgrotte_Hypoxi_1_1920x700px-scaled.jpg\",\"width\":2560,\"height\":934,\"caption\":\"Hypoxi Frau an Trainingsgeraet Training Bocholter Salzgrotte\"},{\"@type\":\"BreadcrumbList\",\"@id\":\"https:\/\/www.bocholterinhalationen.de\/salzgrotte\/hypoxi\/#breadcrumb\",\"itemListElement\":[{\"@type\":\"ListItem\",\"position\":1,\"name\":\"Startseite\",\"item\":\"https:\/\/www.bocholterinhalationen.de\/salzgrotte\/\"},{\"@type\":\"ListItem\",\"position\":2,\"name\":\"Hypoxi\u00ae\"}]},{\"@type\":\"WebSite\",\"@id\":\"https:\/\/www.bocholterinhalationen.de\/salzgrotte\/#website\",\"url\":\"https:\/\/www.bocholterinhalationen.de\/salzgrotte\/\",\"name\":\"Bocholter Salzgrotte\",\"description\":\"by Bocholter Inhalationen\",\"publisher\":{\"@id\":\"https:\/\/www.bocholterinhalationen.de\/salzgrotte\/#organization\"},\"potentialAction\":[{\"@type\":\"SearchAction\",\"target\":{\"@type\":\"EntryPoint\",\"urlTemplate\":\"https:\/\/www.bocholterinhalationen.de\/salzgrotte\/?s={search_term_string}\"},\"query-input\":{\"@type\":\"PropertyValueSpecification\",\"valueRequired\":true,\"valueName\":\"search_term_string\"}}],\"inLanguage\":\"de\"},{\"@type\":\"Organization\",\"@id\":\"https:\/\/www.bocholterinhalationen.de\/salzgrotte\/#organization\",\"name\":\"Bocholter Salzgrotte\",\"url\":\"https:\/\/www.bocholterinhalationen.de\/salzgrotte\/\",\"logo\":{\"@type\":\"ImageObject\",\"inLanguage\":\"de\",\"@id\":\"https:\/\/www.bocholterinhalationen.de\/salzgrotte\/#\/schema\/logo\/image\/\",\"url\":\"https:\/\/www.bocholterinhalationen.de\/salzgrotte\/wp-content\/uploads\/2024\/04\/cropped-Bocholter_Salzgrotte_Logo_512x512_72dpi.jpg\",\"contentUrl\":\"https:\/\/www.bocholterinhalationen.de\/salzgrotte\/wp-content\/uploads\/2024\/04\/cropped-Bocholter_Salzgrotte_Logo_512x512_72dpi.jpg\",\"width\":512,\"height\":512,\"caption\":\"Bocholter Salzgrotte\"},\"image\":{\"@id\":\"https:\/\/www.bocholterinhalationen.de\/salzgrotte\/#\/schema\/logo\/image\/\"},\"sameAs\":[\"https:\/\/www.facebook.com\/bocholtersalzgrotte\",\"https:\/\/www.instagram.com\/bocholter_salzgrotte\/\"]}]}<\/script>\n<!-- \/ Yoast SEO plugin. -->","yoast_head_json":{"title":"Hypoxi\u00ae - Bocholter Salzgrotte","robots":{"index":"index","follow":"follow","max-snippet":"max-snippet:-1","max-image-preview":"max-image-preview:large","max-video-preview":"max-video-preview:-1"},"canonical":"https:\/\/www.bocholterinhalationen.de\/salzgrotte\/hypoxi\/","og_locale":"de_DE","og_type":"article","og_title":"Hypoxi\u00ae - Bocholter Salzgrotte","og_description":"HYPOXI\u00ae&nbsp;\u2013 die gezielte L\u00f6sung f\u00fcr eine attraktive Figur Die HYPOXI-Methode beruht auf drei Hauptprinzipien: Wechseldruck, moderates Bewegungstraining und ausgewogene Ern\u00e4hrung. Mit der HYPOXI-Methode werden gezielt die typischen Problemzonen, sowohl bei &hellip;","og_url":"https:\/\/www.bocholterinhalationen.de\/salzgrotte\/hypoxi\/","og_site_name":"Bocholter Salzgrotte","article_publisher":"https:\/\/www.facebook.com\/bocholtersalzgrotte","article_modified_time":"2025-05-18T18:40:34+00:00","og_image":[{"width":2560,"height":934,"url":"https:\/\/www.bocholterinhalationen.de\/salzgrotte\/wp-content\/uploads\/2024\/08\/Bocholter_Salzgrotte_Hypoxi_1_1920x700px-scaled.jpg","type":"image\/jpeg"}],"twitter_card":"summary_large_image","twitter_misc":{"Gesch\u00e4tzte Lesezeit":"4\u00a0Minuten"},"schema":{"@context":"https:\/\/schema.org","@graph":[{"@type":"WebPage","@id":"https:\/\/www.bocholterinhalationen.de\/salzgrotte\/hypoxi\/","url":"https:\/\/www.bocholterinhalationen.de\/salzgrotte\/hypoxi\/","name":"Hypoxi\u00ae - Bocholter Salzgrotte","isPartOf":{"@id":"https:\/\/www.bocholterinhalationen.de\/salzgrotte\/#website"},"primaryImageOfPage":{"@id":"https:\/\/www.bocholterinhalationen.de\/salzgrotte\/hypoxi\/#primaryimage"},"image":{"@id":"https:\/\/www.bocholterinhalationen.de\/salzgrotte\/hypoxi\/#primaryimage"},"thumbnailUrl":"https:\/\/www.bocholterinhalationen.de\/salzgrotte\/wp-content\/uploads\/2024\/08\/Bocholter_Salzgrotte_Hypoxi_1_1920x700px-scaled.jpg","datePublished":"2024-04-16T06:49:25+00:00","dateModified":"2025-05-18T18:40:34+00:00","breadcrumb":{"@id":"https:\/\/www.bocholterinhalationen.de\/salzgrotte\/hypoxi\/#breadcrumb"},"inLanguage":"de","potentialAction":[{"@type":"ReadAction","target":["https:\/\/www.bocholterinhalationen.de\/salzgrotte\/hypoxi\/"]}]},{"@type":"ImageObject","inLanguage":"de","@id":"https:\/\/www.bocholterinhalationen.de\/salzgrotte\/hypoxi\/#primaryimage","url":"https:\/\/www.bocholterinhalationen.de\/salzgrotte\/wp-content\/uploads\/2024\/08\/Bocholter_Salzgrotte_Hypoxi_1_1920x700px-scaled.jpg","contentUrl":"https:\/\/www.bocholterinhalationen.de\/salzgrotte\/wp-content\/uploads\/2024\/08\/Bocholter_Salzgrotte_Hypoxi_1_1920x700px-scaled.jpg","width":2560,"height":934,"caption":"Hypoxi Frau an Trainingsgeraet Training Bocholter Salzgrotte"},{"@type":"BreadcrumbList","@id":"https:\/\/www.bocholterinhalationen.de\/salzgrotte\/hypoxi\/#breadcrumb","itemListElement":[{"@type":"ListItem","position":1,"name":"Startseite","item":"https:\/\/www.bocholterinhalationen.de\/salzgrotte\/"},{"@type":"ListItem","position":2,"name":"Hypoxi\u00ae"}]},{"@type":"WebSite","@id":"https:\/\/www.bocholterinhalationen.de\/salzgrotte\/#website","url":"https:\/\/www.bocholterinhalationen.de\/salzgrotte\/","name":"Bocholter Salzgrotte","description":"by Bocholter Inhalationen","publisher":{"@id":"https:\/\/www.bocholterinhalationen.de\/salzgrotte\/#organization"},"potentialAction":[{"@type":"SearchAction","target":{"@type":"EntryPoint","urlTemplate":"https:\/\/www.bocholterinhalationen.de\/salzgrotte\/?s={search_term_string}"},"query-input":{"@type":"PropertyValueSpecification","valueRequired":true,"valueName":"search_term_string"}}],"inLanguage":"de"},{"@type":"Organization","@id":"https:\/\/www.bocholterinhalationen.de\/salzgrotte\/#organization","name":"Bocholter Salzgrotte","url":"https:\/\/www.bocholterinhalationen.de\/salzgrotte\/","logo":{"@type":"ImageObject","inLanguage":"de","@id":"https:\/\/www.bocholterinhalationen.de\/salzgrotte\/#\/schema\/logo\/image\/","url":"https:\/\/www.bocholterinhalationen.de\/salzgrotte\/wp-content\/uploads\/2024\/04\/cropped-Bocholter_Salzgrotte_Logo_512x512_72dpi.jpg","contentUrl":"https:\/\/www.bocholterinhalationen.de\/salzgrotte\/wp-content\/uploads\/2024\/04\/cropped-Bocholter_Salzgrotte_Logo_512x512_72dpi.jpg","width":512,"height":512,"caption":"Bocholter Salzgrotte"},"image":{"@id":"https:\/\/www.bocholterinhalationen.de\/salzgrotte\/#\/schema\/logo\/image\/"},"sameAs":["https:\/\/www.facebook.com\/bocholtersalzgrotte","https:\/\/www.instagram.com\/bocholter_salzgrotte\/"]}]}},"_links":{"self":[{"href":"https:\/\/www.bocholterinhalationen.de\/salzgrotte\/wp-json\/wp\/v2\/pages\/19","targetHints":{"allow":["GET"]}}],"collection":[{"href":"https:\/\/www.bocholterinhalationen.de\/salzgrotte\/wp-json\/wp\/v2\/pages"}],"about":[{"href":"https:\/\/www.bocholterinhalationen.de\/salzgrotte\/wp-json\/wp\/v2\/types\/page"}],"author":[{"embeddable":true,"href":"https:\/\/www.bocholterinhalationen.de\/salzgrotte\/wp-json\/wp\/v2\/users\/1"}],"replies":[{"embeddable":true,"href":"https:\/\/www.bocholterinhalationen.de\/salzgrotte\/wp-json\/wp\/v2\/comments?post=19"}],"version-history":[{"count":36,"href":"https:\/\/www.bocholterinhalationen.de\/salzgrotte\/wp-json\/wp\/v2\/pages\/19\/revisions"}],"predecessor-version":[{"id":425,"href":"https:\/\/www.bocholterinhalationen.de\/salzgrotte\/wp-json\/wp\/v2\/pages\/19\/revisions\/425"}],"wp:featuredmedia":[{"embeddable":true,"href":"https:\/\/www.bocholterinhalationen.de\/salzgrotte\/wp-json\/wp\/v2\/media\/345"}],"wp:attachment":[{"href":"https:\/\/www.bocholterinhalationen.de\/salzgrotte\/wp-json\/wp\/v2\/media?parent=19"}],"curies":[{"name":"wp","href":"https:\/\/api.w.org\/{rel}","templated":true}]}}