{"id":17,"date":"2024-04-16T08:49:09","date_gmt":"2024-04-16T06:49:09","guid":{"rendered":"http:\/\/511084034.swh.strato-hosting.eu\/salzgrotte\/?page_id=17"},"modified":"2024-12-18T16:03:26","modified_gmt":"2024-12-18T15:03:26","slug":"programm-veranstaltungen","status":"publish","type":"page","link":"https:\/\/www.bocholterinhalationen.de\/salzgrotte\/programm-veranstaltungen\/","title":{"rendered":"Programm\/Veranstaltungen"},"content":{"rendered":"\n<h3 class=\"wp-block-heading\">Entspannung pur: Nutzen Sie auch unser vielf\u00e4ltiges Kursangebot<\/h3>\n\n\n\n<p>Wir bieten regelm\u00e4\u00dfig Yoga-, Entspannungs- und Klangschalen-Kurse von externen Dienstleister\/innen in unserer Salzgrotte an. Hierunter finden Sie eine \u00dcbersicht der aktuellen Angebote.<\/p>\n\n\n\n<hr class=\"wp-block-separator has-text-color has-alpha-channel-opacity has-background\" style=\"background-color:#c4b49b4d;color:#c4b49b4d\"\/>\n\n\n\n<div style=\"height:40px\" aria-hidden=\"true\" class=\"wp-block-spacer\"><\/div>\n\n\n\n<div class=\"wp-block-media-text is-stacked-on-mobile is-vertically-aligned-top\" style=\"grid-template-columns:30% auto\"><figure class=\"wp-block-media-text__media\"><img loading=\"lazy\" decoding=\"async\" width=\"1024\" height=\"768\" src=\"http:\/\/511084034.swh.strato-hosting.eu\/salzgrotte\/wp-content\/uploads\/2024\/08\/Bocholter_Inhalationen_Yoga_800x600px-1024x768.jpg\" alt=\"\" class=\"wp-image-297 size-full\" srcset=\"https:\/\/www.bocholterinhalationen.de\/salzgrotte\/wp-content\/uploads\/2024\/08\/Bocholter_Inhalationen_Yoga_800x600px-1024x768.jpg 1024w, https:\/\/www.bocholterinhalationen.de\/salzgrotte\/wp-content\/uploads\/2024\/08\/Bocholter_Inhalationen_Yoga_800x600px-300x225.jpg 300w, https:\/\/www.bocholterinhalationen.de\/salzgrotte\/wp-content\/uploads\/2024\/08\/Bocholter_Inhalationen_Yoga_800x600px-768x576.jpg 768w, https:\/\/www.bocholterinhalationen.de\/salzgrotte\/wp-content\/uploads\/2024\/08\/Bocholter_Inhalationen_Yoga_800x600px-1536x1152.jpg 1536w, https:\/\/www.bocholterinhalationen.de\/salzgrotte\/wp-content\/uploads\/2024\/08\/Bocholter_Inhalationen_Yoga_800x600px-640x480.jpg 640w, https:\/\/www.bocholterinhalationen.de\/salzgrotte\/wp-content\/uploads\/2024\/08\/Bocholter_Inhalationen_Yoga_800x600px-110x83.jpg 110w, https:\/\/www.bocholterinhalationen.de\/salzgrotte\/wp-content\/uploads\/2024\/08\/Bocholter_Inhalationen_Yoga_800x600px.jpg 1667w\" sizes=\"auto, (max-width: 1024px) 100vw, 1024px\" \/><\/figure><div class=\"wp-block-media-text__content\">\n<h4 class=\"wp-block-heading\">Yoga Kurse<\/h4>\n\n\n\n<p>Kursleiterin: Helena Middelkamp<br>Telefon: +49 (0) 176 &#8211; 80263713<br>www.helenamiddelkamp.de<\/p>\n\n\n\n<div class=\"wp-block-columns is-layout-flex wp-container-core-columns-is-layout-9d6595d7 wp-block-columns-is-layout-flex\">\n<div class=\"wp-block-column is-layout-flow wp-block-column-is-layout-flow\">\n<p><strong>Montag: <br><\/strong>09.00 &#8211; 10.00 Uhr<br>10.15 &#8211; 11.15 Uhr<br>17.30 &#8211; 18.30 Uhr<br>18.45 &#8211; 20.00 Uhr<\/p>\n<\/div>\n\n\n\n<div class=\"wp-block-column is-layout-flow wp-block-column-is-layout-flow\">\n<p><br>R\u00fcckenfit Yoga sanft<br>Hatha Yoga<br>Vinyasaflow<br>Anf\u00e4nger Yoga<\/p>\n\n\n\n<p><br>R\u00fcckenfit Yoga sanft<br>Hatha Yoga<\/p>\n<\/div>\n<\/div>\n\n\n\n<div class=\"wp-block-columns is-layout-flex wp-container-core-columns-is-layout-9d6595d7 wp-block-columns-is-layout-flex\">\n<div class=\"wp-block-column is-layout-flow wp-block-column-is-layout-flow\">\n<figure class=\"wp-block-image size-large\"><img loading=\"lazy\" decoding=\"async\" width=\"856\" height=\"1024\" src=\"https:\/\/www.bocholterinhalationen.de\/salzgrotte\/wp-content\/uploads\/2024\/12\/07576dca-b0c8-4bba-af7d-08c6307fc161-856x1024.jpeg\" alt=\"\" class=\"wp-image-413\" srcset=\"https:\/\/www.bocholterinhalationen.de\/salzgrotte\/wp-content\/uploads\/2024\/12\/07576dca-b0c8-4bba-af7d-08c6307fc161-856x1024.jpeg 856w, https:\/\/www.bocholterinhalationen.de\/salzgrotte\/wp-content\/uploads\/2024\/12\/07576dca-b0c8-4bba-af7d-08c6307fc161-251x300.jpeg 251w, https:\/\/www.bocholterinhalationen.de\/salzgrotte\/wp-content\/uploads\/2024\/12\/07576dca-b0c8-4bba-af7d-08c6307fc161-768x919.jpeg 768w, https:\/\/www.bocholterinhalationen.de\/salzgrotte\/wp-content\/uploads\/2024\/12\/07576dca-b0c8-4bba-af7d-08c6307fc161.jpeg 960w\" sizes=\"auto, (max-width: 856px) 100vw, 856px\" \/><\/figure>\n<\/div>\n\n\n\n<div class=\"wp-block-column is-layout-flow wp-block-column-is-layout-flow\">\n<figure class=\"wp-block-image size-large\"><img loading=\"lazy\" decoding=\"async\" width=\"576\" height=\"1024\" src=\"http:\/\/511084034.swh.strato-hosting.eu\/salzgrotte\/wp-content\/uploads\/2024\/08\/WhatsApp-Image-2024-08-26-at-11.13.30-576x1024.jpeg\" alt=\"\" class=\"wp-image-373\" srcset=\"https:\/\/www.bocholterinhalationen.de\/salzgrotte\/wp-content\/uploads\/2024\/08\/WhatsApp-Image-2024-08-26-at-11.13.30-576x1024.jpeg 576w, https:\/\/www.bocholterinhalationen.de\/salzgrotte\/wp-content\/uploads\/2024\/08\/WhatsApp-Image-2024-08-26-at-11.13.30-169x300.jpeg 169w, https:\/\/www.bocholterinhalationen.de\/salzgrotte\/wp-content\/uploads\/2024\/08\/WhatsApp-Image-2024-08-26-at-11.13.30-768x1365.jpeg 768w, https:\/\/www.bocholterinhalationen.de\/salzgrotte\/wp-content\/uploads\/2024\/08\/WhatsApp-Image-2024-08-26-at-11.13.30-864x1536.jpeg 864w, https:\/\/www.bocholterinhalationen.de\/salzgrotte\/wp-content\/uploads\/2024\/08\/WhatsApp-Image-2024-08-26-at-11.13.30.jpeg 900w\" sizes=\"auto, (max-width: 576px) 100vw, 576px\" \/><\/figure>\n<\/div>\n<\/div>\n\n\n\n<p><strong>Preisanfragen und Anmeldungen bitte direkt telefonisch oder per WhatsApp bei Helena Middelkamp.<\/strong><\/p>\n<\/div><\/div>\n\n\n\n<div style=\"height:40px\" aria-hidden=\"true\" class=\"wp-block-spacer\"><\/div>\n\n\n\n<hr class=\"wp-block-separator has-text-color has-alpha-channel-opacity has-background\" style=\"background-color:#c4b49b4d;color:#c4b49b4d\"\/>\n\n\n\n<div style=\"height:40px\" aria-hidden=\"true\" class=\"wp-block-spacer\"><\/div>\n\n\n\n<div class=\"wp-block-media-text is-stacked-on-mobile is-vertically-aligned-top\" style=\"grid-template-columns:30% auto\"><figure class=\"wp-block-media-text__media\"><img loading=\"lazy\" decoding=\"async\" width=\"1024\" height=\"768\" src=\"http:\/\/511084034.swh.strato-hosting.eu\/salzgrotte\/wp-content\/uploads\/2024\/08\/Bocholter_Inhalationen_Yoga_800x600px-1024x768.jpg\" alt=\"\" class=\"wp-image-297 size-full\" srcset=\"https:\/\/www.bocholterinhalationen.de\/salzgrotte\/wp-content\/uploads\/2024\/08\/Bocholter_Inhalationen_Yoga_800x600px-1024x768.jpg 1024w, https:\/\/www.bocholterinhalationen.de\/salzgrotte\/wp-content\/uploads\/2024\/08\/Bocholter_Inhalationen_Yoga_800x600px-300x225.jpg 300w, https:\/\/www.bocholterinhalationen.de\/salzgrotte\/wp-content\/uploads\/2024\/08\/Bocholter_Inhalationen_Yoga_800x600px-768x576.jpg 768w, https:\/\/www.bocholterinhalationen.de\/salzgrotte\/wp-content\/uploads\/2024\/08\/Bocholter_Inhalationen_Yoga_800x600px-1536x1152.jpg 1536w, https:\/\/www.bocholterinhalationen.de\/salzgrotte\/wp-content\/uploads\/2024\/08\/Bocholter_Inhalationen_Yoga_800x600px-640x480.jpg 640w, https:\/\/www.bocholterinhalationen.de\/salzgrotte\/wp-content\/uploads\/2024\/08\/Bocholter_Inhalationen_Yoga_800x600px-110x83.jpg 110w, https:\/\/www.bocholterinhalationen.de\/salzgrotte\/wp-content\/uploads\/2024\/08\/Bocholter_Inhalationen_Yoga_800x600px.jpg 1667w\" sizes=\"auto, (max-width: 1024px) 100vw, 1024px\" \/><\/figure><div class=\"wp-block-media-text__content\">\n<h4 class=\"wp-block-heading\">Entspannungs-Yoga<\/h4>\n\n\n\n<p>Kursleiterin: Diane van der Walle<\/p>\n\n\n\n<p>Jeden 3. Samstag im Monat<br>Kosten: 28,- EUR pro Kurseinheit<br>Anmeldung direkt bei uns in der Salzgrotte<\/p>\n\n\n\n<div class=\"wp-block-buttons has-custom-font-size has-small-font-size is-layout-flex wp-block-buttons-is-layout-flex\">\n<div class=\"wp-block-button\"><a class=\"wp-block-button__link has-white-color has-text-color has-background has-link-color wp-element-button\" href=\"http:\/\/511084034.swh.strato-hosting.eu\/salzgrotte\/kontakt\/\" style=\"background-color:#7b151c\" target=\"_blank\" rel=\"noreferrer noopener\">Jetzt anmelden<\/a><\/div>\n<\/div>\n<\/div><\/div>\n\n\n\n<div style=\"height:40px\" aria-hidden=\"true\" class=\"wp-block-spacer\"><\/div>\n\n\n\n<hr class=\"wp-block-separator has-text-color has-alpha-channel-opacity has-background\" style=\"background-color:#c4b49b4d;color:#c4b49b4d\"\/>\n\n\n\n<div style=\"height:40px\" aria-hidden=\"true\" class=\"wp-block-spacer\"><\/div>\n\n\n\n<div class=\"wp-block-media-text is-stacked-on-mobile is-vertically-aligned-top\" style=\"grid-template-columns:30% auto\"><figure class=\"wp-block-media-text__media\"><img loading=\"lazy\" decoding=\"async\" width=\"1024\" height=\"768\" src=\"http:\/\/511084034.swh.strato-hosting.eu\/salzgrotte\/wp-content\/uploads\/2024\/08\/Bocholter_Inhalationen_Klangschalenreise_800x600px-1024x768.jpg\" alt=\"\" class=\"wp-image-299 size-full\" srcset=\"https:\/\/www.bocholterinhalationen.de\/salzgrotte\/wp-content\/uploads\/2024\/08\/Bocholter_Inhalationen_Klangschalenreise_800x600px-1024x768.jpg 1024w, https:\/\/www.bocholterinhalationen.de\/salzgrotte\/wp-content\/uploads\/2024\/08\/Bocholter_Inhalationen_Klangschalenreise_800x600px-300x225.jpg 300w, https:\/\/www.bocholterinhalationen.de\/salzgrotte\/wp-content\/uploads\/2024\/08\/Bocholter_Inhalationen_Klangschalenreise_800x600px-768x576.jpg 768w, https:\/\/www.bocholterinhalationen.de\/salzgrotte\/wp-content\/uploads\/2024\/08\/Bocholter_Inhalationen_Klangschalenreise_800x600px-1536x1152.jpg 1536w, https:\/\/www.bocholterinhalationen.de\/salzgrotte\/wp-content\/uploads\/2024\/08\/Bocholter_Inhalationen_Klangschalenreise_800x600px-640x480.jpg 640w, https:\/\/www.bocholterinhalationen.de\/salzgrotte\/wp-content\/uploads\/2024\/08\/Bocholter_Inhalationen_Klangschalenreise_800x600px-110x83.jpg 110w, https:\/\/www.bocholterinhalationen.de\/salzgrotte\/wp-content\/uploads\/2024\/08\/Bocholter_Inhalationen_Klangschalenreise_800x600px.jpg 1667w\" sizes=\"auto, (max-width: 1024px) 100vw, 1024px\" \/><\/figure><div class=\"wp-block-media-text__content\">\n<h4 class=\"wp-block-heading\">Klangschalenreise<\/h4>\n\n\n\n<p>Kursleiterin: Ans Gerritsen<\/p>\n\n\n\n<p>Termine auf Anfrage<br>Kosten: 30,- EUR pro Kurseinheit<br>Anmeldung direkt bei uns in der Salzgrotte<\/p>\n\n\n\n<div class=\"wp-block-buttons has-custom-font-size has-small-font-size is-layout-flex wp-block-buttons-is-layout-flex\">\n<div class=\"wp-block-button\"><a class=\"wp-block-button__link has-white-color has-text-color has-background has-link-color wp-element-button\" href=\"http:\/\/511084034.swh.strato-hosting.eu\/salzgrotte\/kontakt\/\" style=\"background-color:#7b151c\" target=\"_blank\" rel=\"noreferrer noopener\">Jetzt anmelden<\/a><\/div>\n<\/div>\n<\/div><\/div>\n","protected":false},"excerpt":{"rendered":"<p>Entspannung pur: Nutzen Sie auch unser vielf\u00e4ltiges Kursangebot Wir bieten regelm\u00e4\u00dfig Yoga-, Entspannungs- und Klangschalen-Kurse von externen Dienstleister\/innen in unserer Salzgrotte an. Hierunter finden Sie eine \u00dcbersicht der aktuellen Angebote.<\/p>\n","protected":false},"author":1,"featured_media":302,"parent":0,"menu_order":0,"comment_status":"closed","ping_status":"closed","template":"","meta":{"footnotes":""},"class_list":["post-17","page","type-page","status-publish","has-post-thumbnail","hentry"],"yoast_head":"<!-- This site is optimized with the Yoast SEO plugin v23.9 - https:\/\/yoast.com\/wordpress\/plugins\/seo\/ -->\n<title>Programm\/Veranstaltungen - Bocholter Salzgrotte<\/title>\n<meta name=\"robots\" content=\"index, follow, max-snippet:-1, max-image-preview:large, max-video-preview:-1\" \/>\n<link rel=\"canonical\" href=\"https:\/\/www.bocholterinhalationen.de\/salzgrotte\/programm-veranstaltungen\/\" \/>\n<meta property=\"og:locale\" content=\"de_DE\" \/>\n<meta property=\"og:type\" content=\"article\" \/>\n<meta property=\"og:title\" content=\"Programm\/Veranstaltungen - Bocholter Salzgrotte\" \/>\n<meta property=\"og:description\" content=\"Entspannung pur: Nutzen Sie auch unser vielf\u00e4ltiges Kursangebot Wir bieten regelm\u00e4\u00dfig Yoga-, Entspannungs- und Klangschalen-Kurse von externen Dienstleister\/innen in unserer Salzgrotte an. Hierunter finden Sie eine \u00dcbersicht der aktuellen Angebote.\" \/>\n<meta property=\"og:url\" content=\"https:\/\/www.bocholterinhalationen.de\/salzgrotte\/programm-veranstaltungen\/\" \/>\n<meta property=\"og:site_name\" content=\"Bocholter Salzgrotte\" \/>\n<meta property=\"article:publisher\" content=\"https:\/\/www.facebook.com\/bocholtersalzgrotte\" \/>\n<meta property=\"article:modified_time\" content=\"2024-12-18T15:03:26+00:00\" \/>\n<meta property=\"og:image\" content=\"https:\/\/www.bocholterinhalationen.de\/salzgrotte\/wp-content\/uploads\/2024\/08\/Bocholter_Inhalationen_Header_Programm_1920x700px-scaled.jpg\" \/>\n\t<meta property=\"og:image:width\" content=\"2560\" \/>\n\t<meta property=\"og:image:height\" content=\"934\" \/>\n\t<meta property=\"og:image:type\" content=\"image\/jpeg\" \/>\n<meta name=\"twitter:card\" content=\"summary_large_image\" \/>\n<meta name=\"twitter:label1\" content=\"Gesch\u00e4tzte Lesezeit\" \/>\n\t<meta name=\"twitter:data1\" content=\"2\u00a0Minuten\" \/>\n<script type=\"application\/ld+json\" class=\"yoast-schema-graph\">{\"@context\":\"https:\/\/schema.org\",\"@graph\":[{\"@type\":\"WebPage\",\"@id\":\"https:\/\/www.bocholterinhalationen.de\/salzgrotte\/programm-veranstaltungen\/\",\"url\":\"https:\/\/www.bocholterinhalationen.de\/salzgrotte\/programm-veranstaltungen\/\",\"name\":\"Programm\/Veranstaltungen - Bocholter Salzgrotte\",\"isPartOf\":{\"@id\":\"https:\/\/www.bocholterinhalationen.de\/salzgrotte\/#website\"},\"primaryImageOfPage\":{\"@id\":\"https:\/\/www.bocholterinhalationen.de\/salzgrotte\/programm-veranstaltungen\/#primaryimage\"},\"image\":{\"@id\":\"https:\/\/www.bocholterinhalationen.de\/salzgrotte\/programm-veranstaltungen\/#primaryimage\"},\"thumbnailUrl\":\"https:\/\/www.bocholterinhalationen.de\/salzgrotte\/wp-content\/uploads\/2024\/08\/Bocholter_Inhalationen_Header_Programm_1920x700px-scaled.jpg\",\"datePublished\":\"2024-04-16T06:49:09+00:00\",\"dateModified\":\"2024-12-18T15:03:26+00:00\",\"breadcrumb\":{\"@id\":\"https:\/\/www.bocholterinhalationen.de\/salzgrotte\/programm-veranstaltungen\/#breadcrumb\"},\"inLanguage\":\"de\",\"potentialAction\":[{\"@type\":\"ReadAction\",\"target\":[\"https:\/\/www.bocholterinhalationen.de\/salzgrotte\/programm-veranstaltungen\/\"]}]},{\"@type\":\"ImageObject\",\"inLanguage\":\"de\",\"@id\":\"https:\/\/www.bocholterinhalationen.de\/salzgrotte\/programm-veranstaltungen\/#primaryimage\",\"url\":\"https:\/\/www.bocholterinhalationen.de\/salzgrotte\/wp-content\/uploads\/2024\/08\/Bocholter_Inhalationen_Header_Programm_1920x700px-scaled.jpg\",\"contentUrl\":\"https:\/\/www.bocholterinhalationen.de\/salzgrotte\/wp-content\/uploads\/2024\/08\/Bocholter_Inhalationen_Header_Programm_1920x700px-scaled.jpg\",\"width\":2560,\"height\":934,\"caption\":\"Banner Veranstaltungen Bocholter Salzgrotte\"},{\"@type\":\"BreadcrumbList\",\"@id\":\"https:\/\/www.bocholterinhalationen.de\/salzgrotte\/programm-veranstaltungen\/#breadcrumb\",\"itemListElement\":[{\"@type\":\"ListItem\",\"position\":1,\"name\":\"Startseite\",\"item\":\"https:\/\/www.bocholterinhalationen.de\/salzgrotte\/\"},{\"@type\":\"ListItem\",\"position\":2,\"name\":\"Programm\/Veranstaltungen\"}]},{\"@type\":\"WebSite\",\"@id\":\"https:\/\/www.bocholterinhalationen.de\/salzgrotte\/#website\",\"url\":\"https:\/\/www.bocholterinhalationen.de\/salzgrotte\/\",\"name\":\"Bocholter Salzgrotte\",\"description\":\"by Bocholter Inhalationen\",\"publisher\":{\"@id\":\"https:\/\/www.bocholterinhalationen.de\/salzgrotte\/#organization\"},\"potentialAction\":[{\"@type\":\"SearchAction\",\"target\":{\"@type\":\"EntryPoint\",\"urlTemplate\":\"https:\/\/www.bocholterinhalationen.de\/salzgrotte\/?s={search_term_string}\"},\"query-input\":{\"@type\":\"PropertyValueSpecification\",\"valueRequired\":true,\"valueName\":\"search_term_string\"}}],\"inLanguage\":\"de\"},{\"@type\":\"Organization\",\"@id\":\"https:\/\/www.bocholterinhalationen.de\/salzgrotte\/#organization\",\"name\":\"Bocholter Salzgrotte\",\"url\":\"https:\/\/www.bocholterinhalationen.de\/salzgrotte\/\",\"logo\":{\"@type\":\"ImageObject\",\"inLanguage\":\"de\",\"@id\":\"https:\/\/www.bocholterinhalationen.de\/salzgrotte\/#\/schema\/logo\/image\/\",\"url\":\"https:\/\/www.bocholterinhalationen.de\/salzgrotte\/wp-content\/uploads\/2024\/04\/cropped-Bocholter_Salzgrotte_Logo_512x512_72dpi.jpg\",\"contentUrl\":\"https:\/\/www.bocholterinhalationen.de\/salzgrotte\/wp-content\/uploads\/2024\/04\/cropped-Bocholter_Salzgrotte_Logo_512x512_72dpi.jpg\",\"width\":512,\"height\":512,\"caption\":\"Bocholter Salzgrotte\"},\"image\":{\"@id\":\"https:\/\/www.bocholterinhalationen.de\/salzgrotte\/#\/schema\/logo\/image\/\"},\"sameAs\":[\"https:\/\/www.facebook.com\/bocholtersalzgrotte\",\"https:\/\/www.instagram.com\/bocholter_salzgrotte\/\"]}]}<\/script>\n<!-- \/ Yoast SEO plugin. -->","yoast_head_json":{"title":"Programm\/Veranstaltungen - Bocholter Salzgrotte","robots":{"index":"index","follow":"follow","max-snippet":"max-snippet:-1","max-image-preview":"max-image-preview:large","max-video-preview":"max-video-preview:-1"},"canonical":"https:\/\/www.bocholterinhalationen.de\/salzgrotte\/programm-veranstaltungen\/","og_locale":"de_DE","og_type":"article","og_title":"Programm\/Veranstaltungen - Bocholter Salzgrotte","og_description":"Entspannung pur: Nutzen Sie auch unser vielf\u00e4ltiges Kursangebot Wir bieten regelm\u00e4\u00dfig Yoga-, Entspannungs- und Klangschalen-Kurse von externen Dienstleister\/innen in unserer Salzgrotte an. Hierunter finden Sie eine \u00dcbersicht der aktuellen Angebote.","og_url":"https:\/\/www.bocholterinhalationen.de\/salzgrotte\/programm-veranstaltungen\/","og_site_name":"Bocholter Salzgrotte","article_publisher":"https:\/\/www.facebook.com\/bocholtersalzgrotte","article_modified_time":"2024-12-18T15:03:26+00:00","og_image":[{"width":2560,"height":934,"url":"https:\/\/www.bocholterinhalationen.de\/salzgrotte\/wp-content\/uploads\/2024\/08\/Bocholter_Inhalationen_Header_Programm_1920x700px-scaled.jpg","type":"image\/jpeg"}],"twitter_card":"summary_large_image","twitter_misc":{"Gesch\u00e4tzte Lesezeit":"2\u00a0Minuten"},"schema":{"@context":"https:\/\/schema.org","@graph":[{"@type":"WebPage","@id":"https:\/\/www.bocholterinhalationen.de\/salzgrotte\/programm-veranstaltungen\/","url":"https:\/\/www.bocholterinhalationen.de\/salzgrotte\/programm-veranstaltungen\/","name":"Programm\/Veranstaltungen - Bocholter Salzgrotte","isPartOf":{"@id":"https:\/\/www.bocholterinhalationen.de\/salzgrotte\/#website"},"primaryImageOfPage":{"@id":"https:\/\/www.bocholterinhalationen.de\/salzgrotte\/programm-veranstaltungen\/#primaryimage"},"image":{"@id":"https:\/\/www.bocholterinhalationen.de\/salzgrotte\/programm-veranstaltungen\/#primaryimage"},"thumbnailUrl":"https:\/\/www.bocholterinhalationen.de\/salzgrotte\/wp-content\/uploads\/2024\/08\/Bocholter_Inhalationen_Header_Programm_1920x700px-scaled.jpg","datePublished":"2024-04-16T06:49:09+00:00","dateModified":"2024-12-18T15:03:26+00:00","breadcrumb":{"@id":"https:\/\/www.bocholterinhalationen.de\/salzgrotte\/programm-veranstaltungen\/#breadcrumb"},"inLanguage":"de","potentialAction":[{"@type":"ReadAction","target":["https:\/\/www.bocholterinhalationen.de\/salzgrotte\/programm-veranstaltungen\/"]}]},{"@type":"ImageObject","inLanguage":"de","@id":"https:\/\/www.bocholterinhalationen.de\/salzgrotte\/programm-veranstaltungen\/#primaryimage","url":"https:\/\/www.bocholterinhalationen.de\/salzgrotte\/wp-content\/uploads\/2024\/08\/Bocholter_Inhalationen_Header_Programm_1920x700px-scaled.jpg","contentUrl":"https:\/\/www.bocholterinhalationen.de\/salzgrotte\/wp-content\/uploads\/2024\/08\/Bocholter_Inhalationen_Header_Programm_1920x700px-scaled.jpg","width":2560,"height":934,"caption":"Banner Veranstaltungen Bocholter Salzgrotte"},{"@type":"BreadcrumbList","@id":"https:\/\/www.bocholterinhalationen.de\/salzgrotte\/programm-veranstaltungen\/#breadcrumb","itemListElement":[{"@type":"ListItem","position":1,"name":"Startseite","item":"https:\/\/www.bocholterinhalationen.de\/salzgrotte\/"},{"@type":"ListItem","position":2,"name":"Programm\/Veranstaltungen"}]},{"@type":"WebSite","@id":"https:\/\/www.bocholterinhalationen.de\/salzgrotte\/#website","url":"https:\/\/www.bocholterinhalationen.de\/salzgrotte\/","name":"Bocholter Salzgrotte","description":"by Bocholter Inhalationen","publisher":{"@id":"https:\/\/www.bocholterinhalationen.de\/salzgrotte\/#organization"},"potentialAction":[{"@type":"SearchAction","target":{"@type":"EntryPoint","urlTemplate":"https:\/\/www.bocholterinhalationen.de\/salzgrotte\/?s={search_term_string}"},"query-input":{"@type":"PropertyValueSpecification","valueRequired":true,"valueName":"search_term_string"}}],"inLanguage":"de"},{"@type":"Organization","@id":"https:\/\/www.bocholterinhalationen.de\/salzgrotte\/#organization","name":"Bocholter Salzgrotte","url":"https:\/\/www.bocholterinhalationen.de\/salzgrotte\/","logo":{"@type":"ImageObject","inLanguage":"de","@id":"https:\/\/www.bocholterinhalationen.de\/salzgrotte\/#\/schema\/logo\/image\/","url":"https:\/\/www.bocholterinhalationen.de\/salzgrotte\/wp-content\/uploads\/2024\/04\/cropped-Bocholter_Salzgrotte_Logo_512x512_72dpi.jpg","contentUrl":"https:\/\/www.bocholterinhalationen.de\/salzgrotte\/wp-content\/uploads\/2024\/04\/cropped-Bocholter_Salzgrotte_Logo_512x512_72dpi.jpg","width":512,"height":512,"caption":"Bocholter Salzgrotte"},"image":{"@id":"https:\/\/www.bocholterinhalationen.de\/salzgrotte\/#\/schema\/logo\/image\/"},"sameAs":["https:\/\/www.facebook.com\/bocholtersalzgrotte","https:\/\/www.instagram.com\/bocholter_salzgrotte\/"]}]}},"_links":{"self":[{"href":"https:\/\/www.bocholterinhalationen.de\/salzgrotte\/wp-json\/wp\/v2\/pages\/17","targetHints":{"allow":["GET"]}}],"collection":[{"href":"https:\/\/www.bocholterinhalationen.de\/salzgrotte\/wp-json\/wp\/v2\/pages"}],"about":[{"href":"https:\/\/www.bocholterinhalationen.de\/salzgrotte\/wp-json\/wp\/v2\/types\/page"}],"author":[{"embeddable":true,"href":"https:\/\/www.bocholterinhalationen.de\/salzgrotte\/wp-json\/wp\/v2\/users\/1"}],"replies":[{"embeddable":true,"href":"https:\/\/www.bocholterinhalationen.de\/salzgrotte\/wp-json\/wp\/v2\/comments?post=17"}],"version-history":[{"count":22,"href":"https:\/\/www.bocholterinhalationen.de\/salzgrotte\/wp-json\/wp\/v2\/pages\/17\/revisions"}],"predecessor-version":[{"id":414,"href":"https:\/\/www.bocholterinhalationen.de\/salzgrotte\/wp-json\/wp\/v2\/pages\/17\/revisions\/414"}],"wp:featuredmedia":[{"embeddable":true,"href":"https:\/\/www.bocholterinhalationen.de\/salzgrotte\/wp-json\/wp\/v2\/media\/302"}],"wp:attachment":[{"href":"https:\/\/www.bocholterinhalationen.de\/salzgrotte\/wp-json\/wp\/v2\/media?parent=17"}],"curies":[{"name":"wp","href":"https:\/\/api.w.org\/{rel}","templated":true}]}}