{"id":74,"date":"2024-06-10T08:01:24","date_gmt":"2024-06-10T06:01:24","guid":{"rendered":"http:\/\/511084034.swh.strato-hosting.eu\/inhalationen\/?page_id=74"},"modified":"2024-06-10T08:56:57","modified_gmt":"2024-06-10T06:56:57","slug":"ueber-uns","status":"publish","type":"page","link":"https:\/\/www.bocholterinhalationen.de\/inhalationen\/ueber-uns\/","title":{"rendered":"\u00dcber uns"},"content":{"rendered":"\n<h3 class=\"wp-block-heading\">Unsere Geschichte: Wie alles begann<\/h3>\n\n\n\n<figure class=\"wp-block-image size-large\"><img loading=\"lazy\" decoding=\"async\" width=\"1024\" height=\"373\" src=\"http:\/\/511084034.swh.strato-hosting.eu\/inhalationen\/wp-content\/uploads\/2024\/06\/Bocholter_Inhalationen_Ueber_uns_1920x700px-1024x373.jpg\" alt=\"\" class=\"wp-image-75\" srcset=\"https:\/\/www.bocholterinhalationen.de\/inhalationen\/wp-content\/uploads\/2024\/06\/Bocholter_Inhalationen_Ueber_uns_1920x700px-1024x373.jpg 1024w, https:\/\/www.bocholterinhalationen.de\/inhalationen\/wp-content\/uploads\/2024\/06\/Bocholter_Inhalationen_Ueber_uns_1920x700px-300x109.jpg 300w, https:\/\/www.bocholterinhalationen.de\/inhalationen\/wp-content\/uploads\/2024\/06\/Bocholter_Inhalationen_Ueber_uns_1920x700px-768x280.jpg 768w, https:\/\/www.bocholterinhalationen.de\/inhalationen\/wp-content\/uploads\/2024\/06\/Bocholter_Inhalationen_Ueber_uns_1920x700px-1536x560.jpg 1536w, https:\/\/www.bocholterinhalationen.de\/inhalationen\/wp-content\/uploads\/2024\/06\/Bocholter_Inhalationen_Ueber_uns_1920x700px-2048x747.jpg 2048w, https:\/\/www.bocholterinhalationen.de\/inhalationen\/wp-content\/uploads\/2024\/06\/Bocholter_Inhalationen_Ueber_uns_1920x700px-165x60.jpg 165w, https:\/\/www.bocholterinhalationen.de\/inhalationen\/wp-content\/uploads\/2024\/06\/Bocholter_Inhalationen_Ueber_uns_1920x700px-1920x700.jpg 1920w\" sizes=\"auto, (max-width: 1024px) 100vw, 1024px\" \/><\/figure>\n\n\n\n<p>Alles begann mit unserem Familienpony Blacky im Jahr 2019. Blacky litt unter chronischen Atemwegsbeschwerden und war aus tier\u00e4rztlicher Sicht bereits austherapiert. Die Empfehlung, ihn seinen Lebensabend an der Nordsee verbringen zu lassen, war f\u00fcr uns keine Option. Wir wollten Blacky nicht aufgeben und suchten nach einer L\u00f6sung, um das heilsame Meeresklima zu uns nach Bocholt ins M\u00fcnsterland zu holen. So nahm die Geschichte unseres Unternehmens, der Bocholter Inhalationen, ihren Anfang.<\/p>\n\n\n\n<p>Unser Firmeninhaber, Mike L\u00fctfrink, entwickelte den ersten Solevernebler, der erfolgreich bei Blacky eingesetzt wurde. Schnell erkannten wir das enorme Potenzial f\u00fcr Solevernebelung bei Tieren und brachten unsere Vernebler in Serie. Die ersten Sole-Anh\u00e4nger wurden vermietet, und unser Kundenstamm wuchs stetig. Dank unseres patentierten Systems konnten wir das Wohlbefinden vieler Pferde deutlich verbessern.<\/p>\n\n\n\n<p>Heute umfasst unser Produktportfolio Vernebler-Sets in verschiedenen Gr\u00f6\u00dfen sowohl f\u00fcr den station\u00e4ren Einsatz in einer Solebox als auch den mobilen Einsatz in einem Pferdeanh\u00e4nger, Totes-Meer-Sole mit verschiedenen Salzgehalten und diversem Zubeh\u00f6r f\u00fcr unsere Ultraschallvernebler.<\/p>\n","protected":false},"excerpt":{"rendered":"<p>Unsere Geschichte: Wie alles begann Alles begann mit unserem Familienpony Blacky im Jahr 2019. Blacky litt unter chronischen Atemwegsbeschwerden und war aus tier\u00e4rztlicher Sicht bereits austherapiert. Die Empfehlung, ihn seinen &hellip; <\/p>\n","protected":false},"author":1,"featured_media":75,"parent":0,"menu_order":0,"comment_status":"closed","ping_status":"closed","template":"","meta":{"footnotes":""},"class_list":["post-74","page","type-page","status-publish","has-post-thumbnail","hentry"],"yoast_head":"<!-- This site is optimized with the Yoast SEO plugin v23.9 - https:\/\/yoast.com\/wordpress\/plugins\/seo\/ -->\n<title>\u00dcber uns - Bocholter Inhalationen<\/title>\n<meta name=\"robots\" content=\"index, follow, max-snippet:-1, max-image-preview:large, max-video-preview:-1\" \/>\n<link rel=\"canonical\" href=\"https:\/\/www.bocholterinhalationen.de\/inhalationen\/ueber-uns\/\" \/>\n<meta property=\"og:locale\" content=\"de_DE\" \/>\n<meta property=\"og:type\" content=\"article\" \/>\n<meta property=\"og:title\" content=\"\u00dcber uns - Bocholter Inhalationen\" \/>\n<meta property=\"og:description\" content=\"Unsere Geschichte: Wie alles begann Alles begann mit unserem Familienpony Blacky im Jahr 2019. Blacky litt unter chronischen Atemwegsbeschwerden und war aus tier\u00e4rztlicher Sicht bereits austherapiert. Die Empfehlung, ihn seinen &hellip;\" \/>\n<meta property=\"og:url\" content=\"https:\/\/www.bocholterinhalationen.de\/inhalationen\/ueber-uns\/\" \/>\n<meta property=\"og:site_name\" content=\"Bocholter Inhalationen\" \/>\n<meta property=\"article:publisher\" content=\"https:\/\/www.facebook.com\/bocholter.inhalationen\/\" \/>\n<meta property=\"article:modified_time\" content=\"2024-06-10T06:56:57+00:00\" \/>\n<meta property=\"og:image\" content=\"https:\/\/www.bocholterinhalationen.de\/inhalationen\/wp-content\/uploads\/2024\/06\/Bocholter_Inhalationen_Ueber_uns_1920x700px-scaled.jpg\" \/>\n\t<meta property=\"og:image:width\" content=\"2560\" \/>\n\t<meta property=\"og:image:height\" content=\"934\" \/>\n\t<meta property=\"og:image:type\" content=\"image\/jpeg\" \/>\n<meta name=\"twitter:card\" content=\"summary_large_image\" \/>\n<meta name=\"twitter:label1\" content=\"Gesch\u00e4tzte Lesezeit\" \/>\n\t<meta name=\"twitter:data1\" content=\"1\u00a0Minute\" \/>\n<script type=\"application\/ld+json\" class=\"yoast-schema-graph\">{\"@context\":\"https:\/\/schema.org\",\"@graph\":[{\"@type\":\"WebPage\",\"@id\":\"https:\/\/www.bocholterinhalationen.de\/inhalationen\/ueber-uns\/\",\"url\":\"https:\/\/www.bocholterinhalationen.de\/inhalationen\/ueber-uns\/\",\"name\":\"\u00dcber uns - Bocholter Inhalationen\",\"isPartOf\":{\"@id\":\"https:\/\/www.bocholterinhalationen.de\/inhalationen\/#website\"},\"primaryImageOfPage\":{\"@id\":\"https:\/\/www.bocholterinhalationen.de\/inhalationen\/ueber-uns\/#primaryimage\"},\"image\":{\"@id\":\"https:\/\/www.bocholterinhalationen.de\/inhalationen\/ueber-uns\/#primaryimage\"},\"thumbnailUrl\":\"https:\/\/www.bocholterinhalationen.de\/inhalationen\/wp-content\/uploads\/2024\/06\/Bocholter_Inhalationen_Ueber_uns_1920x700px-scaled.jpg\",\"datePublished\":\"2024-06-10T06:01:24+00:00\",\"dateModified\":\"2024-06-10T06:56:57+00:00\",\"breadcrumb\":{\"@id\":\"https:\/\/www.bocholterinhalationen.de\/inhalationen\/ueber-uns\/#breadcrumb\"},\"inLanguage\":\"de\",\"potentialAction\":[{\"@type\":\"ReadAction\",\"target\":[\"https:\/\/www.bocholterinhalationen.de\/inhalationen\/ueber-uns\/\"]}]},{\"@type\":\"ImageObject\",\"inLanguage\":\"de\",\"@id\":\"https:\/\/www.bocholterinhalationen.de\/inhalationen\/ueber-uns\/#primaryimage\",\"url\":\"https:\/\/www.bocholterinhalationen.de\/inhalationen\/wp-content\/uploads\/2024\/06\/Bocholter_Inhalationen_Ueber_uns_1920x700px-scaled.jpg\",\"contentUrl\":\"https:\/\/www.bocholterinhalationen.de\/inhalationen\/wp-content\/uploads\/2024\/06\/Bocholter_Inhalationen_Ueber_uns_1920x700px-scaled.jpg\",\"width\":2560,\"height\":934},{\"@type\":\"BreadcrumbList\",\"@id\":\"https:\/\/www.bocholterinhalationen.de\/inhalationen\/ueber-uns\/#breadcrumb\",\"itemListElement\":[{\"@type\":\"ListItem\",\"position\":1,\"name\":\"Startseite\",\"item\":\"https:\/\/www.bocholterinhalationen.de\/inhalationen\/\"},{\"@type\":\"ListItem\",\"position\":2,\"name\":\"\u00dcber uns\"}]},{\"@type\":\"WebSite\",\"@id\":\"https:\/\/www.bocholterinhalationen.de\/inhalationen\/#website\",\"url\":\"https:\/\/www.bocholterinhalationen.de\/inhalationen\/\",\"name\":\"Bocholter Inhalationen\",\"description\":\"Mike L\u00fctfrink\",\"publisher\":{\"@id\":\"https:\/\/www.bocholterinhalationen.de\/inhalationen\/#organization\"},\"potentialAction\":[{\"@type\":\"SearchAction\",\"target\":{\"@type\":\"EntryPoint\",\"urlTemplate\":\"https:\/\/www.bocholterinhalationen.de\/inhalationen\/?s={search_term_string}\"},\"query-input\":{\"@type\":\"PropertyValueSpecification\",\"valueRequired\":true,\"valueName\":\"search_term_string\"}}],\"inLanguage\":\"de\"},{\"@type\":\"Organization\",\"@id\":\"https:\/\/www.bocholterinhalationen.de\/inhalationen\/#organization\",\"name\":\"Bocholter Inhalationen\",\"url\":\"https:\/\/www.bocholterinhalationen.de\/inhalationen\/\",\"logo\":{\"@type\":\"ImageObject\",\"inLanguage\":\"de\",\"@id\":\"https:\/\/www.bocholterinhalationen.de\/inhalationen\/#\/schema\/logo\/image\/\",\"url\":\"https:\/\/www.bocholterinhalationen.de\/inhalationen\/wp-content\/uploads\/2024\/06\/cropped-Bocholter_Inhalationen_Logo_512x512px.jpg\",\"contentUrl\":\"https:\/\/www.bocholterinhalationen.de\/inhalationen\/wp-content\/uploads\/2024\/06\/cropped-Bocholter_Inhalationen_Logo_512x512px.jpg\",\"width\":1067,\"height\":1067,\"caption\":\"Bocholter Inhalationen\"},\"image\":{\"@id\":\"https:\/\/www.bocholterinhalationen.de\/inhalationen\/#\/schema\/logo\/image\/\"},\"sameAs\":[\"https:\/\/www.facebook.com\/bocholter.inhalationen\/\",\"https:\/\/www.instagram.com\/bocholter_inhalationen\/\"]}]}<\/script>\n<!-- \/ Yoast SEO plugin. -->","yoast_head_json":{"title":"\u00dcber uns - Bocholter Inhalationen","robots":{"index":"index","follow":"follow","max-snippet":"max-snippet:-1","max-image-preview":"max-image-preview:large","max-video-preview":"max-video-preview:-1"},"canonical":"https:\/\/www.bocholterinhalationen.de\/inhalationen\/ueber-uns\/","og_locale":"de_DE","og_type":"article","og_title":"\u00dcber uns - Bocholter Inhalationen","og_description":"Unsere Geschichte: Wie alles begann Alles begann mit unserem Familienpony Blacky im Jahr 2019. Blacky litt unter chronischen Atemwegsbeschwerden und war aus tier\u00e4rztlicher Sicht bereits austherapiert. Die Empfehlung, ihn seinen &hellip;","og_url":"https:\/\/www.bocholterinhalationen.de\/inhalationen\/ueber-uns\/","og_site_name":"Bocholter Inhalationen","article_publisher":"https:\/\/www.facebook.com\/bocholter.inhalationen\/","article_modified_time":"2024-06-10T06:56:57+00:00","og_image":[{"width":2560,"height":934,"url":"https:\/\/www.bocholterinhalationen.de\/inhalationen\/wp-content\/uploads\/2024\/06\/Bocholter_Inhalationen_Ueber_uns_1920x700px-scaled.jpg","type":"image\/jpeg"}],"twitter_card":"summary_large_image","twitter_misc":{"Gesch\u00e4tzte Lesezeit":"1\u00a0Minute"},"schema":{"@context":"https:\/\/schema.org","@graph":[{"@type":"WebPage","@id":"https:\/\/www.bocholterinhalationen.de\/inhalationen\/ueber-uns\/","url":"https:\/\/www.bocholterinhalationen.de\/inhalationen\/ueber-uns\/","name":"\u00dcber uns - Bocholter Inhalationen","isPartOf":{"@id":"https:\/\/www.bocholterinhalationen.de\/inhalationen\/#website"},"primaryImageOfPage":{"@id":"https:\/\/www.bocholterinhalationen.de\/inhalationen\/ueber-uns\/#primaryimage"},"image":{"@id":"https:\/\/www.bocholterinhalationen.de\/inhalationen\/ueber-uns\/#primaryimage"},"thumbnailUrl":"https:\/\/www.bocholterinhalationen.de\/inhalationen\/wp-content\/uploads\/2024\/06\/Bocholter_Inhalationen_Ueber_uns_1920x700px-scaled.jpg","datePublished":"2024-06-10T06:01:24+00:00","dateModified":"2024-06-10T06:56:57+00:00","breadcrumb":{"@id":"https:\/\/www.bocholterinhalationen.de\/inhalationen\/ueber-uns\/#breadcrumb"},"inLanguage":"de","potentialAction":[{"@type":"ReadAction","target":["https:\/\/www.bocholterinhalationen.de\/inhalationen\/ueber-uns\/"]}]},{"@type":"ImageObject","inLanguage":"de","@id":"https:\/\/www.bocholterinhalationen.de\/inhalationen\/ueber-uns\/#primaryimage","url":"https:\/\/www.bocholterinhalationen.de\/inhalationen\/wp-content\/uploads\/2024\/06\/Bocholter_Inhalationen_Ueber_uns_1920x700px-scaled.jpg","contentUrl":"https:\/\/www.bocholterinhalationen.de\/inhalationen\/wp-content\/uploads\/2024\/06\/Bocholter_Inhalationen_Ueber_uns_1920x700px-scaled.jpg","width":2560,"height":934},{"@type":"BreadcrumbList","@id":"https:\/\/www.bocholterinhalationen.de\/inhalationen\/ueber-uns\/#breadcrumb","itemListElement":[{"@type":"ListItem","position":1,"name":"Startseite","item":"https:\/\/www.bocholterinhalationen.de\/inhalationen\/"},{"@type":"ListItem","position":2,"name":"\u00dcber uns"}]},{"@type":"WebSite","@id":"https:\/\/www.bocholterinhalationen.de\/inhalationen\/#website","url":"https:\/\/www.bocholterinhalationen.de\/inhalationen\/","name":"Bocholter Inhalationen","description":"Mike L\u00fctfrink","publisher":{"@id":"https:\/\/www.bocholterinhalationen.de\/inhalationen\/#organization"},"potentialAction":[{"@type":"SearchAction","target":{"@type":"EntryPoint","urlTemplate":"https:\/\/www.bocholterinhalationen.de\/inhalationen\/?s={search_term_string}"},"query-input":{"@type":"PropertyValueSpecification","valueRequired":true,"valueName":"search_term_string"}}],"inLanguage":"de"},{"@type":"Organization","@id":"https:\/\/www.bocholterinhalationen.de\/inhalationen\/#organization","name":"Bocholter Inhalationen","url":"https:\/\/www.bocholterinhalationen.de\/inhalationen\/","logo":{"@type":"ImageObject","inLanguage":"de","@id":"https:\/\/www.bocholterinhalationen.de\/inhalationen\/#\/schema\/logo\/image\/","url":"https:\/\/www.bocholterinhalationen.de\/inhalationen\/wp-content\/uploads\/2024\/06\/cropped-Bocholter_Inhalationen_Logo_512x512px.jpg","contentUrl":"https:\/\/www.bocholterinhalationen.de\/inhalationen\/wp-content\/uploads\/2024\/06\/cropped-Bocholter_Inhalationen_Logo_512x512px.jpg","width":1067,"height":1067,"caption":"Bocholter Inhalationen"},"image":{"@id":"https:\/\/www.bocholterinhalationen.de\/inhalationen\/#\/schema\/logo\/image\/"},"sameAs":["https:\/\/www.facebook.com\/bocholter.inhalationen\/","https:\/\/www.instagram.com\/bocholter_inhalationen\/"]}]}},"_links":{"self":[{"href":"https:\/\/www.bocholterinhalationen.de\/inhalationen\/wp-json\/wp\/v2\/pages\/74","targetHints":{"allow":["GET"]}}],"collection":[{"href":"https:\/\/www.bocholterinhalationen.de\/inhalationen\/wp-json\/wp\/v2\/pages"}],"about":[{"href":"https:\/\/www.bocholterinhalationen.de\/inhalationen\/wp-json\/wp\/v2\/types\/page"}],"author":[{"embeddable":true,"href":"https:\/\/www.bocholterinhalationen.de\/inhalationen\/wp-json\/wp\/v2\/users\/1"}],"replies":[{"embeddable":true,"href":"https:\/\/www.bocholterinhalationen.de\/inhalationen\/wp-json\/wp\/v2\/comments?post=74"}],"version-history":[{"count":1,"href":"https:\/\/www.bocholterinhalationen.de\/inhalationen\/wp-json\/wp\/v2\/pages\/74\/revisions"}],"predecessor-version":[{"id":76,"href":"https:\/\/www.bocholterinhalationen.de\/inhalationen\/wp-json\/wp\/v2\/pages\/74\/revisions\/76"}],"wp:featuredmedia":[{"embeddable":true,"href":"https:\/\/www.bocholterinhalationen.de\/inhalationen\/wp-json\/wp\/v2\/media\/75"}],"wp:attachment":[{"href":"https:\/\/www.bocholterinhalationen.de\/inhalationen\/wp-json\/wp\/v2\/media?parent=74"}],"curies":[{"name":"wp","href":"https:\/\/api.w.org\/{rel}","templated":true}]}}