{"id":7,"date":"2024-04-22T14:18:26","date_gmt":"2024-04-22T12:18:26","guid":{"rendered":"http:\/\/511084034.swh.strato-hosting.eu\/inhalationen\/?page_id=7"},"modified":"2024-09-12T18:54:50","modified_gmt":"2024-09-12T16:54:50","slug":"startseite","status":"publish","type":"page","link":"https:\/\/www.bocholterinhalationen.de\/inhalationen\/","title":{"rendered":"Wir bringen die Seeluft zu Ihrem Pferd"},"content":{"rendered":"\n<h3 class=\"wp-block-heading\">Herzlich willkommen bei Bocholter Inhalationen, <br>Ihrem Partner f\u00fcr das Wohlbefinden Ihrer Pferde! <\/h3>\n\n\n\n<p>Eine Vielzahl an Pferden leidet, wie auch wir Menschen, an Atemwegserkrankungen, Allergien und Hautproblemen. Die Symptomatik ist sehr vielf\u00e4ltig und individuell. Oft zeigen sich die Erkrankungen durch Schleimbildung, Atemwegsbeschwerden und Leistungsminderung. Wir sind spezialisiert auf hochwertige Solevernebler f\u00fcr Soleboxen sowie mobile Sole-Anh\u00e4nger. Mit der Solebehandlung k\u00f6nnen Sie die Gesundheit der Atemwege und der Haut Ihrer Pferde positiv unterst\u00fctzen und Ihnen somit zu mehr Wohlbefinden verhelfen.<\/p>\n\n\n\n<div style=\"height:40px\" aria-hidden=\"true\" class=\"wp-block-spacer\"><\/div>\n\n\n\n<hr class=\"wp-block-separator has-text-color has-alpha-channel-opacity has-background\" style=\"background-color:#1d62b0;color:#1d62b0\"\/>\n\n\n\n<div style=\"height:40px\" aria-hidden=\"true\" class=\"wp-block-spacer\"><\/div>\n\n\n\n<div class=\"wp-block-media-text is-stacked-on-mobile is-vertically-aligned-top\" style=\"grid-template-columns:30% auto\"><figure class=\"wp-block-media-text__media\"><img loading=\"lazy\" decoding=\"async\" width=\"1024\" height=\"1024\" src=\"https:\/\/www.bocholterinhalationen.de\/inhalationen\/wp-content\/uploads\/2024\/06\/Bocholter_Inhalationen_Vernebler_512x512px-1024x1024.jpg\" alt=\"Bocholter Inhalationen Vernebler\" class=\"wp-image-61 size-full\" srcset=\"https:\/\/www.bocholterinhalationen.de\/inhalationen\/wp-content\/uploads\/2024\/06\/Bocholter_Inhalationen_Vernebler_512x512px-1024x1024.jpg 1024w, https:\/\/www.bocholterinhalationen.de\/inhalationen\/wp-content\/uploads\/2024\/06\/Bocholter_Inhalationen_Vernebler_512x512px-300x300.jpg 300w, https:\/\/www.bocholterinhalationen.de\/inhalationen\/wp-content\/uploads\/2024\/06\/Bocholter_Inhalationen_Vernebler_512x512px-150x150.jpg 150w, https:\/\/www.bocholterinhalationen.de\/inhalationen\/wp-content\/uploads\/2024\/06\/Bocholter_Inhalationen_Vernebler_512x512px-768x768.jpg 768w, https:\/\/www.bocholterinhalationen.de\/inhalationen\/wp-content\/uploads\/2024\/06\/Bocholter_Inhalationen_Vernebler_512x512px-60x60.jpg 60w, https:\/\/www.bocholterinhalationen.de\/inhalationen\/wp-content\/uploads\/2024\/06\/Bocholter_Inhalationen_Vernebler_512x512px.jpg 1067w\" sizes=\"auto, (max-width: 1024px) 100vw, 1024px\" \/><\/figure><div class=\"wp-block-media-text__content\">\n<h4 class=\"wp-block-heading\"><strong>Vertrieb Solevernebler<\/strong><\/h4>\n\n\n\n<p>Mit unseren Ultraschall-Soleverneblern schaffen Sie ein optimales Klima, um die Atemwege und die Haut Ihrer Pferde zu unterst\u00fctzen und ihre Gesundheit zu f\u00f6rdern. Durch die innovative Technologie wird f\u00fcr eine kontinuierliche Verbreitung von nat\u00fcrlicher Sole-Luft gesorgt, die einen positiven Einfluss auf das Wohlsein, die Gesundheit und die Leistungsf\u00e4higkeit Ihrer Tiere hat.<\/p>\n\n\n\n<div class=\"wp-block-buttons is-layout-flex wp-block-buttons-is-layout-flex\">\n<div class=\"wp-block-button has-custom-font-size has-small-font-size\"><a class=\"wp-block-button__link has-white-color has-text-color has-background has-link-color wp-element-button\" href=\"https:\/\/www.bocholterinhalationen.de\/inhalationen\/sole-vernebler\/\" style=\"background-color:#1c1850\" target=\"_blank\" rel=\"noreferrer noopener\">Mehr Informationen<\/a><\/div>\n<\/div>\n<\/div><\/div>\n\n\n\n<div style=\"height:40px\" aria-hidden=\"true\" class=\"wp-block-spacer\"><\/div>\n\n\n\n<hr class=\"wp-block-separator has-text-color has-alpha-channel-opacity has-background\" style=\"background-color:#1d62b0;color:#1d62b0\"\/>\n\n\n\n<div style=\"height:40px\" aria-hidden=\"true\" class=\"wp-block-spacer\"><\/div>\n\n\n\n<div class=\"wp-block-media-text is-stacked-on-mobile is-vertically-aligned-top\" style=\"grid-template-columns:30% auto\"><figure class=\"wp-block-media-text__media\"><img loading=\"lazy\" decoding=\"async\" width=\"1024\" height=\"1024\" src=\"https:\/\/www.bocholterinhalationen.de\/inhalationen\/wp-content\/uploads\/2024\/06\/Bocholter_Inhalationen_Sole-Mobile_512x512px-1024x1024.jpg\" alt=\"Bocholter Inhalationen Sole-Mobile\" class=\"wp-image-65 size-full\" srcset=\"https:\/\/www.bocholterinhalationen.de\/inhalationen\/wp-content\/uploads\/2024\/06\/Bocholter_Inhalationen_Sole-Mobile_512x512px-1024x1024.jpg 1024w, https:\/\/www.bocholterinhalationen.de\/inhalationen\/wp-content\/uploads\/2024\/06\/Bocholter_Inhalationen_Sole-Mobile_512x512px-300x300.jpg 300w, https:\/\/www.bocholterinhalationen.de\/inhalationen\/wp-content\/uploads\/2024\/06\/Bocholter_Inhalationen_Sole-Mobile_512x512px-150x150.jpg 150w, https:\/\/www.bocholterinhalationen.de\/inhalationen\/wp-content\/uploads\/2024\/06\/Bocholter_Inhalationen_Sole-Mobile_512x512px-768x768.jpg 768w, https:\/\/www.bocholterinhalationen.de\/inhalationen\/wp-content\/uploads\/2024\/06\/Bocholter_Inhalationen_Sole-Mobile_512x512px-60x60.jpg 60w, https:\/\/www.bocholterinhalationen.de\/inhalationen\/wp-content\/uploads\/2024\/06\/Bocholter_Inhalationen_Sole-Mobile_512x512px.jpg 1067w\" sizes=\"auto, (max-width: 1024px) 100vw, 1024px\" \/><\/figure><div class=\"wp-block-media-text__content\">\n<h4 class=\"wp-block-heading\"><strong><strong>Vermietung Sole-Mobile<\/strong><\/strong><\/h4>\n\n\n\n<p>Dar\u00fcber hinaus bieten wir die Vermietung von Sole-Anh\u00e4ngern an. Unsere mobilen Anh\u00e4nger sind perfekt ausgestattet, um Ihren Pferden eine gesundheitsf\u00f6rdernde Umgebung f\u00fcr Atemwege und Haut zu bieten.<\/p>\n\n\n\n<div class=\"wp-block-buttons is-layout-flex wp-block-buttons-is-layout-flex\">\n<div class=\"wp-block-button has-custom-font-size has-small-font-size\"><a class=\"wp-block-button__link has-white-color has-text-color has-background has-link-color wp-element-button\" href=\"https:\/\/www.bocholterinhalationen.de\/inhalationen\/verleih-sole-mobile\/\" style=\"background-color:#1c1850\" target=\"_blank\" rel=\"noreferrer noopener\">Mehr Informationen<\/a><\/div>\n<\/div>\n<\/div><\/div>\n\n\n\n<div style=\"height:40px\" aria-hidden=\"true\" class=\"wp-block-spacer\"><\/div>\n\n\n\n<hr class=\"wp-block-separator has-text-color has-alpha-channel-opacity has-background\" style=\"background-color:#1d62b0;color:#1d62b0\"\/>\n\n\n\n<div style=\"height:40px\" aria-hidden=\"true\" class=\"wp-block-spacer\"><\/div>\n\n\n\n<div class=\"wp-block-media-text is-stacked-on-mobile is-vertically-aligned-top\" style=\"grid-template-columns:30% auto\"><figure class=\"wp-block-media-text__media\"><img loading=\"lazy\" decoding=\"async\" width=\"1024\" height=\"1024\" src=\"https:\/\/www.bocholterinhalationen.de\/inhalationen\/wp-content\/uploads\/2024\/06\/Bocholter_Inhalationen_BEMER_512x512px-1024x1024.jpg\" alt=\"Bocholter Inhalationen BEMER\" class=\"wp-image-67 size-full\" srcset=\"https:\/\/www.bocholterinhalationen.de\/inhalationen\/wp-content\/uploads\/2024\/06\/Bocholter_Inhalationen_BEMER_512x512px-1024x1024.jpg 1024w, https:\/\/www.bocholterinhalationen.de\/inhalationen\/wp-content\/uploads\/2024\/06\/Bocholter_Inhalationen_BEMER_512x512px-300x300.jpg 300w, https:\/\/www.bocholterinhalationen.de\/inhalationen\/wp-content\/uploads\/2024\/06\/Bocholter_Inhalationen_BEMER_512x512px-150x150.jpg 150w, https:\/\/www.bocholterinhalationen.de\/inhalationen\/wp-content\/uploads\/2024\/06\/Bocholter_Inhalationen_BEMER_512x512px-768x768.jpg 768w, https:\/\/www.bocholterinhalationen.de\/inhalationen\/wp-content\/uploads\/2024\/06\/Bocholter_Inhalationen_BEMER_512x512px-60x60.jpg 60w, https:\/\/www.bocholterinhalationen.de\/inhalationen\/wp-content\/uploads\/2024\/06\/Bocholter_Inhalationen_BEMER_512x512px.jpg 1067w\" sizes=\"auto, (max-width: 1024px) 100vw, 1024px\" \/><\/figure><div class=\"wp-block-media-text__content\">\n<h4 class=\"wp-block-heading\"><strong><strong>BEMER<\/strong><\/strong><\/h4>\n\n\n\n<p>Des Weiteren stehen wir Ihnen als BEMER Vertriebspartner in Bocholt zur Seite. BEMER kann durch seine pulsierende Magnetfeldtherapie helfen, die Losgelassenheit Ihres Pferdes zu f\u00f6rdern,&nbsp; vor und nach Operationen zu unterst\u00fctzen und die Leistungsf\u00e4higkeit in Sport und Zucht zu steigern.<\/p>\n\n\n\n<div class=\"wp-block-buttons is-layout-flex wp-block-buttons-is-layout-flex\">\n<div class=\"wp-block-button has-custom-font-size has-small-font-size\"><a class=\"wp-block-button__link has-white-color has-text-color has-background has-link-color wp-element-button\" href=\"https:\/\/www.bocholterinhalationen.de\/inhalationen\/bemer\/\" style=\"background-color:#1c1850\" target=\"_blank\" rel=\"noreferrer noopener\">Mehr Informationen<\/a><\/div>\n<\/div>\n<\/div><\/div>\n\n\n\n<div style=\"height:40px\" aria-hidden=\"true\" class=\"wp-block-spacer\"><\/div>\n\n\n\n<hr class=\"wp-block-separator has-text-color has-alpha-channel-opacity has-background\" style=\"background-color:#1d62b0;color:#1d62b0\"\/>\n\n\n\n<div style=\"height:40px\" aria-hidden=\"true\" class=\"wp-block-spacer\"><\/div>\n\n\n\n<p>Entdecken Sie unser vielf\u00e4ltiges Sortiment und erfahren Sie, wie Sie mit unseren Produkten die Gesundheit und das Wohlbefinden Ihrer Pferde unterst\u00fctzen k\u00f6nnen.<\/p>\n\n\n\n<p><\/p>\n","protected":false},"excerpt":{"rendered":"<p>Herzlich willkommen bei Bocholter Inhalationen, Ihrem Partner f\u00fcr das Wohlbefinden Ihrer Pferde! Eine Vielzahl an Pferden leidet, wie auch wir Menschen, an Atemwegserkrankungen, Allergien und Hautproblemen. Die Symptomatik ist sehr &hellip; <\/p>\n","protected":false},"author":1,"featured_media":47,"parent":0,"menu_order":0,"comment_status":"closed","ping_status":"closed","template":"","meta":{"footnotes":""},"class_list":["post-7","page","type-page","status-publish","has-post-thumbnail","hentry"],"yoast_head":"<!-- This site is optimized with the Yoast SEO plugin v23.9 - https:\/\/yoast.com\/wordpress\/plugins\/seo\/ -->\n<title>Bocholter Inhalationen - Wir bringen die Seeluft zu Ihrem Pferd<\/title>\n<meta name=\"description\" content=\"Viele Pferden leiden an Atemwegserkrankungen. Mit der Solebehandlung von Bocholter Inhalationen k\u00f6nnen Sie die Gesundheit Ihrer Pferde unterst\u00fctzen.\" \/>\n<meta name=\"robots\" content=\"index, follow, max-snippet:-1, max-image-preview:large, max-video-preview:-1\" \/>\n<link rel=\"canonical\" href=\"https:\/\/www.bocholterinhalationen.de\/inhalationen\/\" \/>\n<meta property=\"og:locale\" content=\"de_DE\" \/>\n<meta property=\"og:type\" content=\"article\" \/>\n<meta property=\"og:title\" content=\"Bocholter Inhalationen - Wir bringen die Seeluft zu Ihrem Pferd\" \/>\n<meta property=\"og:description\" content=\"Viele Pferden leiden an Atemwegserkrankungen. Mit der Solebehandlung von Bocholter Inhalationen k\u00f6nnen Sie die Gesundheit Ihrer Pferde unterst\u00fctzen.\" \/>\n<meta property=\"og:url\" content=\"https:\/\/www.bocholterinhalationen.de\/inhalationen\/\" \/>\n<meta property=\"og:site_name\" content=\"Bocholter Inhalationen\" \/>\n<meta property=\"article:publisher\" content=\"https:\/\/www.facebook.com\/bocholter.inhalationen\/\" \/>\n<meta property=\"article:modified_time\" content=\"2024-09-12T16:54:50+00:00\" \/>\n<meta property=\"og:image\" content=\"https:\/\/www.bocholterinhalationen.de\/inhalationen\/wp-content\/uploads\/2024\/06\/Bocholter_Inhalationen_Header_1920x700px-scaled.jpg\" \/>\n\t<meta property=\"og:image:width\" content=\"2560\" \/>\n\t<meta property=\"og:image:height\" content=\"934\" \/>\n\t<meta property=\"og:image:type\" content=\"image\/jpeg\" \/>\n<meta name=\"twitter:card\" content=\"summary_large_image\" \/>\n<meta name=\"twitter:label1\" content=\"Gesch\u00e4tzte Lesezeit\" \/>\n\t<meta name=\"twitter:data1\" content=\"3\u00a0Minuten\" \/>\n<script type=\"application\/ld+json\" class=\"yoast-schema-graph\">{\"@context\":\"https:\/\/schema.org\",\"@graph\":[{\"@type\":\"WebPage\",\"@id\":\"https:\/\/www.bocholterinhalationen.de\/inhalationen\/\",\"url\":\"https:\/\/www.bocholterinhalationen.de\/inhalationen\/\",\"name\":\"Bocholter Inhalationen - Wir bringen die Seeluft zu Ihrem Pferd\",\"isPartOf\":{\"@id\":\"https:\/\/www.bocholterinhalationen.de\/inhalationen\/#website\"},\"primaryImageOfPage\":{\"@id\":\"https:\/\/www.bocholterinhalationen.de\/inhalationen\/#primaryimage\"},\"image\":{\"@id\":\"https:\/\/www.bocholterinhalationen.de\/inhalationen\/#primaryimage\"},\"thumbnailUrl\":\"https:\/\/www.bocholterinhalationen.de\/inhalationen\/wp-content\/uploads\/2024\/06\/Bocholter_Inhalationen_Header_1920x700px-scaled.jpg\",\"datePublished\":\"2024-04-22T12:18:26+00:00\",\"dateModified\":\"2024-09-12T16:54:50+00:00\",\"description\":\"Viele Pferden leiden an Atemwegserkrankungen. Mit der Solebehandlung von Bocholter Inhalationen k\u00f6nnen Sie die Gesundheit Ihrer Pferde unterst\u00fctzen.\",\"breadcrumb\":{\"@id\":\"https:\/\/www.bocholterinhalationen.de\/inhalationen\/#breadcrumb\"},\"inLanguage\":\"de\",\"potentialAction\":[{\"@type\":\"ReadAction\",\"target\":[\"https:\/\/www.bocholterinhalationen.de\/inhalationen\/\"]}]},{\"@type\":\"ImageObject\",\"inLanguage\":\"de\",\"@id\":\"https:\/\/www.bocholterinhalationen.de\/inhalationen\/#primaryimage\",\"url\":\"https:\/\/www.bocholterinhalationen.de\/inhalationen\/wp-content\/uploads\/2024\/06\/Bocholter_Inhalationen_Header_1920x700px-scaled.jpg\",\"contentUrl\":\"https:\/\/www.bocholterinhalationen.de\/inhalationen\/wp-content\/uploads\/2024\/06\/Bocholter_Inhalationen_Header_1920x700px-scaled.jpg\",\"width\":2560,\"height\":934},{\"@type\":\"BreadcrumbList\",\"@id\":\"https:\/\/www.bocholterinhalationen.de\/inhalationen\/#breadcrumb\",\"itemListElement\":[{\"@type\":\"ListItem\",\"position\":1,\"name\":\"Startseite\",\"item\":\"https:\/\/www.bocholterinhalationen.de\/inhalationen\/\"},{\"@type\":\"ListItem\",\"position\":2,\"name\":\"Wir bringen die Seeluft zu Ihrem Pferd\"}]},{\"@type\":\"WebSite\",\"@id\":\"https:\/\/www.bocholterinhalationen.de\/inhalationen\/#website\",\"url\":\"https:\/\/www.bocholterinhalationen.de\/inhalationen\/\",\"name\":\"Bocholter Inhalationen\",\"description\":\"Mike L\u00fctfrink\",\"publisher\":{\"@id\":\"https:\/\/www.bocholterinhalationen.de\/inhalationen\/#organization\"},\"potentialAction\":[{\"@type\":\"SearchAction\",\"target\":{\"@type\":\"EntryPoint\",\"urlTemplate\":\"https:\/\/www.bocholterinhalationen.de\/inhalationen\/?s={search_term_string}\"},\"query-input\":{\"@type\":\"PropertyValueSpecification\",\"valueRequired\":true,\"valueName\":\"search_term_string\"}}],\"inLanguage\":\"de\"},{\"@type\":\"Organization\",\"@id\":\"https:\/\/www.bocholterinhalationen.de\/inhalationen\/#organization\",\"name\":\"Bocholter Inhalationen\",\"url\":\"https:\/\/www.bocholterinhalationen.de\/inhalationen\/\",\"logo\":{\"@type\":\"ImageObject\",\"inLanguage\":\"de\",\"@id\":\"https:\/\/www.bocholterinhalationen.de\/inhalationen\/#\/schema\/logo\/image\/\",\"url\":\"https:\/\/www.bocholterinhalationen.de\/inhalationen\/wp-content\/uploads\/2024\/06\/cropped-Bocholter_Inhalationen_Logo_512x512px.jpg\",\"contentUrl\":\"https:\/\/www.bocholterinhalationen.de\/inhalationen\/wp-content\/uploads\/2024\/06\/cropped-Bocholter_Inhalationen_Logo_512x512px.jpg\",\"width\":1067,\"height\":1067,\"caption\":\"Bocholter Inhalationen\"},\"image\":{\"@id\":\"https:\/\/www.bocholterinhalationen.de\/inhalationen\/#\/schema\/logo\/image\/\"},\"sameAs\":[\"https:\/\/www.facebook.com\/bocholter.inhalationen\/\",\"https:\/\/www.instagram.com\/bocholter_inhalationen\/\"]}]}<\/script>\n<!-- \/ Yoast SEO plugin. -->","yoast_head_json":{"title":"Bocholter Inhalationen - Wir bringen die Seeluft zu Ihrem Pferd","description":"Viele Pferden leiden an Atemwegserkrankungen. Mit der Solebehandlung von Bocholter Inhalationen k\u00f6nnen Sie die Gesundheit Ihrer Pferde unterst\u00fctzen.","robots":{"index":"index","follow":"follow","max-snippet":"max-snippet:-1","max-image-preview":"max-image-preview:large","max-video-preview":"max-video-preview:-1"},"canonical":"https:\/\/www.bocholterinhalationen.de\/inhalationen\/","og_locale":"de_DE","og_type":"article","og_title":"Bocholter Inhalationen - Wir bringen die Seeluft zu Ihrem Pferd","og_description":"Viele Pferden leiden an Atemwegserkrankungen. Mit der Solebehandlung von Bocholter Inhalationen k\u00f6nnen Sie die Gesundheit Ihrer Pferde unterst\u00fctzen.","og_url":"https:\/\/www.bocholterinhalationen.de\/inhalationen\/","og_site_name":"Bocholter Inhalationen","article_publisher":"https:\/\/www.facebook.com\/bocholter.inhalationen\/","article_modified_time":"2024-09-12T16:54:50+00:00","og_image":[{"width":2560,"height":934,"url":"https:\/\/www.bocholterinhalationen.de\/inhalationen\/wp-content\/uploads\/2024\/06\/Bocholter_Inhalationen_Header_1920x700px-scaled.jpg","type":"image\/jpeg"}],"twitter_card":"summary_large_image","twitter_misc":{"Gesch\u00e4tzte Lesezeit":"3\u00a0Minuten"},"schema":{"@context":"https:\/\/schema.org","@graph":[{"@type":"WebPage","@id":"https:\/\/www.bocholterinhalationen.de\/inhalationen\/","url":"https:\/\/www.bocholterinhalationen.de\/inhalationen\/","name":"Bocholter Inhalationen - Wir bringen die Seeluft zu Ihrem Pferd","isPartOf":{"@id":"https:\/\/www.bocholterinhalationen.de\/inhalationen\/#website"},"primaryImageOfPage":{"@id":"https:\/\/www.bocholterinhalationen.de\/inhalationen\/#primaryimage"},"image":{"@id":"https:\/\/www.bocholterinhalationen.de\/inhalationen\/#primaryimage"},"thumbnailUrl":"https:\/\/www.bocholterinhalationen.de\/inhalationen\/wp-content\/uploads\/2024\/06\/Bocholter_Inhalationen_Header_1920x700px-scaled.jpg","datePublished":"2024-04-22T12:18:26+00:00","dateModified":"2024-09-12T16:54:50+00:00","description":"Viele Pferden leiden an Atemwegserkrankungen. Mit der Solebehandlung von Bocholter Inhalationen k\u00f6nnen Sie die Gesundheit Ihrer Pferde unterst\u00fctzen.","breadcrumb":{"@id":"https:\/\/www.bocholterinhalationen.de\/inhalationen\/#breadcrumb"},"inLanguage":"de","potentialAction":[{"@type":"ReadAction","target":["https:\/\/www.bocholterinhalationen.de\/inhalationen\/"]}]},{"@type":"ImageObject","inLanguage":"de","@id":"https:\/\/www.bocholterinhalationen.de\/inhalationen\/#primaryimage","url":"https:\/\/www.bocholterinhalationen.de\/inhalationen\/wp-content\/uploads\/2024\/06\/Bocholter_Inhalationen_Header_1920x700px-scaled.jpg","contentUrl":"https:\/\/www.bocholterinhalationen.de\/inhalationen\/wp-content\/uploads\/2024\/06\/Bocholter_Inhalationen_Header_1920x700px-scaled.jpg","width":2560,"height":934},{"@type":"BreadcrumbList","@id":"https:\/\/www.bocholterinhalationen.de\/inhalationen\/#breadcrumb","itemListElement":[{"@type":"ListItem","position":1,"name":"Startseite","item":"https:\/\/www.bocholterinhalationen.de\/inhalationen\/"},{"@type":"ListItem","position":2,"name":"Wir bringen die Seeluft zu Ihrem Pferd"}]},{"@type":"WebSite","@id":"https:\/\/www.bocholterinhalationen.de\/inhalationen\/#website","url":"https:\/\/www.bocholterinhalationen.de\/inhalationen\/","name":"Bocholter Inhalationen","description":"Mike L\u00fctfrink","publisher":{"@id":"https:\/\/www.bocholterinhalationen.de\/inhalationen\/#organization"},"potentialAction":[{"@type":"SearchAction","target":{"@type":"EntryPoint","urlTemplate":"https:\/\/www.bocholterinhalationen.de\/inhalationen\/?s={search_term_string}"},"query-input":{"@type":"PropertyValueSpecification","valueRequired":true,"valueName":"search_term_string"}}],"inLanguage":"de"},{"@type":"Organization","@id":"https:\/\/www.bocholterinhalationen.de\/inhalationen\/#organization","name":"Bocholter Inhalationen","url":"https:\/\/www.bocholterinhalationen.de\/inhalationen\/","logo":{"@type":"ImageObject","inLanguage":"de","@id":"https:\/\/www.bocholterinhalationen.de\/inhalationen\/#\/schema\/logo\/image\/","url":"https:\/\/www.bocholterinhalationen.de\/inhalationen\/wp-content\/uploads\/2024\/06\/cropped-Bocholter_Inhalationen_Logo_512x512px.jpg","contentUrl":"https:\/\/www.bocholterinhalationen.de\/inhalationen\/wp-content\/uploads\/2024\/06\/cropped-Bocholter_Inhalationen_Logo_512x512px.jpg","width":1067,"height":1067,"caption":"Bocholter Inhalationen"},"image":{"@id":"https:\/\/www.bocholterinhalationen.de\/inhalationen\/#\/schema\/logo\/image\/"},"sameAs":["https:\/\/www.facebook.com\/bocholter.inhalationen\/","https:\/\/www.instagram.com\/bocholter_inhalationen\/"]}]}},"_links":{"self":[{"href":"https:\/\/www.bocholterinhalationen.de\/inhalationen\/wp-json\/wp\/v2\/pages\/7","targetHints":{"allow":["GET"]}}],"collection":[{"href":"https:\/\/www.bocholterinhalationen.de\/inhalationen\/wp-json\/wp\/v2\/pages"}],"about":[{"href":"https:\/\/www.bocholterinhalationen.de\/inhalationen\/wp-json\/wp\/v2\/types\/page"}],"author":[{"embeddable":true,"href":"https:\/\/www.bocholterinhalationen.de\/inhalationen\/wp-json\/wp\/v2\/users\/1"}],"replies":[{"embeddable":true,"href":"https:\/\/www.bocholterinhalationen.de\/inhalationen\/wp-json\/wp\/v2\/comments?post=7"}],"version-history":[{"count":13,"href":"https:\/\/www.bocholterinhalationen.de\/inhalationen\/wp-json\/wp\/v2\/pages\/7\/revisions"}],"predecessor-version":[{"id":180,"href":"https:\/\/www.bocholterinhalationen.de\/inhalationen\/wp-json\/wp\/v2\/pages\/7\/revisions\/180"}],"wp:featuredmedia":[{"embeddable":true,"href":"https:\/\/www.bocholterinhalationen.de\/inhalationen\/wp-json\/wp\/v2\/media\/47"}],"wp:attachment":[{"href":"https:\/\/www.bocholterinhalationen.de\/inhalationen\/wp-json\/wp\/v2\/media?parent=7"}],"curies":[{"name":"wp","href":"https:\/\/api.w.org\/{rel}","templated":true}]}}