{"id":19,"date":"2024-04-16T09:58:17","date_gmt":"2024-04-16T07:58:17","guid":{"rendered":"http:\/\/511084034.swh.strato-hosting.eu\/inhalationen\/?page_id=19"},"modified":"2024-06-10T08:54:21","modified_gmt":"2024-06-10T06:54:21","slug":"bemer","status":"publish","type":"page","link":"https:\/\/www.bocholterinhalationen.de\/inhalationen\/bemer\/","title":{"rendered":"BEMER"},"content":{"rendered":"\n<h3 class=\"wp-block-heading\">BEMER: Steigern Sie das allgemeine Wohlbefinden Ihres Pferdes<\/h3>\n\n\n\n<figure class=\"wp-block-image size-large\"><img loading=\"lazy\" decoding=\"async\" width=\"1024\" height=\"373\" src=\"http:\/\/511084034.swh.strato-hosting.eu\/inhalationen\/wp-content\/uploads\/2024\/06\/Bocholter_Inhalationen_Header_BEMER_1920x700px-1024x373.jpg\" alt=\"\" class=\"wp-image-102\" srcset=\"https:\/\/www.bocholterinhalationen.de\/inhalationen\/wp-content\/uploads\/2024\/06\/Bocholter_Inhalationen_Header_BEMER_1920x700px-1024x373.jpg 1024w, https:\/\/www.bocholterinhalationen.de\/inhalationen\/wp-content\/uploads\/2024\/06\/Bocholter_Inhalationen_Header_BEMER_1920x700px-300x109.jpg 300w, https:\/\/www.bocholterinhalationen.de\/inhalationen\/wp-content\/uploads\/2024\/06\/Bocholter_Inhalationen_Header_BEMER_1920x700px-768x280.jpg 768w, https:\/\/www.bocholterinhalationen.de\/inhalationen\/wp-content\/uploads\/2024\/06\/Bocholter_Inhalationen_Header_BEMER_1920x700px-1536x560.jpg 1536w, https:\/\/www.bocholterinhalationen.de\/inhalationen\/wp-content\/uploads\/2024\/06\/Bocholter_Inhalationen_Header_BEMER_1920x700px-2048x747.jpg 2048w, https:\/\/www.bocholterinhalationen.de\/inhalationen\/wp-content\/uploads\/2024\/06\/Bocholter_Inhalationen_Header_BEMER_1920x700px-165x60.jpg 165w, https:\/\/www.bocholterinhalationen.de\/inhalationen\/wp-content\/uploads\/2024\/06\/Bocholter_Inhalationen_Header_BEMER_1920x700px-1920x700.jpg 1920w\" sizes=\"auto, (max-width: 1024px) 100vw, 1024px\" \/><\/figure>\n\n\n\n<p>F\u00fcr Ihr Pferd w\u00fcrden Sie alles tun. Und Sie tun es auch. Perfekte Versorgung, optimale Bedingungen \u2013 und Liebe sowieso. Das alles reicht aber nicht aus, wenn die Mikrozirkulation und damit die Zellversorgung des Pferdes gest\u00f6rt ist. Genau hier setzt BEMER mit seinem BEMER Horse-Set an. Es hilft den Zellen, ihren Job zu machen \u2013 und die Grundlage f\u00fcr ein gesundes, gl\u00fcckliches Pferd zu schaffen.<\/p>\n\n\n\n<figure class=\"wp-block-gallery has-nested-images columns-default is-cropped wp-block-gallery-1 is-layout-flex wp-block-gallery-is-layout-flex\">\n<figure class=\"wp-block-image size-large\"><img loading=\"lazy\" decoding=\"async\" width=\"768\" height=\"1024\" data-id=\"101\" src=\"http:\/\/511084034.swh.strato-hosting.eu\/inhalationen\/wp-content\/uploads\/2024\/06\/Bocholter_Inhalationen_BEMER_600x800px-768x1024.jpg\" alt=\"\" class=\"wp-image-101\" srcset=\"https:\/\/www.bocholterinhalationen.de\/inhalationen\/wp-content\/uploads\/2024\/06\/Bocholter_Inhalationen_BEMER_600x800px-768x1024.jpg 768w, https:\/\/www.bocholterinhalationen.de\/inhalationen\/wp-content\/uploads\/2024\/06\/Bocholter_Inhalationen_BEMER_600x800px-225x300.jpg 225w, https:\/\/www.bocholterinhalationen.de\/inhalationen\/wp-content\/uploads\/2024\/06\/Bocholter_Inhalationen_BEMER_600x800px-1152x1536.jpg 1152w, https:\/\/www.bocholterinhalationen.de\/inhalationen\/wp-content\/uploads\/2024\/06\/Bocholter_Inhalationen_BEMER_600x800px-45x60.jpg 45w, https:\/\/www.bocholterinhalationen.de\/inhalationen\/wp-content\/uploads\/2024\/06\/Bocholter_Inhalationen_BEMER_600x800px.jpg 1250w\" sizes=\"auto, (max-width: 768px) 100vw, 768px\" \/><\/figure>\n\n\n\n<figure class=\"wp-block-image size-large\"><img loading=\"lazy\" decoding=\"async\" width=\"768\" height=\"1024\" data-id=\"99\" src=\"http:\/\/511084034.swh.strato-hosting.eu\/inhalationen\/wp-content\/uploads\/2024\/06\/Bocholter_Inhalationen_BEMER_600x800px2-768x1024.jpg\" alt=\"\" class=\"wp-image-99\" srcset=\"https:\/\/www.bocholterinhalationen.de\/inhalationen\/wp-content\/uploads\/2024\/06\/Bocholter_Inhalationen_BEMER_600x800px2-768x1024.jpg 768w, https:\/\/www.bocholterinhalationen.de\/inhalationen\/wp-content\/uploads\/2024\/06\/Bocholter_Inhalationen_BEMER_600x800px2-225x300.jpg 225w, https:\/\/www.bocholterinhalationen.de\/inhalationen\/wp-content\/uploads\/2024\/06\/Bocholter_Inhalationen_BEMER_600x800px2-1152x1536.jpg 1152w, https:\/\/www.bocholterinhalationen.de\/inhalationen\/wp-content\/uploads\/2024\/06\/Bocholter_Inhalationen_BEMER_600x800px2-45x60.jpg 45w, https:\/\/www.bocholterinhalationen.de\/inhalationen\/wp-content\/uploads\/2024\/06\/Bocholter_Inhalationen_BEMER_600x800px2.jpg 1250w\" sizes=\"auto, (max-width: 768px) 100vw, 768px\" \/><\/figure>\n\n\n\n<figure class=\"wp-block-image size-large\"><img loading=\"lazy\" decoding=\"async\" width=\"768\" height=\"1024\" data-id=\"100\" src=\"http:\/\/511084034.swh.strato-hosting.eu\/inhalationen\/wp-content\/uploads\/2024\/06\/Bocholter_Inhalationen_BEMER_600x800px3-768x1024.jpg\" alt=\"\" class=\"wp-image-100\" srcset=\"https:\/\/www.bocholterinhalationen.de\/inhalationen\/wp-content\/uploads\/2024\/06\/Bocholter_Inhalationen_BEMER_600x800px3-768x1024.jpg 768w, https:\/\/www.bocholterinhalationen.de\/inhalationen\/wp-content\/uploads\/2024\/06\/Bocholter_Inhalationen_BEMER_600x800px3-225x300.jpg 225w, https:\/\/www.bocholterinhalationen.de\/inhalationen\/wp-content\/uploads\/2024\/06\/Bocholter_Inhalationen_BEMER_600x800px3-1152x1536.jpg 1152w, https:\/\/www.bocholterinhalationen.de\/inhalationen\/wp-content\/uploads\/2024\/06\/Bocholter_Inhalationen_BEMER_600x800px3-45x60.jpg 45w, https:\/\/www.bocholterinhalationen.de\/inhalationen\/wp-content\/uploads\/2024\/06\/Bocholter_Inhalationen_BEMER_600x800px3.jpg 1250w\" sizes=\"auto, (max-width: 768px) 100vw, 768px\" \/><\/figure>\n<\/figure>\n\n\n\n<p>Die BEMER Anwendung ist die Weiterentwicklung der Magnetfeldtherapie. Sie wirkt physikalisch gezielt und spezifisch auf Blutgef\u00e4\u00dfe oder Teile des Gef\u00e4\u00dfsystems. Ihre Wirkung erreicht sie jedoch nicht \u00fcber das Magnetfeld selbst, sondern \u00fcber eine vom Magnetfeld transportierte Signalkonfiguration, die einzigartig ist. Man k\u00f6nnte die BEMER Anwendung also auch als pulsierende Magnetfeldtherapie bezeichnen.<\/p>\n\n\n\n<ul class=\"wp-block-list\">\n<li>Intuitiv und einfach zu bedienen<\/li>\n\n\n\n<li>Integrierter Akku und Signalcontroller<\/li>\n\n\n\n<li>Kabellose Anwendung<\/li>\n\n\n\n<li>Leicht mit flexiblen Spulen<\/li>\n\n\n\n<li>Platzsparend verstaubar<\/li>\n\n\n\n<li>Anwendbar \u00fcber jegliche Art von Pferdedecke ohne Wirkungsverlust<\/li>\n\n\n\n<li>3 Behandlungsprogramme (Dauer 5\/10\/15 Minuten)<\/li>\n\n\n\n<li>Leicht zu reinigen<\/li>\n\n\n\n<li>Robust f\u00fcr den t\u00e4glichen Einsatz im Stall<\/li>\n\n\n\n<li>Auf die meisten Pferdegr\u00f6\u00dfen einstellbar<\/li>\n\n\n\n<li>Entwickelt und hergestellt nach den Standards von Medizinprodukten<\/li>\n\n\n\n<li>Kostenloser Versand<\/li>\n\n\n\n<li>3 Jahre Garantie, ein Versprechen f\u00fcr unsere Produktqualit\u00e4t<\/li>\n<\/ul>\n\n\n\n<p><strong>Das BEMER Horse-Set wirkt<\/strong><\/p>\n\n\n\n<p>Vor und nach einem intensiven Tag ist der Stall Ihrem Pferd ein Ort der Erholung. Hier kann das BEMER Horse-Set Ihrem Pferd sp\u00fcrbar guttun. Handhabung und Bedienung sind so einfach, dass es im Stall keine langen Wartezeiten gibt. Sie werden beobachten k\u00f6nnen, wie das BEMER Horse-Set wirkt: Es kann die Regeneration und Erholung des Pferdes f\u00f6rdern. Und es kann eine Verbesserung der Losgelassenheit erreichen. Das und viele pferdegerechte, bis ins kleinste Detail durchdachte Features machen das Horse-Set zum besten Fall im Stall, zu einem Gewinn f\u00fcr Pferd und Reiter. Sowohl im Sport als auch im Freizeitbereich. Ihr Pferd wird es lieben!<\/p>\n\n\n\n<div class=\"wp-block-media-text is-stacked-on-mobile\" style=\"grid-template-columns:40% auto\"><figure class=\"wp-block-media-text__media\"><img loading=\"lazy\" decoding=\"async\" width=\"1024\" height=\"768\" src=\"http:\/\/511084034.swh.strato-hosting.eu\/inhalationen\/wp-content\/uploads\/2024\/06\/Bocholter_Inhalationen_BEMER_800x600px-1024x768.jpg\" alt=\"\" class=\"wp-image-96 size-full\" srcset=\"https:\/\/www.bocholterinhalationen.de\/inhalationen\/wp-content\/uploads\/2024\/06\/Bocholter_Inhalationen_BEMER_800x600px-1024x768.jpg 1024w, https:\/\/www.bocholterinhalationen.de\/inhalationen\/wp-content\/uploads\/2024\/06\/Bocholter_Inhalationen_BEMER_800x600px-300x225.jpg 300w, https:\/\/www.bocholterinhalationen.de\/inhalationen\/wp-content\/uploads\/2024\/06\/Bocholter_Inhalationen_BEMER_800x600px-768x576.jpg 768w, https:\/\/www.bocholterinhalationen.de\/inhalationen\/wp-content\/uploads\/2024\/06\/Bocholter_Inhalationen_BEMER_800x600px-1536x1152.jpg 1536w, https:\/\/www.bocholterinhalationen.de\/inhalationen\/wp-content\/uploads\/2024\/06\/Bocholter_Inhalationen_BEMER_800x600px-80x60.jpg 80w, https:\/\/www.bocholterinhalationen.de\/inhalationen\/wp-content\/uploads\/2024\/06\/Bocholter_Inhalationen_BEMER_800x600px-640x480.jpg 640w, https:\/\/www.bocholterinhalationen.de\/inhalationen\/wp-content\/uploads\/2024\/06\/Bocholter_Inhalationen_BEMER_800x600px-110x83.jpg 110w, https:\/\/www.bocholterinhalationen.de\/inhalationen\/wp-content\/uploads\/2024\/06\/Bocholter_Inhalationen_BEMER_800x600px.jpg 1667w\" sizes=\"auto, (max-width: 1024px) 100vw, 1024px\" \/><\/figure><div class=\"wp-block-media-text__content\">\n<p><strong>Anwendungsbereiche BEMER:<\/strong><br>&#8211; F\u00f6rderung der Losgelassenheit<br>&#8211; Unterst\u00fctzung einer effektiven Zucht<br>&#8211; F\u00f6rderung von Regeneration und Entspannung<br>&#8211; Unterst\u00fctzung bei Operationen<br>&#8211; Steigerung des Wohlbefindens<\/p>\n<\/div><\/div>\n\n\n\n<p>Wir als BEMER Vertriebspartner in Bocholt im M\u00fcnsterland stehen Ihnen als kompetenter Ansprechpartner zur Seite. Sie k\u00f6nnen s\u00e4mtliche BEMER Produkte \u00fcber uns beziehen oder nat\u00fcrlich auch das BEMER Horse-Set mieten.<\/p>\n\n\n\n<p>Kontaktieren Sie uns f\u00fcr Informationen rund um das BEMER Horse-Set und weitere BEMER Produkte. <br>Wir beraten Sie gerne!<\/p>\n\n\n\n<div class=\"wp-block-buttons is-layout-flex wp-block-buttons-is-layout-flex\">\n<div class=\"wp-block-button has-custom-font-size has-small-font-size\"><a class=\"wp-block-button__link has-white-color has-text-color has-background has-link-color wp-element-button\" style=\"background-color:#1c1850\">Kontakt aufnehmen<\/a><\/div>\n<\/div>\n","protected":false},"excerpt":{"rendered":"<p>BEMER: Steigern Sie das allgemeine Wohlbefinden Ihres Pferdes F\u00fcr Ihr Pferd w\u00fcrden Sie alles tun. Und Sie tun es auch. Perfekte Versorgung, optimale Bedingungen \u2013 und Liebe sowieso. Das alles &hellip; <\/p>\n","protected":false},"author":1,"featured_media":102,"parent":0,"menu_order":0,"comment_status":"closed","ping_status":"closed","template":"","meta":{"footnotes":""},"class_list":["post-19","page","type-page","status-publish","has-post-thumbnail","hentry"],"yoast_head":"<!-- This site is optimized with the Yoast SEO plugin v23.9 - https:\/\/yoast.com\/wordpress\/plugins\/seo\/ -->\n<title>BEMER - Bocholter Inhalationen<\/title>\n<meta name=\"robots\" content=\"index, follow, max-snippet:-1, max-image-preview:large, max-video-preview:-1\" \/>\n<link rel=\"canonical\" href=\"https:\/\/www.bocholterinhalationen.de\/inhalationen\/bemer\/\" \/>\n<meta property=\"og:locale\" content=\"de_DE\" \/>\n<meta property=\"og:type\" content=\"article\" \/>\n<meta property=\"og:title\" content=\"BEMER - Bocholter Inhalationen\" \/>\n<meta property=\"og:description\" content=\"BEMER: Steigern Sie das allgemeine Wohlbefinden Ihres Pferdes F\u00fcr Ihr Pferd w\u00fcrden Sie alles tun. Und Sie tun es auch. Perfekte Versorgung, optimale Bedingungen \u2013 und Liebe sowieso. Das alles &hellip;\" \/>\n<meta property=\"og:url\" content=\"https:\/\/www.bocholterinhalationen.de\/inhalationen\/bemer\/\" \/>\n<meta property=\"og:site_name\" content=\"Bocholter Inhalationen\" \/>\n<meta property=\"article:publisher\" content=\"https:\/\/www.facebook.com\/bocholter.inhalationen\/\" \/>\n<meta property=\"article:modified_time\" content=\"2024-06-10T06:54:21+00:00\" \/>\n<meta property=\"og:image\" content=\"https:\/\/www.bocholterinhalationen.de\/inhalationen\/wp-content\/uploads\/2024\/06\/Bocholter_Inhalationen_Header_BEMER_1920x700px-scaled.jpg\" \/>\n\t<meta property=\"og:image:width\" content=\"2560\" \/>\n\t<meta property=\"og:image:height\" content=\"934\" \/>\n\t<meta property=\"og:image:type\" content=\"image\/jpeg\" \/>\n<meta name=\"twitter:card\" content=\"summary_large_image\" \/>\n<meta name=\"twitter:label1\" content=\"Gesch\u00e4tzte Lesezeit\" \/>\n\t<meta name=\"twitter:data1\" content=\"2\u00a0Minuten\" \/>\n<script type=\"application\/ld+json\" class=\"yoast-schema-graph\">{\"@context\":\"https:\/\/schema.org\",\"@graph\":[{\"@type\":\"WebPage\",\"@id\":\"https:\/\/www.bocholterinhalationen.de\/inhalationen\/bemer\/\",\"url\":\"https:\/\/www.bocholterinhalationen.de\/inhalationen\/bemer\/\",\"name\":\"BEMER - Bocholter Inhalationen\",\"isPartOf\":{\"@id\":\"https:\/\/www.bocholterinhalationen.de\/inhalationen\/#website\"},\"primaryImageOfPage\":{\"@id\":\"https:\/\/www.bocholterinhalationen.de\/inhalationen\/bemer\/#primaryimage\"},\"image\":{\"@id\":\"https:\/\/www.bocholterinhalationen.de\/inhalationen\/bemer\/#primaryimage\"},\"thumbnailUrl\":\"https:\/\/www.bocholterinhalationen.de\/inhalationen\/wp-content\/uploads\/2024\/06\/Bocholter_Inhalationen_Header_BEMER_1920x700px-scaled.jpg\",\"datePublished\":\"2024-04-16T07:58:17+00:00\",\"dateModified\":\"2024-06-10T06:54:21+00:00\",\"breadcrumb\":{\"@id\":\"https:\/\/www.bocholterinhalationen.de\/inhalationen\/bemer\/#breadcrumb\"},\"inLanguage\":\"de\",\"potentialAction\":[{\"@type\":\"ReadAction\",\"target\":[\"https:\/\/www.bocholterinhalationen.de\/inhalationen\/bemer\/\"]}]},{\"@type\":\"ImageObject\",\"inLanguage\":\"de\",\"@id\":\"https:\/\/www.bocholterinhalationen.de\/inhalationen\/bemer\/#primaryimage\",\"url\":\"https:\/\/www.bocholterinhalationen.de\/inhalationen\/wp-content\/uploads\/2024\/06\/Bocholter_Inhalationen_Header_BEMER_1920x700px-scaled.jpg\",\"contentUrl\":\"https:\/\/www.bocholterinhalationen.de\/inhalationen\/wp-content\/uploads\/2024\/06\/Bocholter_Inhalationen_Header_BEMER_1920x700px-scaled.jpg\",\"width\":2560,\"height\":934},{\"@type\":\"BreadcrumbList\",\"@id\":\"https:\/\/www.bocholterinhalationen.de\/inhalationen\/bemer\/#breadcrumb\",\"itemListElement\":[{\"@type\":\"ListItem\",\"position\":1,\"name\":\"Startseite\",\"item\":\"https:\/\/www.bocholterinhalationen.de\/inhalationen\/\"},{\"@type\":\"ListItem\",\"position\":2,\"name\":\"BEMER\"}]},{\"@type\":\"WebSite\",\"@id\":\"https:\/\/www.bocholterinhalationen.de\/inhalationen\/#website\",\"url\":\"https:\/\/www.bocholterinhalationen.de\/inhalationen\/\",\"name\":\"Bocholter Inhalationen\",\"description\":\"Mike L\u00fctfrink\",\"publisher\":{\"@id\":\"https:\/\/www.bocholterinhalationen.de\/inhalationen\/#organization\"},\"potentialAction\":[{\"@type\":\"SearchAction\",\"target\":{\"@type\":\"EntryPoint\",\"urlTemplate\":\"https:\/\/www.bocholterinhalationen.de\/inhalationen\/?s={search_term_string}\"},\"query-input\":{\"@type\":\"PropertyValueSpecification\",\"valueRequired\":true,\"valueName\":\"search_term_string\"}}],\"inLanguage\":\"de\"},{\"@type\":\"Organization\",\"@id\":\"https:\/\/www.bocholterinhalationen.de\/inhalationen\/#organization\",\"name\":\"Bocholter Inhalationen\",\"url\":\"https:\/\/www.bocholterinhalationen.de\/inhalationen\/\",\"logo\":{\"@type\":\"ImageObject\",\"inLanguage\":\"de\",\"@id\":\"https:\/\/www.bocholterinhalationen.de\/inhalationen\/#\/schema\/logo\/image\/\",\"url\":\"https:\/\/www.bocholterinhalationen.de\/inhalationen\/wp-content\/uploads\/2024\/06\/cropped-Bocholter_Inhalationen_Logo_512x512px.jpg\",\"contentUrl\":\"https:\/\/www.bocholterinhalationen.de\/inhalationen\/wp-content\/uploads\/2024\/06\/cropped-Bocholter_Inhalationen_Logo_512x512px.jpg\",\"width\":1067,\"height\":1067,\"caption\":\"Bocholter Inhalationen\"},\"image\":{\"@id\":\"https:\/\/www.bocholterinhalationen.de\/inhalationen\/#\/schema\/logo\/image\/\"},\"sameAs\":[\"https:\/\/www.facebook.com\/bocholter.inhalationen\/\",\"https:\/\/www.instagram.com\/bocholter_inhalationen\/\"]}]}<\/script>\n<!-- \/ Yoast SEO plugin. -->","yoast_head_json":{"title":"BEMER - Bocholter Inhalationen","robots":{"index":"index","follow":"follow","max-snippet":"max-snippet:-1","max-image-preview":"max-image-preview:large","max-video-preview":"max-video-preview:-1"},"canonical":"https:\/\/www.bocholterinhalationen.de\/inhalationen\/bemer\/","og_locale":"de_DE","og_type":"article","og_title":"BEMER - Bocholter Inhalationen","og_description":"BEMER: Steigern Sie das allgemeine Wohlbefinden Ihres Pferdes F\u00fcr Ihr Pferd w\u00fcrden Sie alles tun. Und Sie tun es auch. Perfekte Versorgung, optimale Bedingungen \u2013 und Liebe sowieso. Das alles &hellip;","og_url":"https:\/\/www.bocholterinhalationen.de\/inhalationen\/bemer\/","og_site_name":"Bocholter Inhalationen","article_publisher":"https:\/\/www.facebook.com\/bocholter.inhalationen\/","article_modified_time":"2024-06-10T06:54:21+00:00","og_image":[{"width":2560,"height":934,"url":"https:\/\/www.bocholterinhalationen.de\/inhalationen\/wp-content\/uploads\/2024\/06\/Bocholter_Inhalationen_Header_BEMER_1920x700px-scaled.jpg","type":"image\/jpeg"}],"twitter_card":"summary_large_image","twitter_misc":{"Gesch\u00e4tzte Lesezeit":"2\u00a0Minuten"},"schema":{"@context":"https:\/\/schema.org","@graph":[{"@type":"WebPage","@id":"https:\/\/www.bocholterinhalationen.de\/inhalationen\/bemer\/","url":"https:\/\/www.bocholterinhalationen.de\/inhalationen\/bemer\/","name":"BEMER - Bocholter Inhalationen","isPartOf":{"@id":"https:\/\/www.bocholterinhalationen.de\/inhalationen\/#website"},"primaryImageOfPage":{"@id":"https:\/\/www.bocholterinhalationen.de\/inhalationen\/bemer\/#primaryimage"},"image":{"@id":"https:\/\/www.bocholterinhalationen.de\/inhalationen\/bemer\/#primaryimage"},"thumbnailUrl":"https:\/\/www.bocholterinhalationen.de\/inhalationen\/wp-content\/uploads\/2024\/06\/Bocholter_Inhalationen_Header_BEMER_1920x700px-scaled.jpg","datePublished":"2024-04-16T07:58:17+00:00","dateModified":"2024-06-10T06:54:21+00:00","breadcrumb":{"@id":"https:\/\/www.bocholterinhalationen.de\/inhalationen\/bemer\/#breadcrumb"},"inLanguage":"de","potentialAction":[{"@type":"ReadAction","target":["https:\/\/www.bocholterinhalationen.de\/inhalationen\/bemer\/"]}]},{"@type":"ImageObject","inLanguage":"de","@id":"https:\/\/www.bocholterinhalationen.de\/inhalationen\/bemer\/#primaryimage","url":"https:\/\/www.bocholterinhalationen.de\/inhalationen\/wp-content\/uploads\/2024\/06\/Bocholter_Inhalationen_Header_BEMER_1920x700px-scaled.jpg","contentUrl":"https:\/\/www.bocholterinhalationen.de\/inhalationen\/wp-content\/uploads\/2024\/06\/Bocholter_Inhalationen_Header_BEMER_1920x700px-scaled.jpg","width":2560,"height":934},{"@type":"BreadcrumbList","@id":"https:\/\/www.bocholterinhalationen.de\/inhalationen\/bemer\/#breadcrumb","itemListElement":[{"@type":"ListItem","position":1,"name":"Startseite","item":"https:\/\/www.bocholterinhalationen.de\/inhalationen\/"},{"@type":"ListItem","position":2,"name":"BEMER"}]},{"@type":"WebSite","@id":"https:\/\/www.bocholterinhalationen.de\/inhalationen\/#website","url":"https:\/\/www.bocholterinhalationen.de\/inhalationen\/","name":"Bocholter Inhalationen","description":"Mike L\u00fctfrink","publisher":{"@id":"https:\/\/www.bocholterinhalationen.de\/inhalationen\/#organization"},"potentialAction":[{"@type":"SearchAction","target":{"@type":"EntryPoint","urlTemplate":"https:\/\/www.bocholterinhalationen.de\/inhalationen\/?s={search_term_string}"},"query-input":{"@type":"PropertyValueSpecification","valueRequired":true,"valueName":"search_term_string"}}],"inLanguage":"de"},{"@type":"Organization","@id":"https:\/\/www.bocholterinhalationen.de\/inhalationen\/#organization","name":"Bocholter Inhalationen","url":"https:\/\/www.bocholterinhalationen.de\/inhalationen\/","logo":{"@type":"ImageObject","inLanguage":"de","@id":"https:\/\/www.bocholterinhalationen.de\/inhalationen\/#\/schema\/logo\/image\/","url":"https:\/\/www.bocholterinhalationen.de\/inhalationen\/wp-content\/uploads\/2024\/06\/cropped-Bocholter_Inhalationen_Logo_512x512px.jpg","contentUrl":"https:\/\/www.bocholterinhalationen.de\/inhalationen\/wp-content\/uploads\/2024\/06\/cropped-Bocholter_Inhalationen_Logo_512x512px.jpg","width":1067,"height":1067,"caption":"Bocholter Inhalationen"},"image":{"@id":"https:\/\/www.bocholterinhalationen.de\/inhalationen\/#\/schema\/logo\/image\/"},"sameAs":["https:\/\/www.facebook.com\/bocholter.inhalationen\/","https:\/\/www.instagram.com\/bocholter_inhalationen\/"]}]}},"_links":{"self":[{"href":"https:\/\/www.bocholterinhalationen.de\/inhalationen\/wp-json\/wp\/v2\/pages\/19","targetHints":{"allow":["GET"]}}],"collection":[{"href":"https:\/\/www.bocholterinhalationen.de\/inhalationen\/wp-json\/wp\/v2\/pages"}],"about":[{"href":"https:\/\/www.bocholterinhalationen.de\/inhalationen\/wp-json\/wp\/v2\/types\/page"}],"author":[{"embeddable":true,"href":"https:\/\/www.bocholterinhalationen.de\/inhalationen\/wp-json\/wp\/v2\/users\/1"}],"replies":[{"embeddable":true,"href":"https:\/\/www.bocholterinhalationen.de\/inhalationen\/wp-json\/wp\/v2\/comments?post=19"}],"version-history":[{"count":5,"href":"https:\/\/www.bocholterinhalationen.de\/inhalationen\/wp-json\/wp\/v2\/pages\/19\/revisions"}],"predecessor-version":[{"id":104,"href":"https:\/\/www.bocholterinhalationen.de\/inhalationen\/wp-json\/wp\/v2\/pages\/19\/revisions\/104"}],"wp:featuredmedia":[{"embeddable":true,"href":"https:\/\/www.bocholterinhalationen.de\/inhalationen\/wp-json\/wp\/v2\/media\/102"}],"wp:attachment":[{"href":"https:\/\/www.bocholterinhalationen.de\/inhalationen\/wp-json\/wp\/v2\/media?parent=19"}],"curies":[{"name":"wp","href":"https:\/\/api.w.org\/{rel}","templated":true}]}}