{"id":16,"date":"2024-04-16T09:56:16","date_gmt":"2024-04-16T07:56:16","guid":{"rendered":"http:\/\/511084034.swh.strato-hosting.eu\/inhalationen\/?page_id=16"},"modified":"2024-06-10T08:59:10","modified_gmt":"2024-06-10T06:59:10","slug":"verleih-sole-mobile","status":"publish","type":"page","link":"https:\/\/www.bocholterinhalationen.de\/inhalationen\/verleih-sole-mobile\/","title":{"rendered":"Vermietung Sole-Mobile"},"content":{"rendered":"\n<h3 class=\"wp-block-heading\"><strong>Seeluft zur Miete &#8211; Mieten Sie einfach und bequem eines unsere Sole-Mobile<\/strong><\/h3>\n\n\n\n<figure class=\"wp-block-image size-large is-resized\"><img loading=\"lazy\" decoding=\"async\" width=\"1024\" height=\"373\" src=\"http:\/\/511084034.swh.strato-hosting.eu\/inhalationen\/wp-content\/uploads\/2024\/06\/Bocholter_Inhalationen_Sole_Mobile_1920x700px-1024x373.jpg\" alt=\"\" class=\"wp-image-112\" style=\"width:840px;height:auto\" srcset=\"https:\/\/www.bocholterinhalationen.de\/inhalationen\/wp-content\/uploads\/2024\/06\/Bocholter_Inhalationen_Sole_Mobile_1920x700px-1024x373.jpg 1024w, https:\/\/www.bocholterinhalationen.de\/inhalationen\/wp-content\/uploads\/2024\/06\/Bocholter_Inhalationen_Sole_Mobile_1920x700px-300x109.jpg 300w, https:\/\/www.bocholterinhalationen.de\/inhalationen\/wp-content\/uploads\/2024\/06\/Bocholter_Inhalationen_Sole_Mobile_1920x700px-768x280.jpg 768w, https:\/\/www.bocholterinhalationen.de\/inhalationen\/wp-content\/uploads\/2024\/06\/Bocholter_Inhalationen_Sole_Mobile_1920x700px-1536x560.jpg 1536w, https:\/\/www.bocholterinhalationen.de\/inhalationen\/wp-content\/uploads\/2024\/06\/Bocholter_Inhalationen_Sole_Mobile_1920x700px-2048x747.jpg 2048w, https:\/\/www.bocholterinhalationen.de\/inhalationen\/wp-content\/uploads\/2024\/06\/Bocholter_Inhalationen_Sole_Mobile_1920x700px-165x60.jpg 165w, https:\/\/www.bocholterinhalationen.de\/inhalationen\/wp-content\/uploads\/2024\/06\/Bocholter_Inhalationen_Sole_Mobile_1920x700px-1920x700.jpg 1920w\" sizes=\"auto, (max-width: 1024px) 100vw, 1024px\" \/><\/figure>\n\n\n\n<p>Unsere Sole-Mobile vermieten wir \u00fcber verschiedene Zeitr\u00e4ume. Nach einer kurzen Unterweisung k\u00f6nnen Sie direkt mit der Sole-Vernebelung bei Ihnen vor Ort starten. Der Anh\u00e4nger kann gebracht oder alternativ bei uns vor Ort in Bocholt abgeholt werden. Unsere mobilen Anh\u00e4nger sind perfekt ausgestattet, um Ihren Pferden eine gesundheitsf\u00f6rdernde Umgebung f\u00fcr Atemwege und Haut zu bieten. Nach jedem Einsatz werden die Anh\u00e4nger chemisch und umweltbewusst gereinigt.<\/p>\n\n\n\n<div class=\"wp-block-media-text is-stacked-on-mobile\" style=\"grid-template-columns:48% auto\"><figure class=\"wp-block-media-text__media\"><img loading=\"lazy\" decoding=\"async\" width=\"768\" height=\"1024\" src=\"http:\/\/511084034.swh.strato-hosting.eu\/inhalationen\/wp-content\/uploads\/2024\/06\/Bocholter_Inhalationen_Sole-Verneblung_600x800px-768x1024.jpg\" alt=\"\" class=\"wp-image-107 size-full\" srcset=\"https:\/\/www.bocholterinhalationen.de\/inhalationen\/wp-content\/uploads\/2024\/06\/Bocholter_Inhalationen_Sole-Verneblung_600x800px-768x1024.jpg 768w, https:\/\/www.bocholterinhalationen.de\/inhalationen\/wp-content\/uploads\/2024\/06\/Bocholter_Inhalationen_Sole-Verneblung_600x800px-225x300.jpg 225w, https:\/\/www.bocholterinhalationen.de\/inhalationen\/wp-content\/uploads\/2024\/06\/Bocholter_Inhalationen_Sole-Verneblung_600x800px-1152x1536.jpg 1152w, https:\/\/www.bocholterinhalationen.de\/inhalationen\/wp-content\/uploads\/2024\/06\/Bocholter_Inhalationen_Sole-Verneblung_600x800px-45x60.jpg 45w, https:\/\/www.bocholterinhalationen.de\/inhalationen\/wp-content\/uploads\/2024\/06\/Bocholter_Inhalationen_Sole-Verneblung_600x800px.jpg 1250w\" sizes=\"auto, (max-width: 768px) 100vw, 768px\" \/><\/figure><div class=\"wp-block-media-text__content\">\n<h4 class=\"wp-block-heading\"><strong>Mietpreise<\/strong><\/h4>\n\n\n\n<p><strong>Pro Woche:<\/strong> 250 EUR inkl. MwSt.<br><strong>Pro 14 Tage:<\/strong> 380 EUR inkl. MwSt.<br><strong>Pro Monat:<\/strong> 600 EUR inkl. MwSt.<\/p>\n\n\n\n<p>Die Sole ist im jeweiligen Mietpreis enthalten.&nbsp;<\/p>\n\n\n\n<p>Langzeitkuren oder der Kauf eines Sole-Anh\u00e4ngers sind nach Absprache m\u00f6glich.<br><\/p>\n\n\n\n<h4 class=\"wp-block-heading\"><strong>Anfahrtspauschale<\/strong><\/h4>\n\n\n\n<p>Umkreis 50 km von 46397 Bocholt gratis<br>\u00fcber 50 km: 100 Cent pro Kilometer<\/p>\n\n\n\n<div class=\"wp-block-buttons is-layout-flex wp-block-buttons-is-layout-flex\">\n<div class=\"wp-block-button has-custom-font-size has-small-font-size\"><a class=\"wp-block-button__link has-white-color has-text-color has-background has-link-color wp-element-button\" href=\"http:\/\/511084034.swh.strato-hosting.eu\/inhalationen\/kontakt\/\" style=\"background-color:#1c1850\" target=\"_blank\" rel=\"noreferrer noopener\">Jetzt Sole-Mobil mieten<\/a><\/div>\n<\/div>\n<\/div><\/div>\n","protected":false},"excerpt":{"rendered":"<p>Seeluft zur Miete &#8211; Mieten Sie einfach und bequem eines unsere Sole-Mobile Unsere Sole-Mobile vermieten wir \u00fcber verschiedene Zeitr\u00e4ume. Nach einer kurzen Unterweisung k\u00f6nnen Sie direkt mit der Sole-Vernebelung bei &hellip; <\/p>\n","protected":false},"author":1,"featured_media":112,"parent":0,"menu_order":0,"comment_status":"closed","ping_status":"closed","template":"","meta":{"footnotes":""},"class_list":["post-16","page","type-page","status-publish","has-post-thumbnail","hentry"],"yoast_head":"<!-- This site is optimized with the Yoast SEO plugin v23.9 - https:\/\/yoast.com\/wordpress\/plugins\/seo\/ -->\n<title>Vermietung Sole-Mobile - Bocholter Inhalationen<\/title>\n<meta name=\"robots\" content=\"index, follow, max-snippet:-1, max-image-preview:large, max-video-preview:-1\" \/>\n<link rel=\"canonical\" href=\"https:\/\/www.bocholterinhalationen.de\/inhalationen\/verleih-sole-mobile\/\" \/>\n<meta property=\"og:locale\" content=\"de_DE\" \/>\n<meta property=\"og:type\" content=\"article\" \/>\n<meta property=\"og:title\" content=\"Vermietung Sole-Mobile - Bocholter Inhalationen\" \/>\n<meta property=\"og:description\" content=\"Seeluft zur Miete &#8211; Mieten Sie einfach und bequem eines unsere Sole-Mobile Unsere Sole-Mobile vermieten wir \u00fcber verschiedene Zeitr\u00e4ume. Nach einer kurzen Unterweisung k\u00f6nnen Sie direkt mit der Sole-Vernebelung bei &hellip;\" \/>\n<meta property=\"og:url\" content=\"https:\/\/www.bocholterinhalationen.de\/inhalationen\/verleih-sole-mobile\/\" \/>\n<meta property=\"og:site_name\" content=\"Bocholter Inhalationen\" \/>\n<meta property=\"article:publisher\" content=\"https:\/\/www.facebook.com\/bocholter.inhalationen\/\" \/>\n<meta property=\"article:modified_time\" content=\"2024-06-10T06:59:10+00:00\" \/>\n<meta property=\"og:image\" content=\"https:\/\/www.bocholterinhalationen.de\/inhalationen\/wp-content\/uploads\/2024\/06\/Bocholter_Inhalationen_Sole_Mobile_1920x700px-scaled.jpg\" \/>\n\t<meta property=\"og:image:width\" content=\"2560\" \/>\n\t<meta property=\"og:image:height\" content=\"934\" \/>\n\t<meta property=\"og:image:type\" content=\"image\/jpeg\" \/>\n<meta name=\"twitter:card\" content=\"summary_large_image\" \/>\n<meta name=\"twitter:label1\" content=\"Gesch\u00e4tzte Lesezeit\" \/>\n\t<meta name=\"twitter:data1\" content=\"1\u00a0Minute\" \/>\n<script type=\"application\/ld+json\" class=\"yoast-schema-graph\">{\"@context\":\"https:\/\/schema.org\",\"@graph\":[{\"@type\":\"WebPage\",\"@id\":\"https:\/\/www.bocholterinhalationen.de\/inhalationen\/verleih-sole-mobile\/\",\"url\":\"https:\/\/www.bocholterinhalationen.de\/inhalationen\/verleih-sole-mobile\/\",\"name\":\"Vermietung Sole-Mobile - Bocholter Inhalationen\",\"isPartOf\":{\"@id\":\"https:\/\/www.bocholterinhalationen.de\/inhalationen\/#website\"},\"primaryImageOfPage\":{\"@id\":\"https:\/\/www.bocholterinhalationen.de\/inhalationen\/verleih-sole-mobile\/#primaryimage\"},\"image\":{\"@id\":\"https:\/\/www.bocholterinhalationen.de\/inhalationen\/verleih-sole-mobile\/#primaryimage\"},\"thumbnailUrl\":\"https:\/\/www.bocholterinhalationen.de\/inhalationen\/wp-content\/uploads\/2024\/06\/Bocholter_Inhalationen_Sole_Mobile_1920x700px-scaled.jpg\",\"datePublished\":\"2024-04-16T07:56:16+00:00\",\"dateModified\":\"2024-06-10T06:59:10+00:00\",\"breadcrumb\":{\"@id\":\"https:\/\/www.bocholterinhalationen.de\/inhalationen\/verleih-sole-mobile\/#breadcrumb\"},\"inLanguage\":\"de\",\"potentialAction\":[{\"@type\":\"ReadAction\",\"target\":[\"https:\/\/www.bocholterinhalationen.de\/inhalationen\/verleih-sole-mobile\/\"]}]},{\"@type\":\"ImageObject\",\"inLanguage\":\"de\",\"@id\":\"https:\/\/www.bocholterinhalationen.de\/inhalationen\/verleih-sole-mobile\/#primaryimage\",\"url\":\"https:\/\/www.bocholterinhalationen.de\/inhalationen\/wp-content\/uploads\/2024\/06\/Bocholter_Inhalationen_Sole_Mobile_1920x700px-scaled.jpg\",\"contentUrl\":\"https:\/\/www.bocholterinhalationen.de\/inhalationen\/wp-content\/uploads\/2024\/06\/Bocholter_Inhalationen_Sole_Mobile_1920x700px-scaled.jpg\",\"width\":2560,\"height\":934},{\"@type\":\"BreadcrumbList\",\"@id\":\"https:\/\/www.bocholterinhalationen.de\/inhalationen\/verleih-sole-mobile\/#breadcrumb\",\"itemListElement\":[{\"@type\":\"ListItem\",\"position\":1,\"name\":\"Startseite\",\"item\":\"https:\/\/www.bocholterinhalationen.de\/inhalationen\/\"},{\"@type\":\"ListItem\",\"position\":2,\"name\":\"Vermietung Sole-Mobile\"}]},{\"@type\":\"WebSite\",\"@id\":\"https:\/\/www.bocholterinhalationen.de\/inhalationen\/#website\",\"url\":\"https:\/\/www.bocholterinhalationen.de\/inhalationen\/\",\"name\":\"Bocholter Inhalationen\",\"description\":\"Mike L\u00fctfrink\",\"publisher\":{\"@id\":\"https:\/\/www.bocholterinhalationen.de\/inhalationen\/#organization\"},\"potentialAction\":[{\"@type\":\"SearchAction\",\"target\":{\"@type\":\"EntryPoint\",\"urlTemplate\":\"https:\/\/www.bocholterinhalationen.de\/inhalationen\/?s={search_term_string}\"},\"query-input\":{\"@type\":\"PropertyValueSpecification\",\"valueRequired\":true,\"valueName\":\"search_term_string\"}}],\"inLanguage\":\"de\"},{\"@type\":\"Organization\",\"@id\":\"https:\/\/www.bocholterinhalationen.de\/inhalationen\/#organization\",\"name\":\"Bocholter Inhalationen\",\"url\":\"https:\/\/www.bocholterinhalationen.de\/inhalationen\/\",\"logo\":{\"@type\":\"ImageObject\",\"inLanguage\":\"de\",\"@id\":\"https:\/\/www.bocholterinhalationen.de\/inhalationen\/#\/schema\/logo\/image\/\",\"url\":\"https:\/\/www.bocholterinhalationen.de\/inhalationen\/wp-content\/uploads\/2024\/06\/cropped-Bocholter_Inhalationen_Logo_512x512px.jpg\",\"contentUrl\":\"https:\/\/www.bocholterinhalationen.de\/inhalationen\/wp-content\/uploads\/2024\/06\/cropped-Bocholter_Inhalationen_Logo_512x512px.jpg\",\"width\":1067,\"height\":1067,\"caption\":\"Bocholter Inhalationen\"},\"image\":{\"@id\":\"https:\/\/www.bocholterinhalationen.de\/inhalationen\/#\/schema\/logo\/image\/\"},\"sameAs\":[\"https:\/\/www.facebook.com\/bocholter.inhalationen\/\",\"https:\/\/www.instagram.com\/bocholter_inhalationen\/\"]}]}<\/script>\n<!-- \/ Yoast SEO plugin. -->","yoast_head_json":{"title":"Vermietung Sole-Mobile - Bocholter Inhalationen","robots":{"index":"index","follow":"follow","max-snippet":"max-snippet:-1","max-image-preview":"max-image-preview:large","max-video-preview":"max-video-preview:-1"},"canonical":"https:\/\/www.bocholterinhalationen.de\/inhalationen\/verleih-sole-mobile\/","og_locale":"de_DE","og_type":"article","og_title":"Vermietung Sole-Mobile - Bocholter Inhalationen","og_description":"Seeluft zur Miete &#8211; Mieten Sie einfach und bequem eines unsere Sole-Mobile Unsere Sole-Mobile vermieten wir \u00fcber verschiedene Zeitr\u00e4ume. Nach einer kurzen Unterweisung k\u00f6nnen Sie direkt mit der Sole-Vernebelung bei &hellip;","og_url":"https:\/\/www.bocholterinhalationen.de\/inhalationen\/verleih-sole-mobile\/","og_site_name":"Bocholter Inhalationen","article_publisher":"https:\/\/www.facebook.com\/bocholter.inhalationen\/","article_modified_time":"2024-06-10T06:59:10+00:00","og_image":[{"width":2560,"height":934,"url":"https:\/\/www.bocholterinhalationen.de\/inhalationen\/wp-content\/uploads\/2024\/06\/Bocholter_Inhalationen_Sole_Mobile_1920x700px-scaled.jpg","type":"image\/jpeg"}],"twitter_card":"summary_large_image","twitter_misc":{"Gesch\u00e4tzte Lesezeit":"1\u00a0Minute"},"schema":{"@context":"https:\/\/schema.org","@graph":[{"@type":"WebPage","@id":"https:\/\/www.bocholterinhalationen.de\/inhalationen\/verleih-sole-mobile\/","url":"https:\/\/www.bocholterinhalationen.de\/inhalationen\/verleih-sole-mobile\/","name":"Vermietung Sole-Mobile - Bocholter Inhalationen","isPartOf":{"@id":"https:\/\/www.bocholterinhalationen.de\/inhalationen\/#website"},"primaryImageOfPage":{"@id":"https:\/\/www.bocholterinhalationen.de\/inhalationen\/verleih-sole-mobile\/#primaryimage"},"image":{"@id":"https:\/\/www.bocholterinhalationen.de\/inhalationen\/verleih-sole-mobile\/#primaryimage"},"thumbnailUrl":"https:\/\/www.bocholterinhalationen.de\/inhalationen\/wp-content\/uploads\/2024\/06\/Bocholter_Inhalationen_Sole_Mobile_1920x700px-scaled.jpg","datePublished":"2024-04-16T07:56:16+00:00","dateModified":"2024-06-10T06:59:10+00:00","breadcrumb":{"@id":"https:\/\/www.bocholterinhalationen.de\/inhalationen\/verleih-sole-mobile\/#breadcrumb"},"inLanguage":"de","potentialAction":[{"@type":"ReadAction","target":["https:\/\/www.bocholterinhalationen.de\/inhalationen\/verleih-sole-mobile\/"]}]},{"@type":"ImageObject","inLanguage":"de","@id":"https:\/\/www.bocholterinhalationen.de\/inhalationen\/verleih-sole-mobile\/#primaryimage","url":"https:\/\/www.bocholterinhalationen.de\/inhalationen\/wp-content\/uploads\/2024\/06\/Bocholter_Inhalationen_Sole_Mobile_1920x700px-scaled.jpg","contentUrl":"https:\/\/www.bocholterinhalationen.de\/inhalationen\/wp-content\/uploads\/2024\/06\/Bocholter_Inhalationen_Sole_Mobile_1920x700px-scaled.jpg","width":2560,"height":934},{"@type":"BreadcrumbList","@id":"https:\/\/www.bocholterinhalationen.de\/inhalationen\/verleih-sole-mobile\/#breadcrumb","itemListElement":[{"@type":"ListItem","position":1,"name":"Startseite","item":"https:\/\/www.bocholterinhalationen.de\/inhalationen\/"},{"@type":"ListItem","position":2,"name":"Vermietung Sole-Mobile"}]},{"@type":"WebSite","@id":"https:\/\/www.bocholterinhalationen.de\/inhalationen\/#website","url":"https:\/\/www.bocholterinhalationen.de\/inhalationen\/","name":"Bocholter Inhalationen","description":"Mike L\u00fctfrink","publisher":{"@id":"https:\/\/www.bocholterinhalationen.de\/inhalationen\/#organization"},"potentialAction":[{"@type":"SearchAction","target":{"@type":"EntryPoint","urlTemplate":"https:\/\/www.bocholterinhalationen.de\/inhalationen\/?s={search_term_string}"},"query-input":{"@type":"PropertyValueSpecification","valueRequired":true,"valueName":"search_term_string"}}],"inLanguage":"de"},{"@type":"Organization","@id":"https:\/\/www.bocholterinhalationen.de\/inhalationen\/#organization","name":"Bocholter Inhalationen","url":"https:\/\/www.bocholterinhalationen.de\/inhalationen\/","logo":{"@type":"ImageObject","inLanguage":"de","@id":"https:\/\/www.bocholterinhalationen.de\/inhalationen\/#\/schema\/logo\/image\/","url":"https:\/\/www.bocholterinhalationen.de\/inhalationen\/wp-content\/uploads\/2024\/06\/cropped-Bocholter_Inhalationen_Logo_512x512px.jpg","contentUrl":"https:\/\/www.bocholterinhalationen.de\/inhalationen\/wp-content\/uploads\/2024\/06\/cropped-Bocholter_Inhalationen_Logo_512x512px.jpg","width":1067,"height":1067,"caption":"Bocholter Inhalationen"},"image":{"@id":"https:\/\/www.bocholterinhalationen.de\/inhalationen\/#\/schema\/logo\/image\/"},"sameAs":["https:\/\/www.facebook.com\/bocholter.inhalationen\/","https:\/\/www.instagram.com\/bocholter_inhalationen\/"]}]}},"_links":{"self":[{"href":"https:\/\/www.bocholterinhalationen.de\/inhalationen\/wp-json\/wp\/v2\/pages\/16","targetHints":{"allow":["GET"]}}],"collection":[{"href":"https:\/\/www.bocholterinhalationen.de\/inhalationen\/wp-json\/wp\/v2\/pages"}],"about":[{"href":"https:\/\/www.bocholterinhalationen.de\/inhalationen\/wp-json\/wp\/v2\/types\/page"}],"author":[{"embeddable":true,"href":"https:\/\/www.bocholterinhalationen.de\/inhalationen\/wp-json\/wp\/v2\/users\/1"}],"replies":[{"embeddable":true,"href":"https:\/\/www.bocholterinhalationen.de\/inhalationen\/wp-json\/wp\/v2\/comments?post=16"}],"version-history":[{"count":6,"href":"https:\/\/www.bocholterinhalationen.de\/inhalationen\/wp-json\/wp\/v2\/pages\/16\/revisions"}],"predecessor-version":[{"id":124,"href":"https:\/\/www.bocholterinhalationen.de\/inhalationen\/wp-json\/wp\/v2\/pages\/16\/revisions\/124"}],"wp:featuredmedia":[{"embeddable":true,"href":"https:\/\/www.bocholterinhalationen.de\/inhalationen\/wp-json\/wp\/v2\/media\/112"}],"wp:attachment":[{"href":"https:\/\/www.bocholterinhalationen.de\/inhalationen\/wp-json\/wp\/v2\/media?parent=16"}],"curies":[{"name":"wp","href":"https:\/\/api.w.org\/{rel}","templated":true}]}}