{"id":14,"date":"2024-04-16T09:55:34","date_gmt":"2024-04-16T07:55:34","guid":{"rendered":"http:\/\/511084034.swh.strato-hosting.eu\/inhalationen\/?page_id=14"},"modified":"2024-09-06T10:39:42","modified_gmt":"2024-09-06T08:39:42","slug":"sole-vernebler","status":"publish","type":"page","link":"https:\/\/www.bocholterinhalationen.de\/inhalationen\/sole-vernebler\/","title":{"rendered":"Verkauf Sole-Vernebler"},"content":{"rendered":"\n<h3 class=\"wp-block-heading\"><strong>Verkauf Solevernebler &#8211; Holen Sie sich die Seeluft nach Hause<\/strong><\/h3>\n\n\n\n<figure class=\"wp-block-image size-large\"><img loading=\"lazy\" decoding=\"async\" width=\"1024\" height=\"373\" src=\"http:\/\/511084034.swh.strato-hosting.eu\/inhalationen\/wp-content\/uploads\/2024\/06\/Bocholter_Inhalationen_Header_Vernebler_1920x700px-1024x373.jpg\" alt=\"\" class=\"wp-image-110\" srcset=\"https:\/\/www.bocholterinhalationen.de\/inhalationen\/wp-content\/uploads\/2024\/06\/Bocholter_Inhalationen_Header_Vernebler_1920x700px-1024x373.jpg 1024w, https:\/\/www.bocholterinhalationen.de\/inhalationen\/wp-content\/uploads\/2024\/06\/Bocholter_Inhalationen_Header_Vernebler_1920x700px-300x109.jpg 300w, https:\/\/www.bocholterinhalationen.de\/inhalationen\/wp-content\/uploads\/2024\/06\/Bocholter_Inhalationen_Header_Vernebler_1920x700px-768x280.jpg 768w, https:\/\/www.bocholterinhalationen.de\/inhalationen\/wp-content\/uploads\/2024\/06\/Bocholter_Inhalationen_Header_Vernebler_1920x700px-1536x560.jpg 1536w, https:\/\/www.bocholterinhalationen.de\/inhalationen\/wp-content\/uploads\/2024\/06\/Bocholter_Inhalationen_Header_Vernebler_1920x700px-2048x747.jpg 2048w, https:\/\/www.bocholterinhalationen.de\/inhalationen\/wp-content\/uploads\/2024\/06\/Bocholter_Inhalationen_Header_Vernebler_1920x700px-165x60.jpg 165w, https:\/\/www.bocholterinhalationen.de\/inhalationen\/wp-content\/uploads\/2024\/06\/Bocholter_Inhalationen_Header_Vernebler_1920x700px-1920x700.jpg 1920w\" sizes=\"auto, (max-width: 1024px) 100vw, 1024px\" \/><\/figure>\n\n\n\n<p>Wir bieten Ihnen Solevernebler in verschiedenen Gr\u00f6\u00dfen und Ausf\u00fchrungen f\u00fcr den station\u00e4ren Einsatz in Soleboxen oder den mobilen Einsatz in Sole-Mobilen und Sole-Anh\u00e4ngern, Sole in verschiedenen Konzentrationen sowie Zubeh\u00f6r f\u00fcr unsere Ultraschallvernebler an.<br><br>Gerne f\u00fchren wir Ihnen unsere Ger\u00e4te in unserer Solekammer in Bocholt im Kreis Borken vor. \u00dcberzeugen Sie sich selbst von der wohltuenden Wirkung der Solevernebelung.<\/p>\n\n\n\n<div class=\"wp-block-buttons is-layout-flex wp-block-buttons-is-layout-flex\">\n<div class=\"wp-block-button has-custom-font-size has-small-font-size\"><a class=\"wp-block-button__link has-white-color has-text-color has-background has-link-color wp-element-button\" href=\"https:\/\/www.bocholterinhalationen.de\/inhalationen\/shop\/\" style=\"background-color:#1c1850\" target=\"_blank\" rel=\"noreferrer noopener\">Zum Shop<\/a><\/div>\n<\/div>\n","protected":false},"excerpt":{"rendered":"<p>Verkauf Solevernebler &#8211; Holen Sie sich die Seeluft nach Hause Wir bieten Ihnen Solevernebler in verschiedenen Gr\u00f6\u00dfen und Ausf\u00fchrungen f\u00fcr den station\u00e4ren Einsatz in Soleboxen oder den mobilen Einsatz in &hellip; <\/p>\n","protected":false},"author":1,"featured_media":110,"parent":0,"menu_order":0,"comment_status":"closed","ping_status":"closed","template":"","meta":{"footnotes":""},"class_list":["post-14","page","type-page","status-publish","has-post-thumbnail","hentry"],"yoast_head":"<!-- This site is optimized with the Yoast SEO plugin v23.9 - https:\/\/yoast.com\/wordpress\/plugins\/seo\/ -->\n<title>Verkauf Sole-Vernebler - Bocholter Inhalationen<\/title>\n<meta name=\"robots\" content=\"index, follow, max-snippet:-1, max-image-preview:large, max-video-preview:-1\" \/>\n<link rel=\"canonical\" href=\"https:\/\/www.bocholterinhalationen.de\/inhalationen\/sole-vernebler\/\" \/>\n<meta property=\"og:locale\" content=\"de_DE\" \/>\n<meta property=\"og:type\" content=\"article\" \/>\n<meta property=\"og:title\" content=\"Verkauf Sole-Vernebler - Bocholter Inhalationen\" \/>\n<meta property=\"og:description\" content=\"Verkauf Solevernebler &#8211; Holen Sie sich die Seeluft nach Hause Wir bieten Ihnen Solevernebler in verschiedenen Gr\u00f6\u00dfen und Ausf\u00fchrungen f\u00fcr den station\u00e4ren Einsatz in Soleboxen oder den mobilen Einsatz in &hellip;\" \/>\n<meta property=\"og:url\" content=\"https:\/\/www.bocholterinhalationen.de\/inhalationen\/sole-vernebler\/\" \/>\n<meta property=\"og:site_name\" content=\"Bocholter Inhalationen\" \/>\n<meta property=\"article:publisher\" content=\"https:\/\/www.facebook.com\/bocholter.inhalationen\/\" \/>\n<meta property=\"article:modified_time\" content=\"2024-09-06T08:39:42+00:00\" \/>\n<meta property=\"og:image\" content=\"https:\/\/www.bocholterinhalationen.de\/inhalationen\/wp-content\/uploads\/2024\/06\/Bocholter_Inhalationen_Header_Vernebler_1920x700px-scaled.jpg\" \/>\n\t<meta property=\"og:image:width\" content=\"2560\" \/>\n\t<meta property=\"og:image:height\" content=\"934\" \/>\n\t<meta property=\"og:image:type\" content=\"image\/jpeg\" \/>\n<meta name=\"twitter:card\" content=\"summary_large_image\" \/>\n<script type=\"application\/ld+json\" class=\"yoast-schema-graph\">{\"@context\":\"https:\/\/schema.org\",\"@graph\":[{\"@type\":\"WebPage\",\"@id\":\"https:\/\/www.bocholterinhalationen.de\/inhalationen\/sole-vernebler\/\",\"url\":\"https:\/\/www.bocholterinhalationen.de\/inhalationen\/sole-vernebler\/\",\"name\":\"Verkauf Sole-Vernebler - Bocholter Inhalationen\",\"isPartOf\":{\"@id\":\"https:\/\/www.bocholterinhalationen.de\/inhalationen\/#website\"},\"primaryImageOfPage\":{\"@id\":\"https:\/\/www.bocholterinhalationen.de\/inhalationen\/sole-vernebler\/#primaryimage\"},\"image\":{\"@id\":\"https:\/\/www.bocholterinhalationen.de\/inhalationen\/sole-vernebler\/#primaryimage\"},\"thumbnailUrl\":\"https:\/\/www.bocholterinhalationen.de\/inhalationen\/wp-content\/uploads\/2024\/06\/Bocholter_Inhalationen_Header_Vernebler_1920x700px-scaled.jpg\",\"datePublished\":\"2024-04-16T07:55:34+00:00\",\"dateModified\":\"2024-09-06T08:39:42+00:00\",\"breadcrumb\":{\"@id\":\"https:\/\/www.bocholterinhalationen.de\/inhalationen\/sole-vernebler\/#breadcrumb\"},\"inLanguage\":\"de\",\"potentialAction\":[{\"@type\":\"ReadAction\",\"target\":[\"https:\/\/www.bocholterinhalationen.de\/inhalationen\/sole-vernebler\/\"]}]},{\"@type\":\"ImageObject\",\"inLanguage\":\"de\",\"@id\":\"https:\/\/www.bocholterinhalationen.de\/inhalationen\/sole-vernebler\/#primaryimage\",\"url\":\"https:\/\/www.bocholterinhalationen.de\/inhalationen\/wp-content\/uploads\/2024\/06\/Bocholter_Inhalationen_Header_Vernebler_1920x700px-scaled.jpg\",\"contentUrl\":\"https:\/\/www.bocholterinhalationen.de\/inhalationen\/wp-content\/uploads\/2024\/06\/Bocholter_Inhalationen_Header_Vernebler_1920x700px-scaled.jpg\",\"width\":2560,\"height\":934},{\"@type\":\"BreadcrumbList\",\"@id\":\"https:\/\/www.bocholterinhalationen.de\/inhalationen\/sole-vernebler\/#breadcrumb\",\"itemListElement\":[{\"@type\":\"ListItem\",\"position\":1,\"name\":\"Startseite\",\"item\":\"https:\/\/www.bocholterinhalationen.de\/inhalationen\/\"},{\"@type\":\"ListItem\",\"position\":2,\"name\":\"Verkauf Sole-Vernebler\"}]},{\"@type\":\"WebSite\",\"@id\":\"https:\/\/www.bocholterinhalationen.de\/inhalationen\/#website\",\"url\":\"https:\/\/www.bocholterinhalationen.de\/inhalationen\/\",\"name\":\"Bocholter Inhalationen\",\"description\":\"Mike L\u00fctfrink\",\"publisher\":{\"@id\":\"https:\/\/www.bocholterinhalationen.de\/inhalationen\/#organization\"},\"potentialAction\":[{\"@type\":\"SearchAction\",\"target\":{\"@type\":\"EntryPoint\",\"urlTemplate\":\"https:\/\/www.bocholterinhalationen.de\/inhalationen\/?s={search_term_string}\"},\"query-input\":{\"@type\":\"PropertyValueSpecification\",\"valueRequired\":true,\"valueName\":\"search_term_string\"}}],\"inLanguage\":\"de\"},{\"@type\":\"Organization\",\"@id\":\"https:\/\/www.bocholterinhalationen.de\/inhalationen\/#organization\",\"name\":\"Bocholter Inhalationen\",\"url\":\"https:\/\/www.bocholterinhalationen.de\/inhalationen\/\",\"logo\":{\"@type\":\"ImageObject\",\"inLanguage\":\"de\",\"@id\":\"https:\/\/www.bocholterinhalationen.de\/inhalationen\/#\/schema\/logo\/image\/\",\"url\":\"https:\/\/www.bocholterinhalationen.de\/inhalationen\/wp-content\/uploads\/2024\/06\/cropped-Bocholter_Inhalationen_Logo_512x512px.jpg\",\"contentUrl\":\"https:\/\/www.bocholterinhalationen.de\/inhalationen\/wp-content\/uploads\/2024\/06\/cropped-Bocholter_Inhalationen_Logo_512x512px.jpg\",\"width\":1067,\"height\":1067,\"caption\":\"Bocholter Inhalationen\"},\"image\":{\"@id\":\"https:\/\/www.bocholterinhalationen.de\/inhalationen\/#\/schema\/logo\/image\/\"},\"sameAs\":[\"https:\/\/www.facebook.com\/bocholter.inhalationen\/\",\"https:\/\/www.instagram.com\/bocholter_inhalationen\/\"]}]}<\/script>\n<!-- \/ Yoast SEO plugin. -->","yoast_head_json":{"title":"Verkauf Sole-Vernebler - Bocholter Inhalationen","robots":{"index":"index","follow":"follow","max-snippet":"max-snippet:-1","max-image-preview":"max-image-preview:large","max-video-preview":"max-video-preview:-1"},"canonical":"https:\/\/www.bocholterinhalationen.de\/inhalationen\/sole-vernebler\/","og_locale":"de_DE","og_type":"article","og_title":"Verkauf Sole-Vernebler - Bocholter Inhalationen","og_description":"Verkauf Solevernebler &#8211; Holen Sie sich die Seeluft nach Hause Wir bieten Ihnen Solevernebler in verschiedenen Gr\u00f6\u00dfen und Ausf\u00fchrungen f\u00fcr den station\u00e4ren Einsatz in Soleboxen oder den mobilen Einsatz in &hellip;","og_url":"https:\/\/www.bocholterinhalationen.de\/inhalationen\/sole-vernebler\/","og_site_name":"Bocholter Inhalationen","article_publisher":"https:\/\/www.facebook.com\/bocholter.inhalationen\/","article_modified_time":"2024-09-06T08:39:42+00:00","og_image":[{"width":2560,"height":934,"url":"https:\/\/www.bocholterinhalationen.de\/inhalationen\/wp-content\/uploads\/2024\/06\/Bocholter_Inhalationen_Header_Vernebler_1920x700px-scaled.jpg","type":"image\/jpeg"}],"twitter_card":"summary_large_image","schema":{"@context":"https:\/\/schema.org","@graph":[{"@type":"WebPage","@id":"https:\/\/www.bocholterinhalationen.de\/inhalationen\/sole-vernebler\/","url":"https:\/\/www.bocholterinhalationen.de\/inhalationen\/sole-vernebler\/","name":"Verkauf Sole-Vernebler - Bocholter Inhalationen","isPartOf":{"@id":"https:\/\/www.bocholterinhalationen.de\/inhalationen\/#website"},"primaryImageOfPage":{"@id":"https:\/\/www.bocholterinhalationen.de\/inhalationen\/sole-vernebler\/#primaryimage"},"image":{"@id":"https:\/\/www.bocholterinhalationen.de\/inhalationen\/sole-vernebler\/#primaryimage"},"thumbnailUrl":"https:\/\/www.bocholterinhalationen.de\/inhalationen\/wp-content\/uploads\/2024\/06\/Bocholter_Inhalationen_Header_Vernebler_1920x700px-scaled.jpg","datePublished":"2024-04-16T07:55:34+00:00","dateModified":"2024-09-06T08:39:42+00:00","breadcrumb":{"@id":"https:\/\/www.bocholterinhalationen.de\/inhalationen\/sole-vernebler\/#breadcrumb"},"inLanguage":"de","potentialAction":[{"@type":"ReadAction","target":["https:\/\/www.bocholterinhalationen.de\/inhalationen\/sole-vernebler\/"]}]},{"@type":"ImageObject","inLanguage":"de","@id":"https:\/\/www.bocholterinhalationen.de\/inhalationen\/sole-vernebler\/#primaryimage","url":"https:\/\/www.bocholterinhalationen.de\/inhalationen\/wp-content\/uploads\/2024\/06\/Bocholter_Inhalationen_Header_Vernebler_1920x700px-scaled.jpg","contentUrl":"https:\/\/www.bocholterinhalationen.de\/inhalationen\/wp-content\/uploads\/2024\/06\/Bocholter_Inhalationen_Header_Vernebler_1920x700px-scaled.jpg","width":2560,"height":934},{"@type":"BreadcrumbList","@id":"https:\/\/www.bocholterinhalationen.de\/inhalationen\/sole-vernebler\/#breadcrumb","itemListElement":[{"@type":"ListItem","position":1,"name":"Startseite","item":"https:\/\/www.bocholterinhalationen.de\/inhalationen\/"},{"@type":"ListItem","position":2,"name":"Verkauf Sole-Vernebler"}]},{"@type":"WebSite","@id":"https:\/\/www.bocholterinhalationen.de\/inhalationen\/#website","url":"https:\/\/www.bocholterinhalationen.de\/inhalationen\/","name":"Bocholter Inhalationen","description":"Mike L\u00fctfrink","publisher":{"@id":"https:\/\/www.bocholterinhalationen.de\/inhalationen\/#organization"},"potentialAction":[{"@type":"SearchAction","target":{"@type":"EntryPoint","urlTemplate":"https:\/\/www.bocholterinhalationen.de\/inhalationen\/?s={search_term_string}"},"query-input":{"@type":"PropertyValueSpecification","valueRequired":true,"valueName":"search_term_string"}}],"inLanguage":"de"},{"@type":"Organization","@id":"https:\/\/www.bocholterinhalationen.de\/inhalationen\/#organization","name":"Bocholter Inhalationen","url":"https:\/\/www.bocholterinhalationen.de\/inhalationen\/","logo":{"@type":"ImageObject","inLanguage":"de","@id":"https:\/\/www.bocholterinhalationen.de\/inhalationen\/#\/schema\/logo\/image\/","url":"https:\/\/www.bocholterinhalationen.de\/inhalationen\/wp-content\/uploads\/2024\/06\/cropped-Bocholter_Inhalationen_Logo_512x512px.jpg","contentUrl":"https:\/\/www.bocholterinhalationen.de\/inhalationen\/wp-content\/uploads\/2024\/06\/cropped-Bocholter_Inhalationen_Logo_512x512px.jpg","width":1067,"height":1067,"caption":"Bocholter Inhalationen"},"image":{"@id":"https:\/\/www.bocholterinhalationen.de\/inhalationen\/#\/schema\/logo\/image\/"},"sameAs":["https:\/\/www.facebook.com\/bocholter.inhalationen\/","https:\/\/www.instagram.com\/bocholter_inhalationen\/"]}]}},"_links":{"self":[{"href":"https:\/\/www.bocholterinhalationen.de\/inhalationen\/wp-json\/wp\/v2\/pages\/14","targetHints":{"allow":["GET"]}}],"collection":[{"href":"https:\/\/www.bocholterinhalationen.de\/inhalationen\/wp-json\/wp\/v2\/pages"}],"about":[{"href":"https:\/\/www.bocholterinhalationen.de\/inhalationen\/wp-json\/wp\/v2\/types\/page"}],"author":[{"embeddable":true,"href":"https:\/\/www.bocholterinhalationen.de\/inhalationen\/wp-json\/wp\/v2\/users\/1"}],"replies":[{"embeddable":true,"href":"https:\/\/www.bocholterinhalationen.de\/inhalationen\/wp-json\/wp\/v2\/comments?post=14"}],"version-history":[{"count":4,"href":"https:\/\/www.bocholterinhalationen.de\/inhalationen\/wp-json\/wp\/v2\/pages\/14\/revisions"}],"predecessor-version":[{"id":176,"href":"https:\/\/www.bocholterinhalationen.de\/inhalationen\/wp-json\/wp\/v2\/pages\/14\/revisions\/176"}],"wp:featuredmedia":[{"embeddable":true,"href":"https:\/\/www.bocholterinhalationen.de\/inhalationen\/wp-json\/wp\/v2\/media\/110"}],"wp:attachment":[{"href":"https:\/\/www.bocholterinhalationen.de\/inhalationen\/wp-json\/wp\/v2\/media?parent=14"}],"curies":[{"name":"wp","href":"https:\/\/api.w.org\/{rel}","templated":true}]}}