{"id":12,"date":"2024-04-16T09:54:55","date_gmt":"2024-04-16T07:54:55","guid":{"rendered":"http:\/\/511084034.swh.strato-hosting.eu\/inhalationen\/?page_id=12"},"modified":"2024-06-10T08:56:36","modified_gmt":"2024-06-10T06:56:36","slug":"sole-wellness","status":"publish","type":"page","link":"https:\/\/www.bocholterinhalationen.de\/inhalationen\/sole-wellness\/","title":{"rendered":"Sole-Wellness"},"content":{"rendered":"\n<h3 class=\"wp-block-heading\"><strong>Salzhaltige Seeluft direkt bei Ihnen vor Ort<\/strong><\/h3>\n\n\n\n<figure class=\"wp-block-image size-large\"><img loading=\"lazy\" decoding=\"async\" width=\"1024\" height=\"373\" src=\"http:\/\/511084034.swh.strato-hosting.eu\/inhalationen\/wp-content\/uploads\/2024\/06\/Bocholter_Inhalationen_Sole_Vernebelung_1920x700px-1024x373.jpg\" alt=\"\" class=\"wp-image-106\" srcset=\"https:\/\/www.bocholterinhalationen.de\/inhalationen\/wp-content\/uploads\/2024\/06\/Bocholter_Inhalationen_Sole_Vernebelung_1920x700px-1024x373.jpg 1024w, https:\/\/www.bocholterinhalationen.de\/inhalationen\/wp-content\/uploads\/2024\/06\/Bocholter_Inhalationen_Sole_Vernebelung_1920x700px-300x109.jpg 300w, https:\/\/www.bocholterinhalationen.de\/inhalationen\/wp-content\/uploads\/2024\/06\/Bocholter_Inhalationen_Sole_Vernebelung_1920x700px-768x280.jpg 768w, https:\/\/www.bocholterinhalationen.de\/inhalationen\/wp-content\/uploads\/2024\/06\/Bocholter_Inhalationen_Sole_Vernebelung_1920x700px-1536x560.jpg 1536w, https:\/\/www.bocholterinhalationen.de\/inhalationen\/wp-content\/uploads\/2024\/06\/Bocholter_Inhalationen_Sole_Vernebelung_1920x700px-2048x747.jpg 2048w, https:\/\/www.bocholterinhalationen.de\/inhalationen\/wp-content\/uploads\/2024\/06\/Bocholter_Inhalationen_Sole_Vernebelung_1920x700px-165x60.jpg 165w, https:\/\/www.bocholterinhalationen.de\/inhalationen\/wp-content\/uploads\/2024\/06\/Bocholter_Inhalationen_Sole_Vernebelung_1920x700px-1920x700.jpg 1920w\" sizes=\"auto, (max-width: 1024px) 100vw, 1024px\" \/><\/figure>\n\n\n\n<p>Mit unseren Soleverneblern k\u00f6nnen Sie sich die Seeluft in Ihren Stall holen. Schaffen Sie ein optimales Klima, um die Atemwege und die Haut Ihrer Pferde zu unterst\u00fctzen und die Gesundheit zu f\u00f6rdern. Durch die innovative Technologie wird f\u00fcr eine kontinuierliche Verbreitung von nat\u00fcrlicher Sole-Luft gesorgt, die einen positiven Einfluss auf das Wohlbefinden, die Gesundheit und die Leistungsf\u00e4higkeit Ihrer Tiere hat.<\/p>\n\n\n\n<blockquote class=\"wp-block-quote is-layout-flow wp-block-quote-is-layout-flow\">\n<p><em>\u201cSCHONEND UND DOPINGFREI\u201d<\/em><\/p>\n<\/blockquote>\n\n\n\n<div class=\"wp-block-media-text is-stacked-on-mobile\" style=\"grid-template-columns:30% auto\"><figure class=\"wp-block-media-text__media\"><img loading=\"lazy\" decoding=\"async\" width=\"768\" height=\"1024\" src=\"http:\/\/511084034.swh.strato-hosting.eu\/inhalationen\/wp-content\/uploads\/2024\/06\/Bocholter_Inhalationen_Sole-Verneblung_600x800px-768x1024.jpg\" alt=\"\" class=\"wp-image-107 size-full\" srcset=\"https:\/\/www.bocholterinhalationen.de\/inhalationen\/wp-content\/uploads\/2024\/06\/Bocholter_Inhalationen_Sole-Verneblung_600x800px-768x1024.jpg 768w, https:\/\/www.bocholterinhalationen.de\/inhalationen\/wp-content\/uploads\/2024\/06\/Bocholter_Inhalationen_Sole-Verneblung_600x800px-225x300.jpg 225w, https:\/\/www.bocholterinhalationen.de\/inhalationen\/wp-content\/uploads\/2024\/06\/Bocholter_Inhalationen_Sole-Verneblung_600x800px-1152x1536.jpg 1152w, https:\/\/www.bocholterinhalationen.de\/inhalationen\/wp-content\/uploads\/2024\/06\/Bocholter_Inhalationen_Sole-Verneblung_600x800px-45x60.jpg 45w, https:\/\/www.bocholterinhalationen.de\/inhalationen\/wp-content\/uploads\/2024\/06\/Bocholter_Inhalationen_Sole-Verneblung_600x800px.jpg 1250w\" sizes=\"auto, (max-width: 768px) 100vw, 768px\" \/><\/figure><div class=\"wp-block-media-text__content\">\n<p><strong>Anwendungsbereiche der Solevernebelung:<\/strong><\/p>\n\n\n\n<ul class=\"wp-block-list\">\n<li>Verbesserung des Wohlbefindens<\/li>\n\n\n\n<li>L\u00f6sen von festsitzendem Schleim<\/li>\n\n\n\n<li>Unterst\u00fctzung der Atemwege<\/li>\n\n\n\n<li>Verbesserung des Hautbildes<\/li>\n<\/ul>\n<\/div><\/div>\n\n\n\n<div class=\"wp-block-columns is-layout-flex wp-container-core-columns-is-layout-9d6595d7 wp-block-columns-is-layout-flex\">\n<div class=\"wp-block-column is-layout-flow wp-block-column-is-layout-flow\">\n<div class=\"wp-block-buttons is-layout-flex wp-block-buttons-is-layout-flex\">\n<div class=\"wp-block-button has-custom-font-size has-small-font-size\"><a class=\"wp-block-button__link has-white-color has-text-color has-background has-link-color wp-element-button\" href=\"http:\/\/511084034.swh.strato-hosting.eu\/inhalationen\/sole-vernebler\/\" style=\"background-color:#1c1850\" target=\"_blank\" rel=\"noreferrer noopener\">Sole-Vernebler entdecken<\/a><\/div>\n<\/div>\n<\/div>\n\n\n\n<div class=\"wp-block-column is-layout-flow wp-block-column-is-layout-flow\">\n<div class=\"wp-block-buttons is-layout-flex wp-block-buttons-is-layout-flex\">\n<div class=\"wp-block-button has-custom-font-size has-small-font-size\"><a class=\"wp-block-button__link has-white-color has-text-color has-background has-link-color wp-element-button\" href=\"http:\/\/511084034.swh.strato-hosting.eu\/inhalationen\/verleih-sole-mobile\/\" style=\"background-color:#1c1850\" target=\"_blank\" rel=\"noreferrer noopener\">Sole-Mobil mieten<\/a><\/div>\n<\/div>\n<\/div>\n<\/div>\n","protected":false},"excerpt":{"rendered":"<p>Salzhaltige Seeluft direkt bei Ihnen vor Ort Mit unseren Soleverneblern k\u00f6nnen Sie sich die Seeluft in Ihren Stall holen. Schaffen Sie ein optimales Klima, um die Atemwege und die Haut &hellip; <\/p>\n","protected":false},"author":1,"featured_media":106,"parent":0,"menu_order":0,"comment_status":"closed","ping_status":"closed","template":"","meta":{"footnotes":""},"class_list":["post-12","page","type-page","status-publish","has-post-thumbnail","hentry"],"yoast_head":"<!-- This site is optimized with the Yoast SEO plugin v23.9 - https:\/\/yoast.com\/wordpress\/plugins\/seo\/ -->\n<title>Sole-Wellness - Bocholter Inhalationen<\/title>\n<meta name=\"robots\" content=\"index, follow, max-snippet:-1, max-image-preview:large, max-video-preview:-1\" \/>\n<link rel=\"canonical\" href=\"https:\/\/www.bocholterinhalationen.de\/inhalationen\/sole-wellness\/\" \/>\n<meta property=\"og:locale\" content=\"de_DE\" \/>\n<meta property=\"og:type\" content=\"article\" \/>\n<meta property=\"og:title\" content=\"Sole-Wellness - Bocholter Inhalationen\" \/>\n<meta property=\"og:description\" content=\"Salzhaltige Seeluft direkt bei Ihnen vor Ort Mit unseren Soleverneblern k\u00f6nnen Sie sich die Seeluft in Ihren Stall holen. Schaffen Sie ein optimales Klima, um die Atemwege und die Haut &hellip;\" \/>\n<meta property=\"og:url\" content=\"https:\/\/www.bocholterinhalationen.de\/inhalationen\/sole-wellness\/\" \/>\n<meta property=\"og:site_name\" content=\"Bocholter Inhalationen\" \/>\n<meta property=\"article:publisher\" content=\"https:\/\/www.facebook.com\/bocholter.inhalationen\/\" \/>\n<meta property=\"article:modified_time\" content=\"2024-06-10T06:56:36+00:00\" \/>\n<meta property=\"og:image\" content=\"https:\/\/www.bocholterinhalationen.de\/inhalationen\/wp-content\/uploads\/2024\/06\/Bocholter_Inhalationen_Sole_Vernebelung_1920x700px-scaled.jpg\" \/>\n\t<meta property=\"og:image:width\" content=\"2560\" \/>\n\t<meta property=\"og:image:height\" content=\"934\" \/>\n\t<meta property=\"og:image:type\" content=\"image\/jpeg\" \/>\n<meta name=\"twitter:card\" content=\"summary_large_image\" \/>\n<script type=\"application\/ld+json\" class=\"yoast-schema-graph\">{\"@context\":\"https:\/\/schema.org\",\"@graph\":[{\"@type\":\"WebPage\",\"@id\":\"https:\/\/www.bocholterinhalationen.de\/inhalationen\/sole-wellness\/\",\"url\":\"https:\/\/www.bocholterinhalationen.de\/inhalationen\/sole-wellness\/\",\"name\":\"Sole-Wellness - Bocholter Inhalationen\",\"isPartOf\":{\"@id\":\"https:\/\/www.bocholterinhalationen.de\/inhalationen\/#website\"},\"primaryImageOfPage\":{\"@id\":\"https:\/\/www.bocholterinhalationen.de\/inhalationen\/sole-wellness\/#primaryimage\"},\"image\":{\"@id\":\"https:\/\/www.bocholterinhalationen.de\/inhalationen\/sole-wellness\/#primaryimage\"},\"thumbnailUrl\":\"https:\/\/www.bocholterinhalationen.de\/inhalationen\/wp-content\/uploads\/2024\/06\/Bocholter_Inhalationen_Sole_Vernebelung_1920x700px-scaled.jpg\",\"datePublished\":\"2024-04-16T07:54:55+00:00\",\"dateModified\":\"2024-06-10T06:56:36+00:00\",\"breadcrumb\":{\"@id\":\"https:\/\/www.bocholterinhalationen.de\/inhalationen\/sole-wellness\/#breadcrumb\"},\"inLanguage\":\"de\",\"potentialAction\":[{\"@type\":\"ReadAction\",\"target\":[\"https:\/\/www.bocholterinhalationen.de\/inhalationen\/sole-wellness\/\"]}]},{\"@type\":\"ImageObject\",\"inLanguage\":\"de\",\"@id\":\"https:\/\/www.bocholterinhalationen.de\/inhalationen\/sole-wellness\/#primaryimage\",\"url\":\"https:\/\/www.bocholterinhalationen.de\/inhalationen\/wp-content\/uploads\/2024\/06\/Bocholter_Inhalationen_Sole_Vernebelung_1920x700px-scaled.jpg\",\"contentUrl\":\"https:\/\/www.bocholterinhalationen.de\/inhalationen\/wp-content\/uploads\/2024\/06\/Bocholter_Inhalationen_Sole_Vernebelung_1920x700px-scaled.jpg\",\"width\":2560,\"height\":934},{\"@type\":\"BreadcrumbList\",\"@id\":\"https:\/\/www.bocholterinhalationen.de\/inhalationen\/sole-wellness\/#breadcrumb\",\"itemListElement\":[{\"@type\":\"ListItem\",\"position\":1,\"name\":\"Startseite\",\"item\":\"https:\/\/www.bocholterinhalationen.de\/inhalationen\/\"},{\"@type\":\"ListItem\",\"position\":2,\"name\":\"Sole-Wellness\"}]},{\"@type\":\"WebSite\",\"@id\":\"https:\/\/www.bocholterinhalationen.de\/inhalationen\/#website\",\"url\":\"https:\/\/www.bocholterinhalationen.de\/inhalationen\/\",\"name\":\"Bocholter Inhalationen\",\"description\":\"Mike L\u00fctfrink\",\"publisher\":{\"@id\":\"https:\/\/www.bocholterinhalationen.de\/inhalationen\/#organization\"},\"potentialAction\":[{\"@type\":\"SearchAction\",\"target\":{\"@type\":\"EntryPoint\",\"urlTemplate\":\"https:\/\/www.bocholterinhalationen.de\/inhalationen\/?s={search_term_string}\"},\"query-input\":{\"@type\":\"PropertyValueSpecification\",\"valueRequired\":true,\"valueName\":\"search_term_string\"}}],\"inLanguage\":\"de\"},{\"@type\":\"Organization\",\"@id\":\"https:\/\/www.bocholterinhalationen.de\/inhalationen\/#organization\",\"name\":\"Bocholter Inhalationen\",\"url\":\"https:\/\/www.bocholterinhalationen.de\/inhalationen\/\",\"logo\":{\"@type\":\"ImageObject\",\"inLanguage\":\"de\",\"@id\":\"https:\/\/www.bocholterinhalationen.de\/inhalationen\/#\/schema\/logo\/image\/\",\"url\":\"https:\/\/www.bocholterinhalationen.de\/inhalationen\/wp-content\/uploads\/2024\/06\/cropped-Bocholter_Inhalationen_Logo_512x512px.jpg\",\"contentUrl\":\"https:\/\/www.bocholterinhalationen.de\/inhalationen\/wp-content\/uploads\/2024\/06\/cropped-Bocholter_Inhalationen_Logo_512x512px.jpg\",\"width\":1067,\"height\":1067,\"caption\":\"Bocholter Inhalationen\"},\"image\":{\"@id\":\"https:\/\/www.bocholterinhalationen.de\/inhalationen\/#\/schema\/logo\/image\/\"},\"sameAs\":[\"https:\/\/www.facebook.com\/bocholter.inhalationen\/\",\"https:\/\/www.instagram.com\/bocholter_inhalationen\/\"]}]}<\/script>\n<!-- \/ Yoast SEO plugin. -->","yoast_head_json":{"title":"Sole-Wellness - Bocholter Inhalationen","robots":{"index":"index","follow":"follow","max-snippet":"max-snippet:-1","max-image-preview":"max-image-preview:large","max-video-preview":"max-video-preview:-1"},"canonical":"https:\/\/www.bocholterinhalationen.de\/inhalationen\/sole-wellness\/","og_locale":"de_DE","og_type":"article","og_title":"Sole-Wellness - Bocholter Inhalationen","og_description":"Salzhaltige Seeluft direkt bei Ihnen vor Ort Mit unseren Soleverneblern k\u00f6nnen Sie sich die Seeluft in Ihren Stall holen. Schaffen Sie ein optimales Klima, um die Atemwege und die Haut &hellip;","og_url":"https:\/\/www.bocholterinhalationen.de\/inhalationen\/sole-wellness\/","og_site_name":"Bocholter Inhalationen","article_publisher":"https:\/\/www.facebook.com\/bocholter.inhalationen\/","article_modified_time":"2024-06-10T06:56:36+00:00","og_image":[{"width":2560,"height":934,"url":"https:\/\/www.bocholterinhalationen.de\/inhalationen\/wp-content\/uploads\/2024\/06\/Bocholter_Inhalationen_Sole_Vernebelung_1920x700px-scaled.jpg","type":"image\/jpeg"}],"twitter_card":"summary_large_image","schema":{"@context":"https:\/\/schema.org","@graph":[{"@type":"WebPage","@id":"https:\/\/www.bocholterinhalationen.de\/inhalationen\/sole-wellness\/","url":"https:\/\/www.bocholterinhalationen.de\/inhalationen\/sole-wellness\/","name":"Sole-Wellness - Bocholter Inhalationen","isPartOf":{"@id":"https:\/\/www.bocholterinhalationen.de\/inhalationen\/#website"},"primaryImageOfPage":{"@id":"https:\/\/www.bocholterinhalationen.de\/inhalationen\/sole-wellness\/#primaryimage"},"image":{"@id":"https:\/\/www.bocholterinhalationen.de\/inhalationen\/sole-wellness\/#primaryimage"},"thumbnailUrl":"https:\/\/www.bocholterinhalationen.de\/inhalationen\/wp-content\/uploads\/2024\/06\/Bocholter_Inhalationen_Sole_Vernebelung_1920x700px-scaled.jpg","datePublished":"2024-04-16T07:54:55+00:00","dateModified":"2024-06-10T06:56:36+00:00","breadcrumb":{"@id":"https:\/\/www.bocholterinhalationen.de\/inhalationen\/sole-wellness\/#breadcrumb"},"inLanguage":"de","potentialAction":[{"@type":"ReadAction","target":["https:\/\/www.bocholterinhalationen.de\/inhalationen\/sole-wellness\/"]}]},{"@type":"ImageObject","inLanguage":"de","@id":"https:\/\/www.bocholterinhalationen.de\/inhalationen\/sole-wellness\/#primaryimage","url":"https:\/\/www.bocholterinhalationen.de\/inhalationen\/wp-content\/uploads\/2024\/06\/Bocholter_Inhalationen_Sole_Vernebelung_1920x700px-scaled.jpg","contentUrl":"https:\/\/www.bocholterinhalationen.de\/inhalationen\/wp-content\/uploads\/2024\/06\/Bocholter_Inhalationen_Sole_Vernebelung_1920x700px-scaled.jpg","width":2560,"height":934},{"@type":"BreadcrumbList","@id":"https:\/\/www.bocholterinhalationen.de\/inhalationen\/sole-wellness\/#breadcrumb","itemListElement":[{"@type":"ListItem","position":1,"name":"Startseite","item":"https:\/\/www.bocholterinhalationen.de\/inhalationen\/"},{"@type":"ListItem","position":2,"name":"Sole-Wellness"}]},{"@type":"WebSite","@id":"https:\/\/www.bocholterinhalationen.de\/inhalationen\/#website","url":"https:\/\/www.bocholterinhalationen.de\/inhalationen\/","name":"Bocholter Inhalationen","description":"Mike L\u00fctfrink","publisher":{"@id":"https:\/\/www.bocholterinhalationen.de\/inhalationen\/#organization"},"potentialAction":[{"@type":"SearchAction","target":{"@type":"EntryPoint","urlTemplate":"https:\/\/www.bocholterinhalationen.de\/inhalationen\/?s={search_term_string}"},"query-input":{"@type":"PropertyValueSpecification","valueRequired":true,"valueName":"search_term_string"}}],"inLanguage":"de"},{"@type":"Organization","@id":"https:\/\/www.bocholterinhalationen.de\/inhalationen\/#organization","name":"Bocholter Inhalationen","url":"https:\/\/www.bocholterinhalationen.de\/inhalationen\/","logo":{"@type":"ImageObject","inLanguage":"de","@id":"https:\/\/www.bocholterinhalationen.de\/inhalationen\/#\/schema\/logo\/image\/","url":"https:\/\/www.bocholterinhalationen.de\/inhalationen\/wp-content\/uploads\/2024\/06\/cropped-Bocholter_Inhalationen_Logo_512x512px.jpg","contentUrl":"https:\/\/www.bocholterinhalationen.de\/inhalationen\/wp-content\/uploads\/2024\/06\/cropped-Bocholter_Inhalationen_Logo_512x512px.jpg","width":1067,"height":1067,"caption":"Bocholter Inhalationen"},"image":{"@id":"https:\/\/www.bocholterinhalationen.de\/inhalationen\/#\/schema\/logo\/image\/"},"sameAs":["https:\/\/www.facebook.com\/bocholter.inhalationen\/","https:\/\/www.instagram.com\/bocholter_inhalationen\/"]}]}},"_links":{"self":[{"href":"https:\/\/www.bocholterinhalationen.de\/inhalationen\/wp-json\/wp\/v2\/pages\/12","targetHints":{"allow":["GET"]}}],"collection":[{"href":"https:\/\/www.bocholterinhalationen.de\/inhalationen\/wp-json\/wp\/v2\/pages"}],"about":[{"href":"https:\/\/www.bocholterinhalationen.de\/inhalationen\/wp-json\/wp\/v2\/types\/page"}],"author":[{"embeddable":true,"href":"https:\/\/www.bocholterinhalationen.de\/inhalationen\/wp-json\/wp\/v2\/users\/1"}],"replies":[{"embeddable":true,"href":"https:\/\/www.bocholterinhalationen.de\/inhalationen\/wp-json\/wp\/v2\/comments?post=12"}],"version-history":[{"count":2,"href":"https:\/\/www.bocholterinhalationen.de\/inhalationen\/wp-json\/wp\/v2\/pages\/12\/revisions"}],"predecessor-version":[{"id":108,"href":"https:\/\/www.bocholterinhalationen.de\/inhalationen\/wp-json\/wp\/v2\/pages\/12\/revisions\/108"}],"wp:featuredmedia":[{"embeddable":true,"href":"https:\/\/www.bocholterinhalationen.de\/inhalationen\/wp-json\/wp\/v2\/media\/106"}],"wp:attachment":[{"href":"https:\/\/www.bocholterinhalationen.de\/inhalationen\/wp-json\/wp\/v2\/media?parent=12"}],"curies":[{"name":"wp","href":"https:\/\/api.w.org\/{rel}","templated":true}]}}